{"id":32319,"date":"2023-12-21T16:56:10","date_gmt":"2023-12-21T16:56:10","guid":{"rendered":"https:\/\/e.kosmolat.eu\/product\/dadzu-ella-matiem-100-ml\/"},"modified":"2026-04-23T11:41:45","modified_gmt":"2026-04-23T11:41:45","slug":"dadzu-ella-matiem-100-ml","status":"publish","type":"product","link":"https:\/\/e.kosmolat.eu\/lv\/product\/dadzu-ella-matiem-100-ml\/","title":{"rendered":"Dad\u017eu e\u013c\u013ca matiem, 100 ml"},"content":{"rendered":"<ul>\n<li>L\u012bdzeklis Nr. 1 pret matu izkri&scaron;anu<\/li>\n<li>Ar matu aug&scaron;anas aktivatoru<\/li>\n<li>Ar Intensiv+ kompleksu: CO2 &#8211; dad\u017eu ekstrakts, vet\u012bvera \u0113terisk\u0101 e\u013c\u013ca, m\u0101rsila \u0113terisk\u0101 e\u013c\u013ca<\/li>\n<li>Ar speci\u0101lu pipeti<\/li>\n<li>Pilns matu stiprin\u0101&scaron;anas kurss<\/li>\n<\/ul>\n<p>Di\u017edad\u017eu e\u013c\u013ca ir bag\u0101tin\u0101ta ar v\u0113rt\u012bg\u0101m biolo\u0123iski akt\u012bv\u0101m viel\u0101m, kas ir ieg\u016btas no di\u017edad\u017ea saknes a virskritiskas CO2-ekstrakcijas metodi (dab\u012bga tehnolo\u0123ija), kura \u013cauj ieg\u016bt akt\u012bvu vielu maksim\u0101lu daudzumu no augu izejviel\u0101m, piln\u012bb\u0101 saglab\u0101jot&nbsp;v\u0113rt\u012bg\u0101s \u012bpa&scaron;\u012bbas.&nbsp;<\/p>\n<p>Ieteicams:<\/p>\n<ul>\n<li>matu izkri&scaron;anas gad\u012bjum\u0101;<\/li>\n<li>matu aug&scaron;anas pa\u0101trin\u0101&scaron;anai;<\/li>\n<li>plikpaur\u012bbas gad\u012bjum\u0101;<\/li>\n<li>blaugznu, galvas \u0101das sausuma un niezes gad\u012bjum\u0101;<\/li>\n<li>v\u0101jas un boj\u0101tas matu strukt\u016bras atjauno&scaron;anai;<\/li>\n<li>nov\u0101jin\u0101tu matu, to sp\u012bduma zuduma, trausluma un matu gali\u0146u &scaron;\u0137el&scaron;an\u0101s gad\u012bjum\u0101.<\/li>\n<\/ul>\n<p><strong>Br\u012bdin\u0101jums:<\/strong> satur A vitam\u012bnu. L\u016bgums pirms lieto&scaron;anas p\u0101rdom\u0101t savu dienas devu.<\/p>\n<p><strong>Iedarb\u012bba:&nbsp;<\/strong>di\u017edad\u017ea e\u013c\u013ca &#8211; biolo\u0123iski-akt\u012bvu vielu unik\u0101ls komplekss (lip\u012bdi, ster\u012bni, \u0113terisk\u0101s un kosm\u0113tisk\u0101s e\u013c\u013cas, miner\u0101le\u013c\u013cas, vitam\u012bni, inul\u012bns) blo\u0137\u0113 fermentu iedarb\u012bbu, kas izsauc matu izkri&scaron;anu, veicina asinsapg\u0101des pastiprin\u0101&scaron;anu un matu folikulu baro&scaron;anas. Di\u017edad\u017eu e\u013c\u013cas \u0101rstniecisk\u0101s sast\u0101vda\u013cas nov\u0113r&scaron; blaugznas, uzlabo galvas \u0101das st\u0101vokli da\u017e\u0101du slim\u012bbu gad\u012bjum\u0101, atjauno v\u0101ju un boj\u0101tu matu strukt\u016bru (p\u0113c matu kr\u0101so&scaron;anas un ilgvi\u013c\u0146iem).&nbsp;<\/p>\n<p><strong>Lieto&scaron;ana:&nbsp;<\/strong>izmantojot pipeti vienm\u0113r\u012bgi uzkl\u0101t e\u013c\u013cu uz&nbsp;galvas \u0101das, arviegli iemas\u0113t matu sakn\u0113s, apsegt galvu ar polietilena cepur\u012bti un iet\u012bt dviel\u012b. P\u0113c 2-3 stund\u0101m nomazg\u0101t ar &scaron;amp\u016bnu un siltu \u016bdeni.&nbsp;<\/p>\n<p><strong>Profilaktisk\u0101 lieto&scaron;ana:<\/strong>&nbsp;proced\u016bru atk\u0101rtot 1-2 reizes ned\u0113\u013c\u0101 2 m\u0113ne&scaron;us.&nbsp;<\/p>\n<p><strong>Intens\u012bvs kurss:<\/strong>&nbsp;lietot ikdien\u0101 3 ned\u0113\u013cas. P\u0113c m\u0113ne&scaron;a atk\u0101rtot kursu.&nbsp;<\/p>\n","protected":false},"excerpt":{"rendered":"<p>L\u012bdzeklis Nr. 1 pret matu izkri&scaron;anu Ar matu aug&scaron;anas aktivatoru Ar Intensiv+ kompleksu: CO2 &#8211; dad\u017eu ekstrakts, vet\u012bvera \u0113terisk\u0101 e\u013c\u013ca, m\u0101rsila \u0113terisk\u0101 e\u013c\u013ca Ar speci\u0101lu pipeti Pilns matu stiprin\u0101&scaron;anas kurss Di\u017edad\u017eu e\u013c\u013ca ir bag\u0101tin\u0101ta ar v\u0113rt\u012bg\u0101m biolo\u0123iski akt\u012bv\u0101m viel\u0101m, kas ir ieg\u016btas no di\u017edad\u017ea saknes a virskritiskas CO2-ekstrakcijas metodi (dab\u012bga tehnolo\u0123ija), kura \u013cauj ieg\u016bt akt\u012bvu [&#8230;]\n","protected":false},"featured_media":104436,"template":"","meta":[],"product_cat":[1343],"product_tag":[],"class_list":{"0":"post-32319","1":"product","2":"type-product","3":"status-publish","4":"has-post-thumbnail","6":"product_brand-elfa_ua","7":"product_cat-citi-matu-kopsanas-produkti","9":"first","10":"outofstock","11":"taxable","12":"shipping-taxable","13":"product-type-simple"},"_links":{"self":[{"href":"https:\/\/e.kosmolat.eu\/lv\/wp-json\/wp\/v2\/product\/32319","targetHints":{"allow":["GET"]}}],"collection":[{"href":"https:\/\/e.kosmolat.eu\/lv\/wp-json\/wp\/v2\/product"}],"about":[{"href":"https:\/\/e.kosmolat.eu\/lv\/wp-json\/wp\/v2\/types\/product"}],"wp:featuredmedia":[{"embeddable":true,"href":"https:\/\/e.kosmolat.eu\/lv\/wp-json\/wp\/v2\/media\/104436"}],"wp:attachment":[{"href":"https:\/\/e.kosmolat.eu\/lv\/wp-json\/wp\/v2\/media?parent=32319"}],"wp:term":[{"taxonomy":"product_cat","embeddable":true,"href":"https:\/\/e.kosmolat.eu\/lv\/wp-json\/wp\/v2\/product_cat?post=32319"},{"taxonomy":"product_tag","embeddable":true,"href":"https:\/\/e.kosmolat.eu\/lv\/wp-json\/wp\/v2\/product_tag?post=32319"}],"curies":[{"name":"wp","href":"https:\/\/api.w.org\/{rel}","templated":true}]}}