{"id":32315,"date":"2023-12-21T16:55:47","date_gmt":"2023-12-21T16:55:47","guid":{"rendered":"https:\/\/e.kosmolat.eu\/product\/za-sampuns-divmaju-natre-normaliem-matiem-350-ml\/"},"modified":"2026-04-23T13:23:52","modified_gmt":"2026-04-23T13:23:52","slug":"gp-sampuns-normaliem-matiem-natre-un-dadzu-ella-350-ml","status":"publish","type":"product","link":"https:\/\/e.kosmolat.eu\/lv\/product\/gp-sampuns-normaliem-matiem-natre-un-dadzu-ella-350-ml\/","title":{"rendered":"GP \u0160amp\u016bns norm\u0101liem matiem N\u0101tre un dad\u017eu e\u013cla, 350 ml"},"content":{"rendered":"<p>Norm\u0101liem matiem.&nbsp;Efekt\u012bvi att\u012bra matus un galvas \u0101du, piem\u0113rots norm\u0101lo matu ikdienas kop&scaron;anai.<\/p>\n<p>N\u0101tres ekstrakts veicina matu strukt\u016bras stiprin\u0101&scaron;anu, pie&scaron;\u0137ir sp\u012bdumu. Pantenols mitrina matu stumbru.<\/p>\n<p><strong>Lieto&scaron;ana:<\/strong>&nbsp;uzkl\u0101t uz mitriem matiem, saputot, nomazg\u0101t ar \u016bdeni.&nbsp;<\/p>\n<p><strong>Piesardz\u012bbas pas\u0101kumi: <\/strong>tikai \u0101r\u012bgai lieto&scaron;anai. Iek\u013c\u016bstot ac\u012bs nomazg\u0101t ar \u016bdeni.<\/p>\n","protected":false},"excerpt":{"rendered":"<p>Norm\u0101liem matiem.&nbsp;Efekt\u012bvi att\u012bra matus un galvas \u0101du, piem\u0113rots norm\u0101lo matu ikdienas kop&scaron;anai. N\u0101tres ekstrakts veicina matu strukt\u016bras stiprin\u0101&scaron;anu, pie&scaron;\u0137ir sp\u012bdumu. Pantenols mitrina matu stumbru. Lieto&scaron;ana:&nbsp;uzkl\u0101t uz mitriem matiem, saputot, nomazg\u0101t ar \u016bdeni.&nbsp; Piesardz\u012bbas pas\u0101kumi: tikai \u0101r\u012bgai lieto&scaron;anai. Iek\u013c\u016bstot ac\u012bs nomazg\u0101t ar \u016bdeni.<\/p>\n","protected":false},"featured_media":78938,"template":"","meta":[],"product_cat":[1248],"product_tag":[],"class_list":{"0":"post-32315","1":"product","2":"type-product","3":"status-publish","4":"has-post-thumbnail","6":"product_brand-elfa_ua","7":"product_cat-sampuni","9":"first","10":"outofstock","11":"taxable","12":"shipping-taxable","13":"product-type-simple"},"_links":{"self":[{"href":"https:\/\/e.kosmolat.eu\/lv\/wp-json\/wp\/v2\/product\/32315","targetHints":{"allow":["GET"]}}],"collection":[{"href":"https:\/\/e.kosmolat.eu\/lv\/wp-json\/wp\/v2\/product"}],"about":[{"href":"https:\/\/e.kosmolat.eu\/lv\/wp-json\/wp\/v2\/types\/product"}],"wp:featuredmedia":[{"embeddable":true,"href":"https:\/\/e.kosmolat.eu\/lv\/wp-json\/wp\/v2\/media\/78938"}],"wp:attachment":[{"href":"https:\/\/e.kosmolat.eu\/lv\/wp-json\/wp\/v2\/media?parent=32315"}],"wp:term":[{"taxonomy":"product_cat","embeddable":true,"href":"https:\/\/e.kosmolat.eu\/lv\/wp-json\/wp\/v2\/product_cat?post=32315"},{"taxonomy":"product_tag","embeddable":true,"href":"https:\/\/e.kosmolat.eu\/lv\/wp-json\/wp\/v2\/product_tag?post=32315"}],"curies":[{"name":"wp","href":"https:\/\/api.w.org\/{rel}","templated":true}]}}