{"id":32311,"date":"2023-12-21T16:55:27","date_gmt":"2023-12-21T16:55:27","guid":{"rendered":"https:\/\/e.kosmolat.eu\/product\/za-kaju-krems-plaisu-sadziedejoss-300-ml\/"},"modified":"2025-09-23T09:21:40","modified_gmt":"2025-09-23T09:21:40","slug":"i_za-kaju-krems-plaisu-sadziedejoss-300-ml","status":"publish","type":"product","link":"https:\/\/e.kosmolat.eu\/lv\/product\/i_za-kaju-krems-plaisu-sadziedejoss-300-ml\/","title":{"rendered":"I_&#8221;ZA&#8221; K\u0101ju kr\u0113ms &#8220;Plaisu sadzied\u0113jo\u0161s&#8221;, 300 ml"},"content":{"rendered":"<ul>\n<li>Plaisas sadzied\u0113jo&scaron;s<\/li>\n<li>Veicina var\u017eacu likvid\u0113&scaron;anu<\/li>\n<\/ul>\n<p>Kr\u0113ms intens\u012bvi m\u012bkstina un baro p\u0113du \u0101du, piem\u012bt re\u0123ener\u0113jo&scaron;s efekts.<\/p>\n<p>Tiek rekomend\u0113ts saus\u0101s, raupj\u0101s un \u0101das ar tendenci uz plais\u0101&scaron;anu.<\/p>\n<p>Smilts\u0113rk&scaron;\u0137u ekstrakts, bag\u0101ts ar nepiecie&scaron;amiem \u0101das A un E vitam\u012bniem, intens\u012bvi baro \u0101du, viecina t\u0101s sadzied\u0113&scaron;anu, saglab\u0101 tvirtumu.&nbsp;<\/p>\n<p>Alanto\u012bns mitrina un m\u012bkstina ragsl\u0101ni. aizsarg\u0101 \u0101du pret sausumu un plais\u0101m.<\/p>\n<p><strong>Lieto&scaron;ana:&nbsp;<\/strong>uzkl\u0101t uv t\u012br\u0101s p\u0113du \u0101das (v\u0113lams uzvilkt ze\u0137es). Ieteicams lietot pirms miega.<\/p>\n","protected":false},"excerpt":{"rendered":"<p>Plaisas sadzied\u0113jo&scaron;s Veicina var\u017eacu likvid\u0113&scaron;anu Kr\u0113ms intens\u012bvi m\u012bkstina un baro p\u0113du \u0101du, piem\u012bt re\u0123ener\u0113jo&scaron;s efekts. Tiek rekomend\u0113ts saus\u0101s, raupj\u0101s un \u0101das ar tendenci uz plais\u0101&scaron;anu. Smilts\u0113rk&scaron;\u0137u ekstrakts, bag\u0101ts ar nepiecie&scaron;amiem \u0101das A un E vitam\u012bniem, intens\u012bvi baro \u0101du, viecina t\u0101s sadzied\u0113&scaron;anu, saglab\u0101 tvirtumu.&nbsp; Alanto\u012bns mitrina un m\u012bkstina ragsl\u0101ni. aizsarg\u0101 \u0101du pret sausumu un plais\u0101m. Lieto&scaron;ana:&nbsp;uzkl\u0101t [&#8230;]\n","protected":false},"featured_media":78886,"template":"","meta":[],"product_cat":[1302],"product_tag":[],"class_list":{"0":"post-32311","1":"product","2":"type-product","3":"status-publish","4":"has-post-thumbnail","6":"product_brand-elfa_ua","7":"product_cat-roku-kopsanas-kosmetika","9":"first","10":"outofstock","11":"taxable","12":"shipping-taxable","13":"product-type-simple"},"_links":{"self":[{"href":"https:\/\/e.kosmolat.eu\/lv\/wp-json\/wp\/v2\/product\/32311","targetHints":{"allow":["GET"]}}],"collection":[{"href":"https:\/\/e.kosmolat.eu\/lv\/wp-json\/wp\/v2\/product"}],"about":[{"href":"https:\/\/e.kosmolat.eu\/lv\/wp-json\/wp\/v2\/types\/product"}],"wp:featuredmedia":[{"embeddable":true,"href":"https:\/\/e.kosmolat.eu\/lv\/wp-json\/wp\/v2\/media\/78886"}],"wp:attachment":[{"href":"https:\/\/e.kosmolat.eu\/lv\/wp-json\/wp\/v2\/media?parent=32311"}],"wp:term":[{"taxonomy":"product_cat","embeddable":true,"href":"https:\/\/e.kosmolat.eu\/lv\/wp-json\/wp\/v2\/product_cat?post=32311"},{"taxonomy":"product_tag","embeddable":true,"href":"https:\/\/e.kosmolat.eu\/lv\/wp-json\/wp\/v2\/product_tag?post=32311"}],"curies":[{"name":"wp","href":"https:\/\/api.w.org\/{rel}","templated":true}]}}