{"id":32299,"date":"2023-12-21T16:54:23","date_gmt":"2023-12-21T16:54:23","guid":{"rendered":"https:\/\/e.kosmolat.eu\/product\/za-roku-un-nagu-krems-kumelite-100-ml\/"},"modified":"2026-05-08T15:29:48","modified_gmt":"2026-05-08T15:29:48","slug":"gp-roku-un-nagu-krems-kumelite-un-lins-ella-100-ml","status":"publish","type":"product","link":"https:\/\/e.kosmolat.eu\/lv\/product\/gp-roku-un-nagu-krems-kumelite-un-lins-ella-100-ml\/","title":{"rendered":"GP Roku un nagu kr\u0113ms Kumel\u012bte un lins. e\u013c\u013ca, 100 ml"},"content":{"rendered":"<p>Atjauno\u0161ana + aizsardz\u012bba<\/p>\n<p>Kumel\u012btes ektrakts, lins\u0113klu e\u013c\u013ca, pantenols, alanto\u012bns, kerat\u012bns.<\/p>\n<p>Kr\u0113ma recept\u016bra uz bi\u0161u vaska pamata veido uz \u0101das &#8220;aizsargcimdus&#8221;, kuri samazina \u0101r\u0113jas vides negat\u012bvo iedarb\u012bbu un saglab\u0101 mitrumu \u0101d\u0101.\u00a0<\/p>\n<p>Kumel\u012btes ekstraktam piem\u012bt pretiekaisuma iedarb\u012bba, tas veicina boj\u0101tas \u0101das atjauno\u0161anu.<\/p>\n<p>Lins\u0113klu e\u013c\u013ca re\u0123enener\u0113 un izgaismo \u0101du.<\/p>\n<p>Pantenols un alanto\u012bns mitrina, atjauno un m\u012bkstina \u0101du.\u00a0<\/p>\n<p>Kerat\u012bns kopj nagu pl\u0101tni, nov\u0113r\u0161 nagu l\u016b\u0161anu.<\/p>\n<h4>Lieto\u0161ana: <\/h4>\n<p>uzkl\u0101t viegl\u0101m mas\u0113jo\u0161\u0101m kust\u012bb\u0101m uz t\u012bras sausas roku \u0101das.\u00a0<\/p>\n<h4>Piesardz\u012bbas pas\u0101kumi:\u00a0<\/h4>\n<p>paaugstin\u0101ta individu\u0101l\u0101 jut\u012bba uz atsevi\u0161\u0137\u0101m sast\u0101vda\u013c\u0101m. Dermatolo\u0123iski test\u0113ts.\u00a0<\/p>\n","protected":false},"excerpt":{"rendered":"<p>Atjauno\u0161ana + aizsardz\u012bba Kumel\u012btes ektrakts, lins\u0113klu e\u013c\u013ca, pantenols, alanto\u012bns, kerat\u012bns. Kr\u0113ma recept\u016bra uz bi\u0161u vaska pamata veido uz \u0101das &#8220;aizsargcimdus&#8221;, kuri samazina \u0101r\u0113jas vides negat\u012bvo iedarb\u012bbu un saglab\u0101 mitrumu \u0101d\u0101.\u00a0 Kumel\u012btes ekstraktam piem\u012bt pretiekaisuma iedarb\u012bba, tas veicina boj\u0101tas \u0101das atjauno\u0161anu. Lins\u0113klu e\u013c\u013ca re\u0123enener\u0113 un izgaismo \u0101du. Pantenols un alanto\u012bns mitrina, atjauno un m\u012bkstina \u0101du.\u00a0 Kerat\u012bns [&#8230;]\n","protected":false},"featured_media":104392,"template":"","meta":[],"product_cat":[1305],"product_tag":[],"class_list":{"0":"post-32299","1":"product","2":"type-product","3":"status-publish","4":"has-post-thumbnail","6":"product_brand-elfa_ua","7":"product_cat-1305","9":"first","10":"instock","11":"taxable","12":"shipping-taxable","13":"product-type-simple"},"_links":{"self":[{"href":"https:\/\/e.kosmolat.eu\/lv\/wp-json\/wp\/v2\/product\/32299","targetHints":{"allow":["GET"]}}],"collection":[{"href":"https:\/\/e.kosmolat.eu\/lv\/wp-json\/wp\/v2\/product"}],"about":[{"href":"https:\/\/e.kosmolat.eu\/lv\/wp-json\/wp\/v2\/types\/product"}],"wp:featuredmedia":[{"embeddable":true,"href":"https:\/\/e.kosmolat.eu\/lv\/wp-json\/wp\/v2\/media\/104392"}],"wp:attachment":[{"href":"https:\/\/e.kosmolat.eu\/lv\/wp-json\/wp\/v2\/media?parent=32299"}],"wp:term":[{"taxonomy":"product_cat","embeddable":true,"href":"https:\/\/e.kosmolat.eu\/lv\/wp-json\/wp\/v2\/product_cat?post=32299"},{"taxonomy":"product_tag","embeddable":true,"href":"https:\/\/e.kosmolat.eu\/lv\/wp-json\/wp\/v2\/product_tag?post=32299"}],"curies":[{"name":"wp","href":"https:\/\/api.w.org\/{rel}","templated":true}]}}