{"id":32295,"date":"2023-12-21T16:54:02","date_gmt":"2023-12-21T16:54:02","guid":{"rendered":"https:\/\/e.kosmolat.eu\/product\/za-sejas-skrubis-medus-kafijas-75-ml\/"},"modified":"2025-09-19T15:34:03","modified_gmt":"2025-09-19T15:34:03","slug":"i_za-sejas-skrubis-medus-kafijas-75-ml","status":"publish","type":"product","link":"https:\/\/e.kosmolat.eu\/lv\/product\/i_za-sejas-skrubis-medus-kafijas-75-ml\/","title":{"rendered":"I_&#8221;ZA&#8221; Sejas skrubis &#8220;Medus-kafijas&#8221;, 75 ml"},"content":{"rendered":"<p>Delik\u0101ti no\u0146em p\u0101rragoju\u0161\u0101s \u0101das \u0161\u016bnas ar apriko\u017eu kauli\u0146u pulveri. Nodro\u0161ina \u0101dai vieglu mas\u0101\u017eu, pie\u0161\u0137ir vienm\u0113r\u012bgu toni. <\/p>\n<p><b><br \/>\nMedus un kafijas ekstrakti<\/b> baro un m\u012bkstina \u0101du, atjauno t\u0101s tvirtumu un elast\u012bbu.\n<\/p>\n<h4>\nLieto\u0161ana: <\/h4>\n<p>Uzkl\u0101t uz t\u012bras, mitras \u0101das un mas\u0113t 2-3 min. Nomazg\u0101t ar siltu \u016bdeni. Lietot 1-2 reizes ned\u0113\u013c\u0101.\u00a0<\/p>\n","protected":false},"excerpt":{"rendered":"<p>Delik\u0101ti no\u0146em p\u0101rragoju\u0161\u0101s \u0101das \u0161\u016bnas ar apriko\u017eu kauli\u0146u pulveri. Nodro\u0161ina \u0101dai vieglu mas\u0101\u017eu, pie\u0161\u0137ir vienm\u0113r\u012bgu toni. Medus un kafijas ekstrakti baro un m\u012bkstina \u0101du, atjauno t\u0101s tvirtumu un elast\u012bbu. Lieto\u0161ana: Uzkl\u0101t uz t\u012bras, mitras \u0101das un mas\u0113t 2-3 min. Nomazg\u0101t ar siltu \u016bdeni. Lietot 1-2 reizes ned\u0113\u013c\u0101.\u00a0<\/p>\n","protected":false},"featured_media":78858,"template":"","meta":[],"product_cat":[1397],"product_tag":[],"class_list":{"0":"post-32295","1":"product","2":"type-product","3":"status-publish","4":"has-post-thumbnail","6":"product_brand-elfa_ua","7":"product_cat-1397","9":"first","10":"outofstock","11":"taxable","12":"shipping-taxable","13":"product-type-simple"},"_links":{"self":[{"href":"https:\/\/e.kosmolat.eu\/lv\/wp-json\/wp\/v2\/product\/32295","targetHints":{"allow":["GET"]}}],"collection":[{"href":"https:\/\/e.kosmolat.eu\/lv\/wp-json\/wp\/v2\/product"}],"about":[{"href":"https:\/\/e.kosmolat.eu\/lv\/wp-json\/wp\/v2\/types\/product"}],"wp:featuredmedia":[{"embeddable":true,"href":"https:\/\/e.kosmolat.eu\/lv\/wp-json\/wp\/v2\/media\/78858"}],"wp:attachment":[{"href":"https:\/\/e.kosmolat.eu\/lv\/wp-json\/wp\/v2\/media?parent=32295"}],"wp:term":[{"taxonomy":"product_cat","embeddable":true,"href":"https:\/\/e.kosmolat.eu\/lv\/wp-json\/wp\/v2\/product_cat?post=32295"},{"taxonomy":"product_tag","embeddable":true,"href":"https:\/\/e.kosmolat.eu\/lv\/wp-json\/wp\/v2\/product_tag?post=32295"}],"curies":[{"name":"wp","href":"https:\/\/api.w.org\/{rel}","templated":true}]}}