{"id":32291,"date":"2023-12-21T16:53:43","date_gmt":"2023-12-21T16:53:43","guid":{"rendered":"https:\/\/e.kosmolat.eu\/product\/za-maigas-intimas-ziepes-tejas-koks-antibakterialas-370-ml\/"},"modified":"2026-04-22T09:56:17","modified_gmt":"2026-04-22T09:56:17","slug":"gp-maiga-zel-intimai-hig-tejas-koks-370-ml","status":"publish","type":"product","link":"https:\/\/e.kosmolat.eu\/lv\/product\/gp-maiga-zel-intimai-hig-tejas-koks-370-ml\/","title":{"rendered":"GP Maiga \u017eel. int\u012bmai hig.T\u0113jas koks, 370 ml"},"content":{"rendered":"<p>Piem\u0113rota int\u012bmo zonu g\u013cot\u0101das saudz\u012bgai att\u012br\u012b\u0161anai, veicina norm\u0101l\u0101s mikrofloras saglab\u0101\u0161anu. Sast\u0101vs ir izstr\u0101d\u0101ts, \u0146emot v\u0113r\u0101 int\u012bmo zonu fiziolo\u0123isk\u0101s \u012bpatn\u012bbas. L\u012bdzeklis nesausina \u0101du, nodro\u0161ina ilgsto\u0161u komforta, svaiguma un t\u012br\u012bbas saj\u016btu. T\u0113jas koka \u0113terisk\u0101 e\u013c\u013ca aizsarg\u0101 \u0101du un nodro\u0161ina antibakteri\u0101lo iedarb\u012bbu. Pantenols un alanto\u012bns m\u012bkstina un mitrina \u0101du. Dermatolo\u0123iski p\u0101rbaud\u012bts.<\/p>\n<p>Lieto\u0161ana: uzkl\u0101t uz int\u012bmaj\u0101m \u0137erme\u0146a zon\u0101m, noskalot ar \u016bdeni.<\/p>\n<p>Piesardz\u012bbas pas\u0101kumi: iesp\u0113jama paaugstin\u0101ta jut\u012bba pret atsevi\u0161\u0137\u0101m sast\u0101vda\u013c\u0101m.<\/p>\n<p>Uzglab\u0101\u0161anas temperat\u016bra: no +5\u202f\u00b0C l\u012bdz +25\u202f\u00b0C.<\/p>\n<p>Der\u012bguma termi\u0146\u0161: 30 m\u0113ne\u0161i no izgatavo\u0161anas datuma.<\/p>\n","protected":false},"excerpt":{"rendered":"<p>Piem\u0113rota int\u012bmo zonu g\u013cot\u0101das saudz\u012bgai att\u012br\u012b\u0161anai, veicina norm\u0101l\u0101s mikrofloras saglab\u0101\u0161anu. Sast\u0101vs ir izstr\u0101d\u0101ts, \u0146emot v\u0113r\u0101 int\u012bmo zonu fiziolo\u0123isk\u0101s \u012bpatn\u012bbas. L\u012bdzeklis nesausina \u0101du, nodro\u0161ina ilgsto\u0161u komforta, svaiguma un t\u012br\u012bbas saj\u016btu. T\u0113jas koka \u0113terisk\u0101 e\u013c\u013ca aizsarg\u0101 \u0101du un nodro\u0161ina antibakteri\u0101lo iedarb\u012bbu. Pantenols un alanto\u012bns m\u012bkstina un mitrina \u0101du. Dermatolo\u0123iski p\u0101rbaud\u012bts. Lieto\u0161ana: uzkl\u0101t uz int\u012bmaj\u0101m \u0137erme\u0146a zon\u0101m, noskalot [&#8230;]\n","protected":false},"featured_media":78910,"template":"","meta":[],"product_cat":[1999],"product_tag":[],"class_list":{"0":"post-32291","1":"product","2":"type-product","3":"status-publish","4":"has-post-thumbnail","6":"product_brand-elfa_ua","7":"product_cat-bez-kategorijas","9":"first","10":"instock","11":"taxable","12":"shipping-taxable","13":"product-type-simple"},"_links":{"self":[{"href":"https:\/\/e.kosmolat.eu\/lv\/wp-json\/wp\/v2\/product\/32291","targetHints":{"allow":["GET"]}}],"collection":[{"href":"https:\/\/e.kosmolat.eu\/lv\/wp-json\/wp\/v2\/product"}],"about":[{"href":"https:\/\/e.kosmolat.eu\/lv\/wp-json\/wp\/v2\/types\/product"}],"wp:featuredmedia":[{"embeddable":true,"href":"https:\/\/e.kosmolat.eu\/lv\/wp-json\/wp\/v2\/media\/78910"}],"wp:attachment":[{"href":"https:\/\/e.kosmolat.eu\/lv\/wp-json\/wp\/v2\/media?parent=32291"}],"wp:term":[{"taxonomy":"product_cat","embeddable":true,"href":"https:\/\/e.kosmolat.eu\/lv\/wp-json\/wp\/v2\/product_cat?post=32291"},{"taxonomy":"product_tag","embeddable":true,"href":"https:\/\/e.kosmolat.eu\/lv\/wp-json\/wp\/v2\/product_tag?post=32291"}],"curies":[{"name":"wp","href":"https:\/\/api.w.org\/{rel}","templated":true}]}}