{"id":32287,"date":"2023-12-21T16:53:20","date_gmt":"2023-12-21T16:53:20","guid":{"rendered":"https:\/\/e.kosmolat.eu\/product\/za-maigs-mazg-gels-salvija-adai-ar-tendenci-uz-izsitumu-veidosanos-270-ml\/"},"modified":"2026-04-21T09:36:23","modified_gmt":"2026-04-21T09:36:23","slug":"gp-maiga-sejaz-mazg-zeleja-salvija-un-vinogu-ella-270-ml","status":"publish","type":"product","link":"https:\/\/e.kosmolat.eu\/lv\/product\/gp-maiga-sejaz-mazg-zeleja-salvija-un-vinogu-ella-270-ml\/","title":{"rendered":"GP Maig\u0101 sejaz mazg. \u017eeleja Salvija un v\u012bnogu e\u013c\u013ca, 270 ml"},"content":{"rendered":"<ul>\n<li>\u0100dai ar tendenci uz izsitumiem<\/li>\n<li>0% parab\u0113nu, kr\u0101svielu<\/li>\n<\/ul>\n<p>Nodro\u0161ina saudz\u012bgu sejas un kakla \u0101das ikdienas att\u012br\u012b\u0161anu p\u0101rm\u0113r\u012bgi nesausinot un nesavelkot to. \u017delejas bezziepju b\u0101ze netraum\u0113 dab\u012bgu aizsargbarjeru. Dermatolo\u0123iski test\u0113ts. Nesatur parab\u0113nus un kr\u0101svielas.\u00a0<\/p>\n<p><b>Salvijas ekstrakts<\/b> sniedz pretieksaisuma iedarb\u012bbu. Kvie\u0161u prote\u012bni veicina \u0101das dabisko aizsargfunkciju atjauno\u0161anu. D-pantenols un alanto\u012bns nomieirna \u0101du, m\u012bkstina to.\u00a0<\/p>\n<h4>Lieto\u0161ana:<\/h4>\n<p>uzkl\u0101t uz mitr\u0101s \u0101das, nomazg\u0101t ar \u016bdeni.\u00a0<\/p>\n","protected":false},"excerpt":{"rendered":"<p>\u0100dai ar tendenci uz izsitumiem 0% parab\u0113nu, kr\u0101svielu Nodro\u0161ina saudz\u012bgu sejas un kakla \u0101das ikdienas att\u012br\u012b\u0161anu p\u0101rm\u0113r\u012bgi nesausinot un nesavelkot to. \u017delejas bezziepju b\u0101ze netraum\u0113 dab\u012bgu aizsargbarjeru. Dermatolo\u0123iski test\u0113ts. Nesatur parab\u0113nus un kr\u0101svielas.\u00a0 Salvijas ekstrakts sniedz pretieksaisuma iedarb\u012bbu. Kvie\u0161u prote\u012bni veicina \u0101das dabisko aizsargfunkciju atjauno\u0161anu. D-pantenols un alanto\u012bns nomieirna \u0101du, m\u012bkstina to.\u00a0 Lieto\u0161ana: uzkl\u0101t uz [&#8230;]\n","protected":false},"featured_media":104408,"template":"","meta":[],"product_cat":[2181],"product_tag":[],"class_list":{"0":"post-32287","1":"product","2":"type-product","3":"status-publish","4":"has-post-thumbnail","6":"product_brand-elfa_ua","7":"product_cat-bez-kategorijas-lt","9":"first","10":"instock","11":"taxable","12":"shipping-taxable","13":"product-type-simple"},"_links":{"self":[{"href":"https:\/\/e.kosmolat.eu\/lv\/wp-json\/wp\/v2\/product\/32287","targetHints":{"allow":["GET"]}}],"collection":[{"href":"https:\/\/e.kosmolat.eu\/lv\/wp-json\/wp\/v2\/product"}],"about":[{"href":"https:\/\/e.kosmolat.eu\/lv\/wp-json\/wp\/v2\/types\/product"}],"wp:featuredmedia":[{"embeddable":true,"href":"https:\/\/e.kosmolat.eu\/lv\/wp-json\/wp\/v2\/media\/104408"}],"wp:attachment":[{"href":"https:\/\/e.kosmolat.eu\/lv\/wp-json\/wp\/v2\/media?parent=32287"}],"wp:term":[{"taxonomy":"product_cat","embeddable":true,"href":"https:\/\/e.kosmolat.eu\/lv\/wp-json\/wp\/v2\/product_cat?post=32287"},{"taxonomy":"product_tag","embeddable":true,"href":"https:\/\/e.kosmolat.eu\/lv\/wp-json\/wp\/v2\/product_tag?post=32287"}],"curies":[{"name":"wp","href":"https:\/\/api.w.org\/{rel}","templated":true}]}}