{"id":32283,"date":"2023-12-21T16:53:01","date_gmt":"2023-12-21T16:53:01","guid":{"rendered":"https:\/\/e.kosmolat.eu\/product\/za-putas-mazgasanai-atsvaidzinosas-150-ml\/"},"modified":"2026-04-23T09:22:34","modified_gmt":"2026-04-23T09:22:34","slug":"gp-atsvaidz-sej-mazg-putas-jutigai-adai-150-ml","status":"publish","type":"product","link":"https:\/\/e.kosmolat.eu\/lv\/product\/gp-atsvaidz-sej-mazg-putas-jutigai-adai-150-ml\/","title":{"rendered":"GP Atsvaidz. sej. mazg. putas jut\u012bgai \u0101dai, 150 ml"},"content":{"rendered":"<p>No\u0146em sasprindzin\u0101jumu un nogurumu, atgrie\u017e \u0101dai t\u012br\u012bbu un svaigumu. Putas nesausina un nesavelk \u0101du. Sagatavo t\u0101l\u0101kai kop&scaron;anai. Piena prote\u012bni un lotosa ekstrakts patur mitrumu \u0101d\u0101, nomierina un m\u012bksina. Notur \u0101d\u0101 mitrumu, m\u012bkstina, pasarg\u0101 aizsargbarjeru un veicina \u0101das &scaron;\u016bnu atjauno&scaron;anos. Neitraliz\u0113 negat\u012bvo hlor\u016bdens un cieta \u016bdens iedarb\u012bbu.<\/p>\n<p><strong>Lieto&scaron;ana:&nbsp;<\/strong>uzkl\u0101t uz mitras \u0101das un noskalot ar \u016bdeni.&nbsp;<\/p>\n","protected":false},"excerpt":{"rendered":"<p>No\u0146em sasprindzin\u0101jumu un nogurumu, atgrie\u017e \u0101dai t\u012br\u012bbu un svaigumu. Putas nesausina un nesavelk \u0101du. Sagatavo t\u0101l\u0101kai kop&scaron;anai. Piena prote\u012bni un lotosa ekstrakts patur mitrumu \u0101d\u0101, nomierina un m\u012bksina. Notur \u0101d\u0101 mitrumu, m\u012bkstina, pasarg\u0101 aizsargbarjeru un veicina \u0101das &scaron;\u016bnu atjauno&scaron;anos. Neitraliz\u0113 negat\u012bvo hlor\u016bdens un cieta \u016bdens iedarb\u012bbu. Lieto&scaron;ana:&nbsp;uzkl\u0101t uz mitras \u0101das un noskalot ar \u016bdeni.&nbsp;<\/p>\n","protected":false},"featured_media":78894,"template":"","meta":[],"product_cat":[2182],"product_tag":[],"class_list":{"0":"post-32283","1":"product","2":"type-product","3":"status-publish","4":"has-post-thumbnail","6":"product_brand-elfa_ua","7":"product_cat-bez-kategorijas-ru","9":"first","10":"instock","11":"taxable","12":"shipping-taxable","13":"product-type-simple"},"_links":{"self":[{"href":"https:\/\/e.kosmolat.eu\/lv\/wp-json\/wp\/v2\/product\/32283","targetHints":{"allow":["GET"]}}],"collection":[{"href":"https:\/\/e.kosmolat.eu\/lv\/wp-json\/wp\/v2\/product"}],"about":[{"href":"https:\/\/e.kosmolat.eu\/lv\/wp-json\/wp\/v2\/types\/product"}],"wp:featuredmedia":[{"embeddable":true,"href":"https:\/\/e.kosmolat.eu\/lv\/wp-json\/wp\/v2\/media\/78894"}],"wp:attachment":[{"href":"https:\/\/e.kosmolat.eu\/lv\/wp-json\/wp\/v2\/media?parent=32283"}],"wp:term":[{"taxonomy":"product_cat","embeddable":true,"href":"https:\/\/e.kosmolat.eu\/lv\/wp-json\/wp\/v2\/product_cat?post=32283"},{"taxonomy":"product_tag","embeddable":true,"href":"https:\/\/e.kosmolat.eu\/lv\/wp-json\/wp\/v2\/product_tag?post=32283"}],"curies":[{"name":"wp","href":"https:\/\/api.w.org\/{rel}","templated":true}]}}