{"id":32279,"date":"2023-12-21T16:52:42","date_gmt":"2023-12-21T16:52:42","guid":{"rendered":"https:\/\/e.kosmolat.eu\/product\/za-putas-mazgasanai-tonizejosas-150-ml\/"},"modified":"2026-04-01T11:06:28","modified_gmt":"2026-04-01T11:06:28","slug":"gp-energ-sej-mazg-putas-tauk-un-norm-adai-150-ml","status":"publish","type":"product","link":"https:\/\/e.kosmolat.eu\/lv\/product\/gp-energ-sej-mazg-putas-tauk-un-norm-adai-150-ml\/","title":{"rendered":"GP Ener\u0123. sej. mazg. putas tauk. un norm. \u0101dai, 150 ml"},"content":{"rendered":"<ul>\n<li>Piena prote\u012bni, p\u0113ters\u012b\u013ci<\/li>\n<li>Norm\u0101lai un taukainai \u0101dai<\/li>\n<li>Toniz\u0113, atsvaidzina<\/li>\n<\/ul>\n<p>Mazg\u0101\u0161an\u0101s ar put\u0101m atgrie\u017e \u0101dai t\u012br\u012bbu un svaigumu. Putas p\u0101rm\u0113r\u012bgi nesausina un nesavelk \u0101du. Sagatavo t\u0101l\u0101kai kop\u0161anai\/\u00a0<\/p>\n<p><b>Piena prote\u012bni uz p\u0113ters\u012b\u013cu ekstrakts<\/b> aizsarg\u0101 \u0101du no mitruma zaud\u0113\u0161anas, m\u012bkstina un toniz\u0113.\u00a0<\/p>\n<h4>Lieto\u0161ana:<\/h4>\n<p>uzkl\u0101t uz mitr\u0101s \u0101das, nomazg\u0101t ar \u016bdeni;<\/p>\n","protected":false},"excerpt":{"rendered":"<p>Piena prote\u012bni, p\u0113ters\u012b\u013ci Norm\u0101lai un taukainai \u0101dai Toniz\u0113, atsvaidzina Mazg\u0101\u0161an\u0101s ar put\u0101m atgrie\u017e \u0101dai t\u012br\u012bbu un svaigumu. Putas p\u0101rm\u0113r\u012bgi nesausina un nesavelk \u0101du. Sagatavo t\u0101l\u0101kai kop\u0161anai\/\u00a0 Piena prote\u012bni uz p\u0113ters\u012b\u013cu ekstrakts aizsarg\u0101 \u0101du no mitruma zaud\u0113\u0161anas, m\u012bkstina un toniz\u0113.\u00a0 Lieto\u0161ana: uzkl\u0101t uz mitr\u0101s \u0101das, nomazg\u0101t ar \u016bdeni;<\/p>\n","protected":false},"featured_media":78890,"template":"","meta":[],"product_cat":[1833],"product_tag":[],"class_list":{"0":"post-32279","1":"product","2":"type-product","3":"status-publish","4":"has-post-thumbnail","6":"product_brand-elfa_ua","7":"product_cat-putas-sejas-mazgasanai","9":"first","10":"instock","11":"taxable","12":"shipping-taxable","13":"product-type-simple"},"_links":{"self":[{"href":"https:\/\/e.kosmolat.eu\/lv\/wp-json\/wp\/v2\/product\/32279","targetHints":{"allow":["GET"]}}],"collection":[{"href":"https:\/\/e.kosmolat.eu\/lv\/wp-json\/wp\/v2\/product"}],"about":[{"href":"https:\/\/e.kosmolat.eu\/lv\/wp-json\/wp\/v2\/types\/product"}],"wp:featuredmedia":[{"embeddable":true,"href":"https:\/\/e.kosmolat.eu\/lv\/wp-json\/wp\/v2\/media\/78890"}],"wp:attachment":[{"href":"https:\/\/e.kosmolat.eu\/lv\/wp-json\/wp\/v2\/media?parent=32279"}],"wp:term":[{"taxonomy":"product_cat","embeddable":true,"href":"https:\/\/e.kosmolat.eu\/lv\/wp-json\/wp\/v2\/product_cat?post=32279"},{"taxonomy":"product_tag","embeddable":true,"href":"https:\/\/e.kosmolat.eu\/lv\/wp-json\/wp\/v2\/product_tag?post=32279"}],"curies":[{"name":"wp","href":"https:\/\/api.w.org\/{rel}","templated":true}]}}