{"id":32275,"date":"2023-12-21T16:52:22","date_gmt":"2023-12-21T16:52:22","guid":{"rendered":"https:\/\/e.kosmolat.eu\/product\/za-sejas-krems-kviesu-digsti-200-ml\/"},"modified":"2026-05-08T21:06:22","modified_gmt":"2026-05-08T21:06:22","slug":"gp-sejas-krems-kviesu-digli-200-ml","status":"publish","type":"product","link":"https:\/\/e.kosmolat.eu\/lv\/product\/gp-sejas-krems-kviesu-digli-200-ml\/","title":{"rendered":"GP Sejas kr\u0113ms Kvie\u0161u d\u012bg\u013ci, 200 ml"},"content":{"rendered":"<p>Pret grumb\u0101m<br \/>\nVisiem \u0101das tipiem<\/p>\n<p>Kr\u0113mam ir pat\u012bkama tekst\u016bra un maigs arom\u0101ts. Tas viegli ies\u016bcas \u0101d\u0101, pies\u0101tinot to ar barojo\u0161\u0101m viel\u0101m un uzlabojot t\u0101s kr\u0101su.<\/p>\n<p>Kvie\u0161u d\u012bg\u013cu e\u013c\u013ca veicina \u0101das tvirtuma un elast\u012bbas atjauno\u0161anu. <\/p>\n<p>Satur A vitam\u012bnu. L\u016bgums pirms lieto\u0161anas p\u0101rdom\u0101t savu dienas devu.<\/p>\n<p>Lieto\u0161ana: ar viegl\u0101m mas\u0113jo\u0161\u0101m kust\u012bb\u0101m uzkl\u0101t kr\u0113mu no r\u012bta un\/vai vakar\u0101 uz t\u012bras, sausas sejas un kakla \u0101das.<\/p>\n","protected":false},"excerpt":{"rendered":"<p>Pret grumb\u0101m Visiem \u0101das tipiem Kr\u0113mam ir pat\u012bkama tekst\u016bra un maigs arom\u0101ts. Tas viegli ies\u016bcas \u0101d\u0101, pies\u0101tinot to ar barojo\u0161\u0101m viel\u0101m un uzlabojot t\u0101s kr\u0101su. Kvie\u0161u d\u012bg\u013cu e\u013c\u013ca veicina \u0101das tvirtuma un elast\u012bbas atjauno\u0161anu. Satur A vitam\u012bnu. L\u016bgums pirms lieto\u0161anas p\u0101rdom\u0101t savu dienas devu. Lieto\u0161ana: ar viegl\u0101m mas\u0113jo\u0161\u0101m kust\u012bb\u0101m uzkl\u0101t kr\u0113mu no r\u012bta un\/vai vakar\u0101 [&#8230;]\n","protected":false},"featured_media":104384,"template":"","meta":[],"product_cat":[1320],"product_tag":[],"class_list":{"0":"post-32275","1":"product","2":"type-product","3":"status-publish","4":"has-post-thumbnail","6":"product_brand-elfa_ua","7":"product_cat-sejas-kremi","9":"first","10":"instock","11":"taxable","12":"shipping-taxable","13":"product-type-simple"},"_links":{"self":[{"href":"https:\/\/e.kosmolat.eu\/lv\/wp-json\/wp\/v2\/product\/32275","targetHints":{"allow":["GET"]}}],"collection":[{"href":"https:\/\/e.kosmolat.eu\/lv\/wp-json\/wp\/v2\/product"}],"about":[{"href":"https:\/\/e.kosmolat.eu\/lv\/wp-json\/wp\/v2\/types\/product"}],"wp:featuredmedia":[{"embeddable":true,"href":"https:\/\/e.kosmolat.eu\/lv\/wp-json\/wp\/v2\/media\/104384"}],"wp:attachment":[{"href":"https:\/\/e.kosmolat.eu\/lv\/wp-json\/wp\/v2\/media?parent=32275"}],"wp:term":[{"taxonomy":"product_cat","embeddable":true,"href":"https:\/\/e.kosmolat.eu\/lv\/wp-json\/wp\/v2\/product_cat?post=32275"},{"taxonomy":"product_tag","embeddable":true,"href":"https:\/\/e.kosmolat.eu\/lv\/wp-json\/wp\/v2\/product_tag?post=32275"}],"curies":[{"name":"wp","href":"https:\/\/api.w.org\/{rel}","templated":true}]}}