{"id":32271,"date":"2023-12-21T16:52:00","date_gmt":"2023-12-21T16:52:00","guid":{"rendered":"https:\/\/e.kosmolat.eu\/product\/za-sejas-krems-kazas-piens-200-ml\/"},"modified":"2026-04-21T10:00:07","modified_gmt":"2026-04-21T10:00:07","slug":"gp-pretnovec-sejas-krems-kazas-piens-200-ml","status":"publish","type":"product","link":"https:\/\/e.kosmolat.eu\/lv\/product\/gp-pretnovec-sejas-krems-kazas-piens-200-ml\/","title":{"rendered":"GP Pretnovec. sejas kr\u0113ms Kazas Piens, 200 ml"},"content":{"rendered":"<p>Atjaunino&scaron;s.&nbsp;Uz kokosriekstu sviesta pamata + vitam\u012bnu komplekss.&nbsp;Visiem \u0101das tipiem.<\/p>\n<p>Acumirkl\u012b nov\u0113r&scaron; \u0101das savilkt\u012bbas saj\u016btu. Piem\u012bt viegla gais\u012bga tekst\u016bra. Neatst\u0101j lip\u012bguma saj\u016btas uz \u0101das. Kr\u0113ms ir bag\u0101tin\u0101ts ar kazas piena ekstraktu, kur&scaron; mitrina un veicina dab\u012bga \u0101das kolah\u0113na atjauno&scaron;anu, nodro&scaron;ina t\u0101s tvirtumu un elast\u012bbu. Kokosriekstu sviests baro un atjauno dehidr\u0113tu \u0101du. Vitam\u012bnu komplekss (pantenols, biot\u012bns, A un E vitam\u012bni, arnikas un burvju lazdas ekstrakti) sniedz antioksidantu iedarb\u012bbu. Izstr\u0101d\u0101ts lieto&scaron;anai gan dien\u0101, gan vakar\u0101, k\u0101 ar\u012b k\u0101 makij\u0101\u017eas pamatu. Var lietot k\u0101 univers\u0101lu kr\u0113mu rok\u0101m un \u0137ermenim.<\/p>\n<p><strong>Lieto&scaron;ana:<\/strong>&nbsp;viegl\u0101m mas\u0113jo&scaron;\u0101m kust\u012bb\u0101m uzkl\u0101t no r\u012bta un\/vai vakar\u0101 uz t\u012bras sausas sejas un kakla \u0101das.&nbsp;<\/p>\n<p><strong>Piesardz\u012bbas pas\u0101kumi: <\/strong>paaugstin\u0101ta individu\u0101l\u0101 jut\u012bba uz atsevi&scaron;\u0137\u0101m sast\u0101vda\u013c\u0101m.&nbsp;<\/p>\n","protected":false},"excerpt":{"rendered":"<p>Atjaunino&scaron;s.&nbsp;Uz kokosriekstu sviesta pamata + vitam\u012bnu komplekss.&nbsp;Visiem \u0101das tipiem. Acumirkl\u012b nov\u0113r&scaron; \u0101das savilkt\u012bbas saj\u016btu. Piem\u012bt viegla gais\u012bga tekst\u016bra. Neatst\u0101j lip\u012bguma saj\u016btas uz \u0101das. Kr\u0113ms ir bag\u0101tin\u0101ts ar kazas piena ekstraktu, kur&scaron; mitrina un veicina dab\u012bga \u0101das kolah\u0113na atjauno&scaron;anu, nodro&scaron;ina t\u0101s tvirtumu un elast\u012bbu. Kokosriekstu sviests baro un atjauno dehidr\u0113tu \u0101du. Vitam\u012bnu komplekss (pantenols, biot\u012bns, A [&#8230;]\n","protected":false},"featured_media":104380,"template":"","meta":[],"product_cat":[1322],"product_tag":[],"class_list":{"0":"post-32271","1":"product","2":"type-product","3":"status-publish","4":"has-post-thumbnail","6":"product_brand-elfa_ua","7":"product_cat-veido-kremai","9":"first","10":"instock","11":"taxable","12":"shipping-taxable","13":"product-type-simple"},"_links":{"self":[{"href":"https:\/\/e.kosmolat.eu\/lv\/wp-json\/wp\/v2\/product\/32271","targetHints":{"allow":["GET"]}}],"collection":[{"href":"https:\/\/e.kosmolat.eu\/lv\/wp-json\/wp\/v2\/product"}],"about":[{"href":"https:\/\/e.kosmolat.eu\/lv\/wp-json\/wp\/v2\/types\/product"}],"wp:featuredmedia":[{"embeddable":true,"href":"https:\/\/e.kosmolat.eu\/lv\/wp-json\/wp\/v2\/media\/104380"}],"wp:attachment":[{"href":"https:\/\/e.kosmolat.eu\/lv\/wp-json\/wp\/v2\/media?parent=32271"}],"wp:term":[{"taxonomy":"product_cat","embeddable":true,"href":"https:\/\/e.kosmolat.eu\/lv\/wp-json\/wp\/v2\/product_cat?post=32271"},{"taxonomy":"product_tag","embeddable":true,"href":"https:\/\/e.kosmolat.eu\/lv\/wp-json\/wp\/v2\/product_tag?post=32271"}],"curies":[{"name":"wp","href":"https:\/\/api.w.org\/{rel}","templated":true}]}}