{"id":32267,"date":"2023-12-21T16:51:40","date_gmt":"2023-12-21T16:51:40","guid":{"rendered":"https:\/\/e.kosmolat.eu\/product\/za-pretgrumbu-sejas-krems-atjaunojoss-100-ml\/"},"modified":"2026-05-08T21:05:27","modified_gmt":"2026-05-08T21:05:27","slug":"gp-pretgrumbu-sejas-krems-atjaunojoss-100-ml","status":"publish","type":"product","link":"https:\/\/e.kosmolat.eu\/lv\/product\/gp-pretgrumbu-sejas-krems-atjaunojoss-100-ml\/","title":{"rendered":"GP Pretgrumbu sejas kr\u0113ms &#8220;Atjaunojo\u0161s&#8221;, 100 ml"},"content":{"rendered":"<ul>\n<li>Pret grumb\u0101m<\/li>\n<li>Atjaunin\u0101\u0161ana<\/li>\n<li>Intens\u012bv\u0101 baro\u0161ana<\/li>\n<\/ul>\n<p>Smilts\u0113rk\u0161\u0137u e\u013c\u013ca, \u0161\u012b sviests, lamin\u0101rijas un \u017ee\u0146\u0161e\u0146a ekstrakti, vitam\u012bnu komplekss. Nodro\u0161ina nobriedu\u0161\u0101s \u0101das kop\u0161anu.\u00a0<\/p>\n<p><b>J\u016bras a\u013c\u0123u ekstrakts <\/b>bag\u0101tina \u0101du ar mitrumu un nepiecie\u0161amiem mikroelementiem t\u0101s atjaunin\u0101\u0161anai.\u00a0<\/p>\n<p><b>\u017de\u0146\u0161e\u0146a ekstrakts<\/b> aktiviz\u0113 person\u012bg\u0101s \u0101das aizsargfunkcijas.\u00a0<\/p>\n<p><b>A, B1, B7, E vitam\u012bnu komplekss<\/b> efekt\u012bvi baro \u0101du, atgrie\u017eot tai tvirtumu un elast\u012bbu.<\/p>\n<h4>Lieto\u0161ana:\u00a0<\/h4>\n<p>viegl\u0101m mas\u0113jo\u0161\u0101m kust\u012bb\u0101m uzkl\u0101t no r\u012bta un vakar\u0101 uz t\u012br\u0101s sejas un kakla \u0101das.\u00a0<\/p>\n<p><strong>Br\u012bdin\u0101jums<\/strong><strong>:<\/strong> satur A vitam\u012bnu. L\u016bgums pirms lieto&scaron;anas p\u0101rdom\u0101t savu dienas devu.<\/p>\n","protected":false},"excerpt":{"rendered":"<p>Pret grumb\u0101m Atjaunin\u0101\u0161ana Intens\u012bv\u0101 baro\u0161ana Smilts\u0113rk\u0161\u0137u e\u013c\u013ca, \u0161\u012b sviests, lamin\u0101rijas un \u017ee\u0146\u0161e\u0146a ekstrakti, vitam\u012bnu komplekss. Nodro\u0161ina nobriedu\u0161\u0101s \u0101das kop\u0161anu.\u00a0 J\u016bras a\u013c\u0123u ekstrakts bag\u0101tina \u0101du ar mitrumu un nepiecie\u0161amiem mikroelementiem t\u0101s atjaunin\u0101\u0161anai.\u00a0 \u017de\u0146\u0161e\u0146a ekstrakts aktiviz\u0113 person\u012bg\u0101s \u0101das aizsargfunkcijas.\u00a0 A, B1, B7, E vitam\u012bnu komplekss efekt\u012bvi baro \u0101du, atgrie\u017eot tai tvirtumu un elast\u012bbu. Lieto\u0161ana:\u00a0 viegl\u0101m mas\u0113jo\u0161\u0101m kust\u012bb\u0101m [&#8230;]\n","protected":false},"featured_media":104372,"template":"","meta":[],"product_cat":[1320],"product_tag":[],"class_list":{"0":"post-32267","1":"product","2":"type-product","3":"status-publish","4":"has-post-thumbnail","6":"product_brand-elfa_ua","7":"product_cat-sejas-kremi","9":"first","10":"instock","11":"taxable","12":"shipping-taxable","13":"product-type-simple"},"_links":{"self":[{"href":"https:\/\/e.kosmolat.eu\/lv\/wp-json\/wp\/v2\/product\/32267","targetHints":{"allow":["GET"]}}],"collection":[{"href":"https:\/\/e.kosmolat.eu\/lv\/wp-json\/wp\/v2\/product"}],"about":[{"href":"https:\/\/e.kosmolat.eu\/lv\/wp-json\/wp\/v2\/types\/product"}],"wp:featuredmedia":[{"embeddable":true,"href":"https:\/\/e.kosmolat.eu\/lv\/wp-json\/wp\/v2\/media\/104372"}],"wp:attachment":[{"href":"https:\/\/e.kosmolat.eu\/lv\/wp-json\/wp\/v2\/media?parent=32267"}],"wp:term":[{"taxonomy":"product_cat","embeddable":true,"href":"https:\/\/e.kosmolat.eu\/lv\/wp-json\/wp\/v2\/product_cat?post=32267"},{"taxonomy":"product_tag","embeddable":true,"href":"https:\/\/e.kosmolat.eu\/lv\/wp-json\/wp\/v2\/product_tag?post=32267"}],"curies":[{"name":"wp","href":"https:\/\/api.w.org\/{rel}","templated":true}]}}