{"id":32259,"date":"2023-12-21T16:51:05","date_gmt":"2023-12-21T16:51:05","guid":{"rendered":"https:\/\/e.kosmolat.eu\/product\/friends-ziepes-delikatas-velas-mazgasanai-135-g\/"},"modified":"2025-09-22T12:11:32","modified_gmt":"2025-09-22T12:11:32","slug":"i_friends-ziepes-delikatas-velas-mazgasanai-135-g","status":"publish","type":"product","link":"https:\/\/e.kosmolat.eu\/lv\/product\/i_friends-ziepes-delikatas-velas-mazgasanai-135-g\/","title":{"rendered":"I_Friends Ziepes delik\u0101tas ve\u013cas mazg\u0101\u0161anai, 135 g"},"content":{"rendered":"<p><strong>Sast\u0101v\u0101: <\/strong>30 % un vair\u0101k ziepju, maz\u0101k par 5 % nejonu virsmakt\u012bvo vielu. Smar\u017eas un arom\u0101tisk\u0101s kompoz\u012bcijas.<\/p>\n<p><strong>SASKAR\u0112 AR AC\u012aM:<\/strong> Uzman\u012bgi izskalot ar \u016bdeni vair\u0101kas min\u016btes. Sarg\u0101t no b\u0113rniem.<\/p>\n<p><strong>Der\u012bguma termi\u0146&scaron;:<\/strong> 5 gadi no izgatavo&scaron;anas datuma.&nbsp;<\/p>\n","protected":false},"excerpt":{"rendered":"<p>Sast\u0101v\u0101: 30 % un vair\u0101k ziepju, maz\u0101k par 5 % nejonu virsmakt\u012bvo vielu. Smar\u017eas un arom\u0101tisk\u0101s kompoz\u012bcijas. SASKAR\u0112 AR AC\u012aM: Uzman\u012bgi izskalot ar \u016bdeni vair\u0101kas min\u016btes. Sarg\u0101t no b\u0113rniem. Der\u012bguma termi\u0146&scaron;: 5 gadi no izgatavo&scaron;anas datuma.&nbsp;<\/p>\n","protected":false},"featured_media":78854,"template":"","meta":[],"product_cat":[1481],"product_tag":[],"class_list":{"0":"post-32259","1":"product","2":"type-product","3":"status-publish","4":"has-post-thumbnail","6":"product_brand-slobozanskij-milovar_ua","7":"product_cat-velas-mazgasanas-lidzekli","9":"first","10":"instock","11":"taxable","12":"shipping-taxable","13":"product-type-simple"},"_links":{"self":[{"href":"https:\/\/e.kosmolat.eu\/lv\/wp-json\/wp\/v2\/product\/32259","targetHints":{"allow":["GET"]}}],"collection":[{"href":"https:\/\/e.kosmolat.eu\/lv\/wp-json\/wp\/v2\/product"}],"about":[{"href":"https:\/\/e.kosmolat.eu\/lv\/wp-json\/wp\/v2\/types\/product"}],"wp:featuredmedia":[{"embeddable":true,"href":"https:\/\/e.kosmolat.eu\/lv\/wp-json\/wp\/v2\/media\/78854"}],"wp:attachment":[{"href":"https:\/\/e.kosmolat.eu\/lv\/wp-json\/wp\/v2\/media?parent=32259"}],"wp:term":[{"taxonomy":"product_cat","embeddable":true,"href":"https:\/\/e.kosmolat.eu\/lv\/wp-json\/wp\/v2\/product_cat?post=32259"},{"taxonomy":"product_tag","embeddable":true,"href":"https:\/\/e.kosmolat.eu\/lv\/wp-json\/wp\/v2\/product_tag?post=32259"}],"curies":[{"name":"wp","href":"https:\/\/api.w.org\/{rel}","templated":true}]}}