{"id":32247,"date":"2023-12-21T16:50:11","date_gmt":"2023-12-21T16:50:11","guid":{"rendered":"https:\/\/e.kosmolat.eu\/product\/friends-ziepes-traipu-nonemsanai-125-g\/"},"modified":"2026-04-24T05:54:43","modified_gmt":"2026-04-24T05:54:43","slug":"friends-ziepes-traipu-nonemsanai-125-g","status":"publish","type":"product","link":"https:\/\/e.kosmolat.eu\/lv\/product\/friends-ziepes-traipu-nonemsanai-125-g\/","title":{"rendered":"Friends Ziepes traipu no\u0146em\u0161anai, 125 g"},"content":{"rendered":"<p><strong>Sast\u0101v\u0101: <\/strong>30 % un vair\u0101k ziepju, maz\u0101k par 5 % balin\u0101t\u0101ju, kuru pamat\u0101 ir sk\u0101beklis. Fermenti. Smar\u017eas un arom\u0101tisk\u0101s kompoz\u012bcijas.<\/p>\n<p><strong>SASKAR\u0112 AR AC\u012aM:<\/strong> Uzman\u012bgi izskalot ar \u016bdeni vair\u0101kas min\u016btes. Sarg\u0101t no b\u0113rniem.<\/p>\n<p><strong>Der\u012bguma termi\u0146&scaron;:<\/strong> 5 gadi no izgatavo&scaron;anas datuma.&nbsp;<\/p>\n","protected":false},"excerpt":{"rendered":"<p>Sast\u0101v\u0101: 30 % un vair\u0101k ziepju, maz\u0101k par 5 % balin\u0101t\u0101ju, kuru pamat\u0101 ir sk\u0101beklis. Fermenti. Smar\u017eas un arom\u0101tisk\u0101s kompoz\u012bcijas. SASKAR\u0112 AR AC\u012aM: Uzman\u012bgi izskalot ar \u016bdeni vair\u0101kas min\u016btes. Sarg\u0101t no b\u0113rniem. Der\u012bguma termi\u0146&scaron;: 5 gadi no izgatavo&scaron;anas datuma.&nbsp;<\/p>\n","protected":false},"featured_media":78842,"template":"","meta":[],"product_cat":[1483],"product_tag":[],"class_list":{"0":"post-32247","1":"product","2":"type-product","3":"status-publish","4":"has-post-thumbnail","6":"product_brand-slobozanskij-milovar_ua","7":"product_cat-plovikliai","9":"first","10":"instock","11":"taxable","12":"shipping-taxable","13":"product-type-simple"},"_links":{"self":[{"href":"https:\/\/e.kosmolat.eu\/lv\/wp-json\/wp\/v2\/product\/32247","targetHints":{"allow":["GET"]}}],"collection":[{"href":"https:\/\/e.kosmolat.eu\/lv\/wp-json\/wp\/v2\/product"}],"about":[{"href":"https:\/\/e.kosmolat.eu\/lv\/wp-json\/wp\/v2\/types\/product"}],"wp:featuredmedia":[{"embeddable":true,"href":"https:\/\/e.kosmolat.eu\/lv\/wp-json\/wp\/v2\/media\/78842"}],"wp:attachment":[{"href":"https:\/\/e.kosmolat.eu\/lv\/wp-json\/wp\/v2\/media?parent=32247"}],"wp:term":[{"taxonomy":"product_cat","embeddable":true,"href":"https:\/\/e.kosmolat.eu\/lv\/wp-json\/wp\/v2\/product_cat?post=32247"},{"taxonomy":"product_tag","embeddable":true,"href":"https:\/\/e.kosmolat.eu\/lv\/wp-json\/wp\/v2\/product_tag?post=32247"}],"curies":[{"name":"wp","href":"https:\/\/api.w.org\/{rel}","templated":true}]}}