{"id":32223,"date":"2023-12-21T16:48:31","date_gmt":"2023-12-21T16:48:31","guid":{"rendered":"https:\/\/e.kosmolat.eu\/product\/shik-ziepes-meza-zemene-70-g\/"},"modified":"2025-10-28T14:45:21","modified_gmt":"2025-10-28T14:45:21","slug":"shik-ziepes-meza-zemene-70-g","status":"publish","type":"product","link":"https:\/\/e.kosmolat.eu\/lv\/product\/shik-ziepes-meza-zemene-70-g\/","title":{"rendered":"SHIK Ziepes Me\u017ea zemene, 70 g"},"content":{"rendered":"<p>No dab\u012bga palmu un kokosriekstu e\u013c\u013cas.<\/p>\n","protected":false},"excerpt":{"rendered":"<p>No dab\u012bga palmu un kokosriekstu e\u013c\u013cas.<\/p>\n","protected":false},"featured_media":78822,"template":"","meta":[],"product_cat":[1607],"product_tag":[],"class_list":{"0":"post-32223","1":"product","2":"type-product","3":"status-publish","4":"has-post-thumbnail","6":"product_brand-slobozanskij-milovar_ua","7":"product_cat-ziepes","9":"first","10":"outofstock","11":"taxable","12":"shipping-taxable","13":"product-type-simple"},"_links":{"self":[{"href":"https:\/\/e.kosmolat.eu\/lv\/wp-json\/wp\/v2\/product\/32223","targetHints":{"allow":["GET"]}}],"collection":[{"href":"https:\/\/e.kosmolat.eu\/lv\/wp-json\/wp\/v2\/product"}],"about":[{"href":"https:\/\/e.kosmolat.eu\/lv\/wp-json\/wp\/v2\/types\/product"}],"wp:featuredmedia":[{"embeddable":true,"href":"https:\/\/e.kosmolat.eu\/lv\/wp-json\/wp\/v2\/media\/78822"}],"wp:attachment":[{"href":"https:\/\/e.kosmolat.eu\/lv\/wp-json\/wp\/v2\/media?parent=32223"}],"wp:term":[{"taxonomy":"product_cat","embeddable":true,"href":"https:\/\/e.kosmolat.eu\/lv\/wp-json\/wp\/v2\/product_cat?post=32223"},{"taxonomy":"product_tag","embeddable":true,"href":"https:\/\/e.kosmolat.eu\/lv\/wp-json\/wp\/v2\/product_tag?post=32223"}],"curies":[{"name":"wp","href":"https:\/\/api.w.org\/{rel}","templated":true}]}}