{"id":32215,"date":"2023-12-21T16:48:01","date_gmt":"2023-12-21T16:48:01","guid":{"rendered":"https:\/\/e.kosmolat.eu\/product\/shik-milakie-ziedi-tualetes-ziepes-maijpukite-70g\/"},"modified":"2025-10-28T14:44:00","modified_gmt":"2025-10-28T14:44:00","slug":"shik-milakie-ziedi-tualetes-ziepes-maijpukite-70g","status":"publish","type":"product","link":"https:\/\/e.kosmolat.eu\/lv\/product\/shik-milakie-ziedi-tualetes-ziepes-maijpukite-70g\/","title":{"rendered":"SHIK M\u012a\u013b\u0100\u0136IE ZIEDI Tualetes ziepes Maijpu\u0137\u012bte, 70g"},"content":{"rendered":"","protected":false},"excerpt":{"rendered":"","protected":false},"featured_media":78794,"template":"","meta":[],"product_cat":[1607],"product_tag":[],"class_list":{"0":"post-32215","1":"product","2":"type-product","3":"status-publish","4":"has-post-thumbnail","6":"product_brand-slobozanskij-milovar_ua","7":"product_cat-ziepes","9":"first","10":"instock","11":"taxable","12":"shipping-taxable","13":"product-type-simple"},"_links":{"self":[{"href":"https:\/\/e.kosmolat.eu\/lv\/wp-json\/wp\/v2\/product\/32215","targetHints":{"allow":["GET"]}}],"collection":[{"href":"https:\/\/e.kosmolat.eu\/lv\/wp-json\/wp\/v2\/product"}],"about":[{"href":"https:\/\/e.kosmolat.eu\/lv\/wp-json\/wp\/v2\/types\/product"}],"wp:featuredmedia":[{"embeddable":true,"href":"https:\/\/e.kosmolat.eu\/lv\/wp-json\/wp\/v2\/media\/78794"}],"wp:attachment":[{"href":"https:\/\/e.kosmolat.eu\/lv\/wp-json\/wp\/v2\/media?parent=32215"}],"wp:term":[{"taxonomy":"product_cat","embeddable":true,"href":"https:\/\/e.kosmolat.eu\/lv\/wp-json\/wp\/v2\/product_cat?post=32215"},{"taxonomy":"product_tag","embeddable":true,"href":"https:\/\/e.kosmolat.eu\/lv\/wp-json\/wp\/v2\/product_tag?post=32215"}],"curies":[{"name":"wp","href":"https:\/\/api.w.org\/{rel}","templated":true}]}}