{"id":32207,"date":"2023-12-21T16:47:05","date_gmt":"2023-12-21T16:47:05","guid":{"rendered":"https:\/\/e.kosmolat.eu\/product\/sanita-stiklam-ar-pretputeklu-formuluspirts-500-ml\/"},"modified":"2025-09-19T15:29:37","modified_gmt":"2025-09-19T15:29:37","slug":"sanita-stiklam-ar-pretputeklu-formuluspirts-500-ml","status":"publish","type":"product","link":"https:\/\/e.kosmolat.eu\/lv\/product\/sanita-stiklam-ar-pretputeklu-formuluspirts-500-ml\/","title":{"rendered":"&#8220;Sanita&#8221; Stiklam ar pretputek\u013cu formulu+spirts, 500 ml"},"content":{"rendered":"<p>Piem\u0113rots logu un stikla virsmu, spogu\u013cu, dekorat\u012bv\u0101 krist\u0101la, porcel\u0101na, fajansa, fl\u012b\u017eu, sadz\u012bves tehnikas virsmu t\u012br\u012b&scaron;anai.<\/p>\n<p><strong>Lieto&scaron;ana:<\/strong> izsmidzin\u0101t l\u012bdzekli uz apstr\u0101d\u0101jamo virsmu no 10-15 cm att\u0101luma. Ar m\u012bksta auduma dr\u0101ni\u0146u not\u012br\u012bt virsmu sausu. Izvair\u012bties no l\u012bdzek\u013ca saskares ar pul\u0113t\u0101m un lakot\u0101m virsm\u0101m.<\/p>\n<p><strong>Piesardz\u012bbas pas\u0101kumi: <\/strong>L\u012bdzeklis sasalst, p\u0113c atsal&scaron;anas saglab\u0101 savas s\u0101kotn\u0113j\u0101s \u012bpa&scaron;\u012bbas.<\/p>\n<p><strong>Sast\u0101v\u0101:<\/strong> maz\u0101k par 5 % izopropilspirts, maz\u0101k par 5 % anjonu virsmakt\u012bvaj\u0101s viel\u0101s, maz\u0101k par 5 % nejonu virsmakt\u012bvaj\u0101s viel\u0101s, maz\u0101k par 5 % EDTA salts. Smar\u017eas un arom\u0101tisk\u0101s kompoz\u012bcijas\/ Limonene. Krasvielas.<\/p>\n<p>&nbsp;<\/p>\n<p><strong><img decoding=\"async\" alt=\"\" src=\"file:\/\/\/C:\/Users\/masha\/Desktop\/GHS%2002.jpg\" style=\"height:40px; width:40px\" \/>GHS02 <img decoding=\"async\" alt=\"\" src=\"file:\/\/\/C:\/Users\/masha\/Desktop\/GHS07.png\" style=\"height:40px; width:40px\" \/>GHS07 Uzman\u012bbu.<\/strong><br \/>\nH226 Uzliesmojo&scaron;s &scaron;\u0137idrums un tvaiki.<br \/>\nH319 Izraisa nopietnu acu kairin\u0101jumu.<br \/>\nH336 Var izrais\u012bt miegain\u012bbu vai reibo\u0146us.<\/p>\n<p>Dro&scaron;\u012bbas pras\u012bbu apz\u012bm\u0113jumi:<br \/>\nP101 Medic\u012bniska padoma nepiecie&scaron;am\u012bbas gad\u012bjum\u0101 attiec\u012bg\u0101 inform\u0101cija ir nor\u0101d\u012bta uz iepakojuma vai eti\u0137etes.&nbsp;<br \/>\nP102 Sarg\u0101t no b\u0113rniem.<br \/>\nP103 Pirms izmanto&scaron;anas izlas\u012bt eti\u0137eti.<br \/>\nP210 Sarg\u0101t no karstuma, karst\u0101m virsm\u0101m, dzirkstel\u0113m, atkl\u0101tas uguns un citiem aizdeg&scaron;an\u0101s avotiem. Nesm\u0113\u0137\u0113t.<br \/>\nP261 Izvair\u012bties ieelpot tvaikus\/smidzin\u0101jumu.<br \/>\nP264 P\u0113c izmanto&scaron;anas rokas k\u0101rt\u012bgi nomazg\u0101t.<br \/>\nP271 Izmantot tikai \u0101r\u0101 vai labi v\u0113din\u0101m\u0101s telp\u0101s.<br \/>\nP280 Izmantot aizsargcimdus\/acu aizsargus.<br \/>\nP304+P340 Ieelpo&scaron;anas gad\u012bjum\u0101: nog\u0101d\u0101t cietu&scaron;o svaig\u0101 gais\u0101 un nodro&scaron;in\u0101t netrauc\u0113tu elpo&scaron;anu.<br \/>\nP305+P351+P338 Saskar\u0113 ar ac\u012bm: Uzman\u012bgi izskalot ar \u016bdeni vair\u0101kas min\u016btes. Iz\u0146emt kontaktl\u0113cas, ja t\u0101s ir ievietotas un ja to var<\/p>\n","protected":false},"excerpt":{"rendered":"<p>Piem\u0113rots logu un stikla virsmu, spogu\u013cu, dekorat\u012bv\u0101 krist\u0101la, porcel\u0101na, fajansa, fl\u012b\u017eu, sadz\u012bves tehnikas virsmu t\u012br\u012b&scaron;anai. Lieto&scaron;ana: izsmidzin\u0101t l\u012bdzekli uz apstr\u0101d\u0101jamo virsmu no 10-15 cm att\u0101luma. Ar m\u012bksta auduma dr\u0101ni\u0146u not\u012br\u012bt virsmu sausu. Izvair\u012bties no l\u012bdzek\u013ca saskares ar pul\u0113t\u0101m un lakot\u0101m virsm\u0101m. Piesardz\u012bbas pas\u0101kumi: L\u012bdzeklis sasalst, p\u0113c atsal&scaron;anas saglab\u0101 savas s\u0101kotn\u0113j\u0101s \u012bpa&scaron;\u012bbas. Sast\u0101v\u0101: maz\u0101k par 5 [&#8230;]\n","protected":false},"featured_media":78786,"template":"","meta":[],"product_cat":[1720],"product_tag":[],"class_list":{"0":"post-32207","1":"product","2":"type-product","3":"status-publish","4":"has-post-thumbnail","6":"product_brand-malina-akcija","7":"product_cat-logiem-un-stikliem","9":"first","10":"outofstock","11":"taxable","12":"shipping-taxable","13":"product-type-simple"},"_links":{"self":[{"href":"https:\/\/e.kosmolat.eu\/lv\/wp-json\/wp\/v2\/product\/32207","targetHints":{"allow":["GET"]}}],"collection":[{"href":"https:\/\/e.kosmolat.eu\/lv\/wp-json\/wp\/v2\/product"}],"about":[{"href":"https:\/\/e.kosmolat.eu\/lv\/wp-json\/wp\/v2\/types\/product"}],"wp:featuredmedia":[{"embeddable":true,"href":"https:\/\/e.kosmolat.eu\/lv\/wp-json\/wp\/v2\/media\/78786"}],"wp:attachment":[{"href":"https:\/\/e.kosmolat.eu\/lv\/wp-json\/wp\/v2\/media?parent=32207"}],"wp:term":[{"taxonomy":"product_cat","embeddable":true,"href":"https:\/\/e.kosmolat.eu\/lv\/wp-json\/wp\/v2\/product_cat?post=32207"},{"taxonomy":"product_tag","embeddable":true,"href":"https:\/\/e.kosmolat.eu\/lv\/wp-json\/wp\/v2\/product_tag?post=32207"}],"curies":[{"name":"wp","href":"https:\/\/api.w.org\/{rel}","templated":true}]}}