{"id":32203,"date":"2023-12-21T16:46:46","date_gmt":"2023-12-21T16:46:46","guid":{"rendered":"https:\/\/e.kosmolat.eu\/product\/sals-vannam-ar-eterisku-ellu-lavanda-500-g\/"},"modified":"2026-04-23T12:21:02","modified_gmt":"2026-04-23T12:21:02","slug":"sals-vannam-ar-eterisku-ellu-lavanda-500-g","status":"publish","type":"product","link":"https:\/\/e.kosmolat.eu\/lv\/product\/sals-vannam-ar-eterisku-ellu-lavanda-500-g\/","title":{"rendered":"S\u0101ls vann\u0101m ar \u0113terisku e\u013c\u013cu &#8220;Lavanda&#8221;, 500 g"},"content":{"rendered":"<p>Ekolo\u0123iski t\u012brs j\u016bras s\u0101ls ir bag\u0101t\u012bgs dab\u012bgs s\u0101ls un mikroelementu koncentr\u0101ts, kas nepiecie&scaron;ams visu \u0137erme\u0146a org\u0101nu norm\u0101lai darb\u012bbai.<\/p>\n<p>Pateicoties toniz\u0113jo&scaron;ajai iedarb\u012bbai, lavanda tiek uzskat\u012bta par augu Nr.1 aromterapij\u0101. Lavandas \u0113terisk\u0101 e\u013c\u013ca pal\u012bdz pret bezmiegu, nom\u0101kt\u012bbu un galvass\u0101p\u0113m. Turkl\u0101t lavandas e\u013c\u013ca ir lietojama problem\u0101tiskas \u0101das kop&scaron;anai. Arom\u0101tisk\u0101 vanna mazina nogurumu, stresu, uzlabo veiktsp\u0113ju un garast\u0101vokli.<\/p>\n<p><strong>Lieto&scaron;ana: <\/strong>viena iepakojuma saturu (500 g) iz&scaron;\u0137\u012bd\u0101t silt\u0101 vannas \u016bden\u012b (37 &ordm;\u0421 &#8211; 40 &ordm;\u0421). Vannoties 15 min\u016btes. Noskalot \u0137erme\u0146a \u0101du ar teko&scaron;u \u016bdeni. Nelietot ziepes. P\u0113c vanno&scaron;an\u0101s atp\u016bsties 20 min\u016btes. Ieteicamais kurss: 8-10 vannas 14-20 dienu laik\u0101.<br \/>\n&nbsp;<\/p>\n","protected":false},"excerpt":{"rendered":"<p>Ekolo\u0123iski t\u012brs j\u016bras s\u0101ls ir bag\u0101t\u012bgs dab\u012bgs s\u0101ls un mikroelementu koncentr\u0101ts, kas nepiecie&scaron;ams visu \u0137erme\u0146a org\u0101nu norm\u0101lai darb\u012bbai. Pateicoties toniz\u0113jo&scaron;ajai iedarb\u012bbai, lavanda tiek uzskat\u012bta par augu Nr.1 aromterapij\u0101. Lavandas \u0113terisk\u0101 e\u013c\u013ca pal\u012bdz pret bezmiegu, nom\u0101kt\u012bbu un galvass\u0101p\u0113m. Turkl\u0101t lavandas e\u013c\u013ca ir lietojama problem\u0101tiskas \u0101das kop&scaron;anai. Arom\u0101tisk\u0101 vanna mazina nogurumu, stresu, uzlabo veiktsp\u0113ju un garast\u0101vokli. Lieto&scaron;ana: [&#8230;]\n","protected":false},"featured_media":78778,"template":"","meta":[],"product_cat":[1610],"product_tag":[],"class_list":{"0":"post-32203","1":"product","2":"type-product","3":"status-publish","4":"has-post-thumbnail","6":"product_brand-aqua-cosmetics_ua","7":"product_cat-vannas-putas-sali-bumbas","9":"first","10":"instock","11":"taxable","12":"shipping-taxable","13":"product-type-simple"},"_links":{"self":[{"href":"https:\/\/e.kosmolat.eu\/lv\/wp-json\/wp\/v2\/product\/32203","targetHints":{"allow":["GET"]}}],"collection":[{"href":"https:\/\/e.kosmolat.eu\/lv\/wp-json\/wp\/v2\/product"}],"about":[{"href":"https:\/\/e.kosmolat.eu\/lv\/wp-json\/wp\/v2\/types\/product"}],"wp:featuredmedia":[{"embeddable":true,"href":"https:\/\/e.kosmolat.eu\/lv\/wp-json\/wp\/v2\/media\/78778"}],"wp:attachment":[{"href":"https:\/\/e.kosmolat.eu\/lv\/wp-json\/wp\/v2\/media?parent=32203"}],"wp:term":[{"taxonomy":"product_cat","embeddable":true,"href":"https:\/\/e.kosmolat.eu\/lv\/wp-json\/wp\/v2\/product_cat?post=32203"},{"taxonomy":"product_tag","embeddable":true,"href":"https:\/\/e.kosmolat.eu\/lv\/wp-json\/wp\/v2\/product_tag?post=32203"}],"curies":[{"name":"wp","href":"https:\/\/api.w.org\/{rel}","templated":true}]}}