{"id":32199,"date":"2023-12-21T16:46:23","date_gmt":"2023-12-21T16:46:23","guid":{"rendered":"https:\/\/e.kosmolat.eu\/product\/sals-vannam-ar-eterisku-ellu-eikalipts-500-g\/"},"modified":"2026-04-23T12:20:48","modified_gmt":"2026-04-23T12:20:48","slug":"sals-vannam-ar-eterisku-ellu-eikalipts-500-g","status":"publish","type":"product","link":"https:\/\/e.kosmolat.eu\/lv\/product\/sals-vannam-ar-eterisku-ellu-eikalipts-500-g\/","title":{"rendered":"S\u0101ls vann\u0101m ar \u0113terisku e\u013c\u013cu &#8220;Eikalipts&#8221;, 500 g"},"content":{"rendered":"<p>Ekolo\u0123iski t\u012brs j\u016bras s\u0101ls ir bag\u0101t\u012bgs dab\u012bgs s\u0101ls un mikroelementu koncentr\u0101ts, kas nepiecie&scaron;ams visu \u0137erme\u0146a org\u0101nu norm\u0101lai darb\u012bbai.Eikalipta \u0113terisk\u0101 e\u013c\u013ca ir labi zin\u0101ma ar t\u0101s nomierino&scaron;aj\u0101m \u012bpa&scaron;\u012bb\u0101m. Eikaliptam piem\u012bt sildo&scaron;a iedarb\u012bba. Arom\u0101tisk\u0101 vanna mazina nogurumu, stresu, uzlabo veiktsp\u0113ju un garast\u0101vokli<\/p>\n<p><strong>Lieto&scaron;ana: <\/strong>viena iepakojuma saturu (500 g) iz&scaron;\u0137\u012bd\u0101t silt\u0101 vannas \u016bden\u012b (37 &ordm;\u0421 &#8211; 40 &ordm;\u0421). Vannoties 15 min\u016btes. Noskalot \u0137erme\u0146a \u0101du ar teko&scaron;u \u016bdeni. Nelietot ziepes. P\u0113c vanno&scaron;an\u0101s atp\u016bsties 20 min\u016btes. Ieteicamais kurss: 8-10 vannas 14-20 dienu laik\u0101.<br \/>\n&nbsp;<\/p>\n","protected":false},"excerpt":{"rendered":"<p>Ekolo\u0123iski t\u012brs j\u016bras s\u0101ls ir bag\u0101t\u012bgs dab\u012bgs s\u0101ls un mikroelementu koncentr\u0101ts, kas nepiecie&scaron;ams visu \u0137erme\u0146a org\u0101nu norm\u0101lai darb\u012bbai.Eikalipta \u0113terisk\u0101 e\u013c\u013ca ir labi zin\u0101ma ar t\u0101s nomierino&scaron;aj\u0101m \u012bpa&scaron;\u012bb\u0101m. Eikaliptam piem\u012bt sildo&scaron;a iedarb\u012bba. Arom\u0101tisk\u0101 vanna mazina nogurumu, stresu, uzlabo veiktsp\u0113ju un garast\u0101vokli Lieto&scaron;ana: viena iepakojuma saturu (500 g) iz&scaron;\u0137\u012bd\u0101t silt\u0101 vannas \u016bden\u012b (37 &ordm;\u0421 &#8211; 40 &ordm;\u0421). [&#8230;]\n","protected":false},"featured_media":78774,"template":"","meta":[],"product_cat":[1610],"product_tag":[],"class_list":{"0":"post-32199","1":"product","2":"type-product","3":"status-publish","4":"has-post-thumbnail","6":"product_brand-aqua-cosmetics_ua","7":"product_cat-vannas-putas-sali-bumbas","9":"first","10":"instock","11":"taxable","12":"shipping-taxable","13":"product-type-simple"},"_links":{"self":[{"href":"https:\/\/e.kosmolat.eu\/lv\/wp-json\/wp\/v2\/product\/32199","targetHints":{"allow":["GET"]}}],"collection":[{"href":"https:\/\/e.kosmolat.eu\/lv\/wp-json\/wp\/v2\/product"}],"about":[{"href":"https:\/\/e.kosmolat.eu\/lv\/wp-json\/wp\/v2\/types\/product"}],"wp:featuredmedia":[{"embeddable":true,"href":"https:\/\/e.kosmolat.eu\/lv\/wp-json\/wp\/v2\/media\/78774"}],"wp:attachment":[{"href":"https:\/\/e.kosmolat.eu\/lv\/wp-json\/wp\/v2\/media?parent=32199"}],"wp:term":[{"taxonomy":"product_cat","embeddable":true,"href":"https:\/\/e.kosmolat.eu\/lv\/wp-json\/wp\/v2\/product_cat?post=32199"},{"taxonomy":"product_tag","embeddable":true,"href":"https:\/\/e.kosmolat.eu\/lv\/wp-json\/wp\/v2\/product_tag?post=32199"}],"curies":[{"name":"wp","href":"https:\/\/api.w.org\/{rel}","templated":true}]}}