{"id":32195,"date":"2023-12-21T16:45:39","date_gmt":"2023-12-21T16:45:39","guid":{"rendered":"https:\/\/e.kosmolat.eu\/product\/doctor-salt-vanna-kajam-mikstinosa-100-g\/"},"modified":"2026-04-13T15:23:10","modified_gmt":"2026-04-13T15:23:10","slug":"doctor-salt-vanna-kajam-mikstinosa-100-g","status":"publish","type":"product","link":"https:\/\/e.kosmolat.eu\/lv\/product\/doctor-salt-vanna-kajam-mikstinosa-100-g\/","title":{"rendered":"&#8220;Doctor Salt&#8221; Vanna k\u0101j\u0101m m\u012bkstino\u0161a, 100 g"},"content":{"rendered":"<p>J\u016bras sals ar smilts\u0113rk&scaron;\u0137u augu ekstraktu, piena prote\u012bniem un neroli \u0113terisko e\u013c\u013cu efekt\u012bvi mitrina un baro k\u0101ju \u0101du.<\/p>\n<p><strong>Lieto&scaron;ana: <\/strong>iz&scaron;\u0137\u012bdin\u0101t 100 g s\u0101ls 8 litros \u016bdens (34&deg;C &#8211; 37 &deg;C). \u016adens proced\u016bras ilgums 15-20 min.&nbsp;Ieteicamais lieto&scaron;anas kurss 10-15 proced\u016bras<\/p>\n","protected":false},"excerpt":{"rendered":"<p>J\u016bras sals ar smilts\u0113rk&scaron;\u0137u augu ekstraktu, piena prote\u012bniem un neroli \u0113terisko e\u013c\u013cu efekt\u012bvi mitrina un baro k\u0101ju \u0101du. Lieto&scaron;ana: iz&scaron;\u0137\u012bdin\u0101t 100 g s\u0101ls 8 litros \u016bdens (34&deg;C &#8211; 37 &deg;C). \u016adens proced\u016bras ilgums 15-20 min.&nbsp;Ieteicamais lieto&scaron;anas kurss 10-15 proced\u016bras<\/p>\n","protected":false},"featured_media":78698,"template":"","meta":[],"product_cat":[1999],"product_tag":[],"class_list":{"0":"post-32195","1":"product","2":"type-product","3":"status-publish","4":"has-post-thumbnail","6":"product_brand-aqua-cosmetics_ua","7":"product_cat-bez-kategorijas","9":"first","10":"instock","11":"taxable","12":"shipping-taxable","13":"product-type-simple"},"_links":{"self":[{"href":"https:\/\/e.kosmolat.eu\/lv\/wp-json\/wp\/v2\/product\/32195","targetHints":{"allow":["GET"]}}],"collection":[{"href":"https:\/\/e.kosmolat.eu\/lv\/wp-json\/wp\/v2\/product"}],"about":[{"href":"https:\/\/e.kosmolat.eu\/lv\/wp-json\/wp\/v2\/types\/product"}],"wp:featuredmedia":[{"embeddable":true,"href":"https:\/\/e.kosmolat.eu\/lv\/wp-json\/wp\/v2\/media\/78698"}],"wp:attachment":[{"href":"https:\/\/e.kosmolat.eu\/lv\/wp-json\/wp\/v2\/media?parent=32195"}],"wp:term":[{"taxonomy":"product_cat","embeddable":true,"href":"https:\/\/e.kosmolat.eu\/lv\/wp-json\/wp\/v2\/product_cat?post=32195"},{"taxonomy":"product_tag","embeddable":true,"href":"https:\/\/e.kosmolat.eu\/lv\/wp-json\/wp\/v2\/product_tag?post=32195"}],"curies":[{"name":"wp","href":"https:\/\/api.w.org\/{rel}","templated":true}]}}