{"id":32191,"date":"2023-12-21T16:45:22","date_gmt":"2023-12-21T16:45:22","guid":{"rendered":"https:\/\/e.kosmolat.eu\/product\/doctor-salt-vanna-kajam-deo-100-g\/"},"modified":"2026-04-16T06:14:09","modified_gmt":"2026-04-16T06:14:09","slug":"doctor-salt-vanna-kajam-deo-100-g","status":"publish","type":"product","link":"https:\/\/e.kosmolat.eu\/lv\/product\/doctor-salt-vanna-kajam-deo-100-g\/","title":{"rendered":"&#8220;Doctor Salt&#8221; Vanna k\u0101j\u0101m deo, 100 g"},"content":{"rendered":"<p>J\u016bras s\u0101ls ar kumel\u012b&scaron;u ekstraktu, mentolu, t\u0113jas koka un piparm\u0113tras \u0113teriskaj\u0101m e\u013c\u013c\u0101m nov\u0113r&scaron; nepat\u012bkamas smar\u017eas, nov\u0113r&scaron; nogurumu, nomierina un toniz\u0113 k\u0101ju \u0101du.<\/p>\n<p><strong>Lieto&scaron;ana:<\/strong> iz&scaron;\u0137\u012bdin\u0101t 100 g s\u0101ls 8 litros \u016bdens (34-37&deg; C). \u016adens proced\u016bras ilgums 15-20 min. Ieteicamais lieto&scaron;anas kurss 10-15 proced\u016bras.<br \/>\n&nbsp;<\/p>\n","protected":false},"excerpt":{"rendered":"<p>J\u016bras s\u0101ls ar kumel\u012b&scaron;u ekstraktu, mentolu, t\u0113jas koka un piparm\u0113tras \u0113teriskaj\u0101m e\u013c\u013c\u0101m nov\u0113r&scaron; nepat\u012bkamas smar\u017eas, nov\u0113r&scaron; nogurumu, nomierina un toniz\u0113 k\u0101ju \u0101du. Lieto&scaron;ana: iz&scaron;\u0137\u012bdin\u0101t 100 g s\u0101ls 8 litros \u016bdens (34-37&deg; C). \u016adens proced\u016bras ilgums 15-20 min. Ieteicamais lieto&scaron;anas kurss 10-15 proced\u016bras. &nbsp;<\/p>\n","protected":false},"featured_media":78694,"template":"","meta":[],"product_cat":[1999],"product_tag":[],"class_list":{"0":"post-32191","1":"product","2":"type-product","3":"status-publish","4":"has-post-thumbnail","6":"product_brand-aqua-cosmetics_ua","7":"product_cat-bez-kategorijas","9":"first","10":"instock","11":"taxable","12":"shipping-taxable","13":"product-type-simple"},"_links":{"self":[{"href":"https:\/\/e.kosmolat.eu\/lv\/wp-json\/wp\/v2\/product\/32191","targetHints":{"allow":["GET"]}}],"collection":[{"href":"https:\/\/e.kosmolat.eu\/lv\/wp-json\/wp\/v2\/product"}],"about":[{"href":"https:\/\/e.kosmolat.eu\/lv\/wp-json\/wp\/v2\/types\/product"}],"wp:featuredmedia":[{"embeddable":true,"href":"https:\/\/e.kosmolat.eu\/lv\/wp-json\/wp\/v2\/media\/78694"}],"wp:attachment":[{"href":"https:\/\/e.kosmolat.eu\/lv\/wp-json\/wp\/v2\/media?parent=32191"}],"wp:term":[{"taxonomy":"product_cat","embeddable":true,"href":"https:\/\/e.kosmolat.eu\/lv\/wp-json\/wp\/v2\/product_cat?post=32191"},{"taxonomy":"product_tag","embeddable":true,"href":"https:\/\/e.kosmolat.eu\/lv\/wp-json\/wp\/v2\/product_tag?post=32191"}],"curies":[{"name":"wp","href":"https:\/\/api.w.org\/{rel}","templated":true}]}}