{"id":32187,"date":"2023-12-21T16:45:07","date_gmt":"2023-12-21T16:45:07","guid":{"rendered":"https:\/\/e.kosmolat.eu\/product\/doctor-salt-vanna-kajam-100-g\/"},"modified":"2026-04-23T12:20:34","modified_gmt":"2026-04-23T12:20:34","slug":"doctor-salt-vanna-kajam-100-g","status":"publish","type":"product","link":"https:\/\/e.kosmolat.eu\/lv\/product\/doctor-salt-vanna-kajam-100-g\/","title":{"rendered":"&#8220;Doctor Salt&#8221; Vanna k\u0101j\u0101m, 100 g"},"content":{"rendered":"<p>J\u016bras s\u0101ls ar sinepju ekstraktu un sandalkoka \u0113terisko e\u013c\u013cu no\u0146em nogurumu un nomierina k\u0101ju \u0101du.&nbsp;<\/p>\n<p><strong>Lieto&scaron;ana:<\/strong> Iz&scaron;\u0137\u012bdin\u0101t 100 g s\u0101ls 8 litros \u016bdens (34&deg;C &#8211; 37 &deg;C). Udens proced\u016bras ilgums 15-20 min.<br \/>\n&nbsp;<\/p>\n","protected":false},"excerpt":{"rendered":"<p>J\u016bras s\u0101ls ar sinepju ekstraktu un sandalkoka \u0113terisko e\u013c\u013cu no\u0146em nogurumu un nomierina k\u0101ju \u0101du.&nbsp; Lieto&scaron;ana: Iz&scaron;\u0137\u012bdin\u0101t 100 g s\u0101ls 8 litros \u016bdens (34&deg;C &#8211; 37 &deg;C). Udens proced\u016bras ilgums 15-20 min. &nbsp;<\/p>\n","protected":false},"featured_media":78690,"template":"","meta":[],"product_cat":[1612],"product_tag":[],"class_list":{"0":"post-32187","1":"product","2":"type-product","3":"status-publish","4":"has-post-thumbnail","6":"product_brand-aqua-cosmetics_ua","7":"product_cat-putos-druska-vonios-bombos","9":"first","10":"instock","11":"taxable","12":"shipping-taxable","13":"product-type-simple"},"_links":{"self":[{"href":"https:\/\/e.kosmolat.eu\/lv\/wp-json\/wp\/v2\/product\/32187","targetHints":{"allow":["GET"]}}],"collection":[{"href":"https:\/\/e.kosmolat.eu\/lv\/wp-json\/wp\/v2\/product"}],"about":[{"href":"https:\/\/e.kosmolat.eu\/lv\/wp-json\/wp\/v2\/types\/product"}],"wp:featuredmedia":[{"embeddable":true,"href":"https:\/\/e.kosmolat.eu\/lv\/wp-json\/wp\/v2\/media\/78690"}],"wp:attachment":[{"href":"https:\/\/e.kosmolat.eu\/lv\/wp-json\/wp\/v2\/media?parent=32187"}],"wp:term":[{"taxonomy":"product_cat","embeddable":true,"href":"https:\/\/e.kosmolat.eu\/lv\/wp-json\/wp\/v2\/product_cat?post=32187"},{"taxonomy":"product_tag","embeddable":true,"href":"https:\/\/e.kosmolat.eu\/lv\/wp-json\/wp\/v2\/product_tag?post=32187"}],"curies":[{"name":"wp","href":"https:\/\/api.w.org\/{rel}","templated":true}]}}