{"id":32179,"date":"2023-12-21T16:44:39","date_gmt":"2023-12-21T16:44:39","guid":{"rendered":"https:\/\/e.kosmolat.eu\/product\/doctor-salt-vanna-rokam-100-g\/"},"modified":"2026-04-23T12:20:22","modified_gmt":"2026-04-23T12:20:22","slug":"doctor-salt-vanna-rokam-100-g","status":"publish","type":"product","link":"https:\/\/e.kosmolat.eu\/lv\/product\/doctor-salt-vanna-rokam-100-g\/","title":{"rendered":"&#8220;Doctor Salt&#8221; Vanna rok\u0101m, 100 g"},"content":{"rendered":"<p>J\u016bras s\u0101ls ar augu ekstraktiem (Moisturising herbal complex), alanto\u012bnu un ro\u017ekoka \u0113terisko e\u013c\u013cu maigi m\u012bkstina un izl\u012bdzina \u0101du, Pie\u0161\u0137ir tai svaigumu un spilgtumu.<\/p>\n<p>LIETO\u0160ANA: Iz\u0161\u0137\u012bdin\u0101t 100 g s\u0101ls 1 l \u016bdens (temp. +37\u00b0 C.). \u016adens proced\u016bras ilgums 15-20 min.<\/p>\n","protected":false},"excerpt":{"rendered":"<p>J\u016bras s\u0101ls ar augu ekstraktiem (Moisturising herbal complex), alanto\u012bnu un ro\u017ekoka \u0113terisko e\u013c\u013cu maigi m\u012bkstina un izl\u012bdzina \u0101du, Pie\u0161\u0137ir tai svaigumu un spilgtumu. LIETO\u0160ANA: Iz\u0161\u0137\u012bdin\u0101t 100 g s\u0101ls 1 l \u016bdens (temp. +37\u00b0 C.). \u016adens proced\u016bras ilgums 15-20 min.<\/p>\n","protected":false},"featured_media":78682,"template":"","meta":[],"product_cat":[1612],"product_tag":[],"class_list":{"0":"post-32179","1":"product","2":"type-product","3":"status-publish","4":"has-post-thumbnail","6":"product_brand-aqua-cosmetics_ua","7":"product_cat-putos-druska-vonios-bombos","9":"first","10":"instock","11":"taxable","12":"shipping-taxable","13":"product-type-simple"},"_links":{"self":[{"href":"https:\/\/e.kosmolat.eu\/lv\/wp-json\/wp\/v2\/product\/32179","targetHints":{"allow":["GET"]}}],"collection":[{"href":"https:\/\/e.kosmolat.eu\/lv\/wp-json\/wp\/v2\/product"}],"about":[{"href":"https:\/\/e.kosmolat.eu\/lv\/wp-json\/wp\/v2\/types\/product"}],"wp:featuredmedia":[{"embeddable":true,"href":"https:\/\/e.kosmolat.eu\/lv\/wp-json\/wp\/v2\/media\/78682"}],"wp:attachment":[{"href":"https:\/\/e.kosmolat.eu\/lv\/wp-json\/wp\/v2\/media?parent=32179"}],"wp:term":[{"taxonomy":"product_cat","embeddable":true,"href":"https:\/\/e.kosmolat.eu\/lv\/wp-json\/wp\/v2\/product_cat?post=32179"},{"taxonomy":"product_tag","embeddable":true,"href":"https:\/\/e.kosmolat.eu\/lv\/wp-json\/wp\/v2\/product_tag?post=32179"}],"curies":[{"name":"wp","href":"https:\/\/api.w.org\/{rel}","templated":true}]}}