{"id":32175,"date":"2023-12-21T16:44:24","date_gmt":"2023-12-21T16:44:24","guid":{"rendered":"https:\/\/e.kosmolat.eu\/product\/zelana-juras-sals-dabigais-1000-g\/"},"modified":"2026-04-23T11:39:24","modified_gmt":"2026-04-23T11:39:24","slug":"zelana-juras-sals-dabigais-1000-g","status":"publish","type":"product","link":"https:\/\/e.kosmolat.eu\/lv\/product\/zelana-juras-sals-dabigais-1000-g\/","title":{"rendered":"\u017dELANA J\u016bras s\u0101ls dab\u012bgais, 1000 g"},"content":{"rendered":"<p>Att\u012br\u012b&scaron;ana un \u0101r\u0113j\u0101 izskata uzlabo&scaron;ana, un to uztur\u0113&scaron;ana. Uzlabo \u0101das&nbsp;aizsargfunkcijas, mazina nogurumu, uzlabo noska\u0146ojumu.<\/p>\n<p><strong>Lieto&scaron;ana:&nbsp;<\/strong>iz&scaron;\u0137\u012bdin\u0101t j\u016bras s\u0101li silt\u0101 \u016bden\u012b (37&deg;C-38&deg;C) &#8211; 250 g s\u0101ls (10 \u0113damkarotes). Vanno&scaron;an\u0101s ilgums 15 min, p\u0113c tam noskaloties ar teko&scaron;u \u016bdeni. Neizmantot ziepes. P\u0113c vanno&scaron;an\u0101s apgulties uz 20 min.<\/p>\n","protected":false},"excerpt":{"rendered":"<p>Att\u012br\u012b&scaron;ana un \u0101r\u0113j\u0101 izskata uzlabo&scaron;ana, un to uztur\u0113&scaron;ana. Uzlabo \u0101das&nbsp;aizsargfunkcijas, mazina nogurumu, uzlabo noska\u0146ojumu. Lieto&scaron;ana:&nbsp;iz&scaron;\u0137\u012bdin\u0101t j\u016bras s\u0101li silt\u0101 \u016bden\u012b (37&deg;C-38&deg;C) &#8211; 250 g s\u0101ls (10 \u0113damkarotes). Vanno&scaron;an\u0101s ilgums 15 min, p\u0113c tam noskaloties ar teko&scaron;u \u016bdeni. Neizmantot ziepes. P\u0113c vanno&scaron;an\u0101s apgulties uz 20 min.<\/p>\n","protected":false},"featured_media":78678,"template":"","meta":[],"product_cat":[1610],"product_tag":[],"class_list":{"0":"post-32175","1":"product","2":"type-product","3":"status-publish","4":"has-post-thumbnail","6":"product_brand-aqua-cosmetics_ua","7":"product_cat-vannas-putas-sali-bumbas","9":"first","10":"instock","11":"taxable","12":"shipping-taxable","13":"product-type-simple"},"_links":{"self":[{"href":"https:\/\/e.kosmolat.eu\/lv\/wp-json\/wp\/v2\/product\/32175","targetHints":{"allow":["GET"]}}],"collection":[{"href":"https:\/\/e.kosmolat.eu\/lv\/wp-json\/wp\/v2\/product"}],"about":[{"href":"https:\/\/e.kosmolat.eu\/lv\/wp-json\/wp\/v2\/types\/product"}],"wp:featuredmedia":[{"embeddable":true,"href":"https:\/\/e.kosmolat.eu\/lv\/wp-json\/wp\/v2\/media\/78678"}],"wp:attachment":[{"href":"https:\/\/e.kosmolat.eu\/lv\/wp-json\/wp\/v2\/media?parent=32175"}],"wp:term":[{"taxonomy":"product_cat","embeddable":true,"href":"https:\/\/e.kosmolat.eu\/lv\/wp-json\/wp\/v2\/product_cat?post=32175"},{"taxonomy":"product_tag","embeddable":true,"href":"https:\/\/e.kosmolat.eu\/lv\/wp-json\/wp\/v2\/product_tag?post=32175"}],"curies":[{"name":"wp","href":"https:\/\/api.w.org\/{rel}","templated":true}]}}