{"id":32171,"date":"2023-12-21T16:44:12","date_gmt":"2023-12-21T16:44:12","guid":{"rendered":"https:\/\/e.kosmolat.eu\/product\/sals-vannam-ar-putam-un-kaolinu-hohoba-500-g\/"},"modified":"2026-04-22T08:33:09","modified_gmt":"2026-04-22T08:33:09","slug":"sals-vannam-ar-putam-un-kaolinu-hohoba-500-g","status":"publish","type":"product","link":"https:\/\/e.kosmolat.eu\/lv\/product\/sals-vannam-ar-putam-un-kaolinu-hohoba-500-g\/","title":{"rendered":"S\u0101ls vann\u0101m ar put\u0101m un kaol\u012bnu &#8220;Hohoba&#8221;, 500 g"},"content":{"rendered":"<p>Vannas sls ar put\u0101m, kaol\u012bnu un hohobas \u0113tere\u013c\u013cu.<\/p>\n<p>S\u0101ls ar maigu smar\u017eu no\u0146ems stresu. Hohobas e\u013c\u013cai piem\u012bt uzlabojo&scaron;as \u012bpa&scaron;\u012bbas, t\u0101 baro, m\u012bkstina un nomierina \u0101du. Kaol\u012bns (baltais m\u0101ls) uzlabo \u0101das pamatfunkcijas, asinsriti un vielmai\u0146u.<\/p>\n<p><strong>Lieto&scaron;ana: <\/strong>iz&scaron;\u0137\u012bdin\u0101t 250 g vannas s\u0101ls teko&scaron;\u0101 \u016bden\u012b (+37 &deg;C). Vanno&scaron;an\u0101s laiks: 15-20 min.<\/p>\n<p>Uzglab\u0101t temperat\u016br\u0101 no 0 &deg;C l\u012bdz +25 &deg;C, sl\u0113gt\u0101s telp\u0101s, sarg\u0101jot no tie&scaron;o saules staru iedarb\u012bbas.<\/p>\n","protected":false},"excerpt":{"rendered":"<p>Vannas sls ar put\u0101m, kaol\u012bnu un hohobas \u0113tere\u013c\u013cu. S\u0101ls ar maigu smar\u017eu no\u0146ems stresu. Hohobas e\u013c\u013cai piem\u012bt uzlabojo&scaron;as \u012bpa&scaron;\u012bbas, t\u0101 baro, m\u012bkstina un nomierina \u0101du. Kaol\u012bns (baltais m\u0101ls) uzlabo \u0101das pamatfunkcijas, asinsriti un vielmai\u0146u. Lieto&scaron;ana: iz&scaron;\u0137\u012bdin\u0101t 250 g vannas s\u0101ls teko&scaron;\u0101 \u016bden\u012b (+37 &deg;C). Vanno&scaron;an\u0101s laiks: 15-20 min. Uzglab\u0101t temperat\u016br\u0101 no 0 &deg;C l\u012bdz +25 [&#8230;]\n","protected":false},"featured_media":78746,"template":"","meta":[],"product_cat":[1999],"product_tag":[],"class_list":{"0":"post-32171","1":"product","2":"type-product","3":"status-publish","4":"has-post-thumbnail","6":"product_brand-aqua-cosmetics_ua","7":"product_cat-bez-kategorijas","9":"first","10":"instock","11":"taxable","12":"shipping-taxable","13":"product-type-simple"},"_links":{"self":[{"href":"https:\/\/e.kosmolat.eu\/lv\/wp-json\/wp\/v2\/product\/32171","targetHints":{"allow":["GET"]}}],"collection":[{"href":"https:\/\/e.kosmolat.eu\/lv\/wp-json\/wp\/v2\/product"}],"about":[{"href":"https:\/\/e.kosmolat.eu\/lv\/wp-json\/wp\/v2\/types\/product"}],"wp:featuredmedia":[{"embeddable":true,"href":"https:\/\/e.kosmolat.eu\/lv\/wp-json\/wp\/v2\/media\/78746"}],"wp:attachment":[{"href":"https:\/\/e.kosmolat.eu\/lv\/wp-json\/wp\/v2\/media?parent=32171"}],"wp:term":[{"taxonomy":"product_cat","embeddable":true,"href":"https:\/\/e.kosmolat.eu\/lv\/wp-json\/wp\/v2\/product_cat?post=32171"},{"taxonomy":"product_tag","embeddable":true,"href":"https:\/\/e.kosmolat.eu\/lv\/wp-json\/wp\/v2\/product_tag?post=32171"}],"curies":[{"name":"wp","href":"https:\/\/api.w.org\/{rel}","templated":true}]}}