{"id":32167,"date":"2023-12-21T16:44:01","date_gmt":"2023-12-21T16:44:01","guid":{"rendered":"https:\/\/e.kosmolat.eu\/product\/sals-vannam-ar-putam-un-kaolinu-ilang-ilang-500-g\/"},"modified":"2026-04-22T11:29:04","modified_gmt":"2026-04-22T11:29:04","slug":"sals-vannam-ar-putam-un-kaolinu-ilang-ilang-500-g","status":"publish","type":"product","link":"https:\/\/e.kosmolat.eu\/lv\/product\/sals-vannam-ar-putam-un-kaolinu-ilang-ilang-500-g\/","title":{"rendered":"S\u0101ls vann\u0101m ar put\u0101m un kaol\u012bnu &#8220;Ilang Ilang&#8221;, 500 g"},"content":{"rendered":"<p>S\u0101ls vannai ar put\u0101m un kaol\u012bnu. Ilang-Ilanga \u0113tere\u013c\u013ca.<br \/>\nS\u0101ls vanna ar  put\u0101m un maigu smar\u017eu no\u0146ems stresu.<\/p>\n<p>Ilang-ilangs atjauno,toniz\u0113 \u0101du, pasarg\u0101  no nelabv\u0113l\u012bgas klimatisko apst\u0101k\u013cu ietekmes, tam piem\u012bt antidepres\u012bva un toniz\u0113jo\u0161\u0101 iedarb\u012bba.<br \/>\nKaol\u012bns (baltais m\u0101ls) uzlabo \u0101das pamatfunkcijas, asinsriti un vielmai\u0146u.\n<\/p>\n<h4>\nLieto\u0161ana: <\/h4>\n<p>Iz\u0161\u0137\u012bdin\u0101t 250 g  s\u0101ls vann\u0101 teko\u0161\u0101 \u016bden\u012b (t\u00b0 +37\u00b0C). Vanno\u0161anas laiks: 15-20 min.\n<\/p>\n<p>\nUZGLAB\u0100\u0160ANAS TEMPERAT\u016aRA: +5 l\u012bdz +25\u00b0 C sl\u0113gtaj\u0101s noliktavas telp\u0101s, sarg\u0101t no tie\u0161o saules staru iedarb\u012bbas.<\/p>\n","protected":false},"excerpt":{"rendered":"<p>S\u0101ls vannai ar put\u0101m un kaol\u012bnu. Ilang-Ilanga \u0113tere\u013c\u013ca. S\u0101ls vanna ar put\u0101m un maigu smar\u017eu no\u0146ems stresu. Ilang-ilangs atjauno,toniz\u0113 \u0101du, pasarg\u0101 no nelabv\u0113l\u012bgas klimatisko apst\u0101k\u013cu ietekmes, tam piem\u012bt antidepres\u012bva un toniz\u0113jo\u0161\u0101 iedarb\u012bba. Kaol\u012bns (baltais m\u0101ls) uzlabo \u0101das pamatfunkcijas, asinsriti un vielmai\u0146u. Lieto\u0161ana: Iz\u0161\u0137\u012bdin\u0101t 250 g s\u0101ls vann\u0101 teko\u0161\u0101 \u016bden\u012b (t\u00b0 +37\u00b0C). Vanno\u0161anas laiks: 15-20 min. [&#8230;]\n","protected":false},"featured_media":78742,"template":"","meta":[],"product_cat":[2181],"product_tag":[],"class_list":{"0":"post-32167","1":"product","2":"type-product","3":"status-publish","4":"has-post-thumbnail","6":"product_brand-aqua-cosmetics_ua","7":"product_cat-bez-kategorijas-lt","9":"first","10":"instock","11":"taxable","12":"shipping-taxable","13":"product-type-simple"},"_links":{"self":[{"href":"https:\/\/e.kosmolat.eu\/lv\/wp-json\/wp\/v2\/product\/32167","targetHints":{"allow":["GET"]}}],"collection":[{"href":"https:\/\/e.kosmolat.eu\/lv\/wp-json\/wp\/v2\/product"}],"about":[{"href":"https:\/\/e.kosmolat.eu\/lv\/wp-json\/wp\/v2\/types\/product"}],"wp:featuredmedia":[{"embeddable":true,"href":"https:\/\/e.kosmolat.eu\/lv\/wp-json\/wp\/v2\/media\/78742"}],"wp:attachment":[{"href":"https:\/\/e.kosmolat.eu\/lv\/wp-json\/wp\/v2\/media?parent=32167"}],"wp:term":[{"taxonomy":"product_cat","embeddable":true,"href":"https:\/\/e.kosmolat.eu\/lv\/wp-json\/wp\/v2\/product_cat?post=32167"},{"taxonomy":"product_tag","embeddable":true,"href":"https:\/\/e.kosmolat.eu\/lv\/wp-json\/wp\/v2\/product_tag?post=32167"}],"curies":[{"name":"wp","href":"https:\/\/api.w.org\/{rel}","templated":true}]}}