{"id":32163,"date":"2023-12-21T16:43:50","date_gmt":"2023-12-21T16:43:50","guid":{"rendered":"https:\/\/e.kosmolat.eu\/product\/sals-vannam-ar-putam-un-kaolinu-roze-500-g\/"},"modified":"2026-04-22T09:10:53","modified_gmt":"2026-04-22T09:10:53","slug":"sals-vannam-ar-putam-un-kaolinu-roze-500-g","status":"publish","type":"product","link":"https:\/\/e.kosmolat.eu\/lv\/product\/sals-vannam-ar-putam-un-kaolinu-roze-500-g\/","title":{"rendered":"S\u0101ls vann\u0101m ar put\u0101m un kaol\u012bnu &#8220;Roze&#8221;, 500 g"},"content":{"rendered":"<p>S\u0101ls vannai ar put\u0101m un kaol\u012bnu. Rozes \u0113tere\u013c\u013ca.<\/p>\n<p>S\u0101ls vanna ar  put\u0101m un maigu smar\u017eu no\u0146ems stresu.<br \/>\nRoze ir lielisks l\u012bdzeklis visu tipu \u0101das kop\u0161anai, tai piem\u012bt toniz\u0113jo\u0161a un atjaunojo\u0161a iedarb\u012bba. Normaliz\u0113 miegu un nov\u0113r\u0161 stresa sekas.<br \/>\nKaol\u012bns (baltais m\u0101ls) uzlabo \u0101das pamatfunkcijas, asinsriti un vielmai\u0146u.<\/p>\n<p>LIETO\u0160ANA: Iz\u0161\u0137\u012bdin\u0101t 250 g  s\u0101ls vann\u0101 teko\u0161\u0101 \u016bden\u012b (t\u00b0 +37\u00b0C). Vanno\u0161anas laiks: 15-20 min.<\/p>\n<p>UZGLAB\u0100\u0160ANAS TEMPERAT\u016aRA: +5 l\u012bdz +25\u00b0 C sl\u0113gtaj\u0101s noliktavas telp\u0101s, sarg\u0101t no tie\u0161o saules staru iedarb\u012bbas.<\/p>\n","protected":false},"excerpt":{"rendered":"<p>S\u0101ls vannai ar put\u0101m un kaol\u012bnu. Rozes \u0113tere\u013c\u013ca. S\u0101ls vanna ar put\u0101m un maigu smar\u017eu no\u0146ems stresu. Roze ir lielisks l\u012bdzeklis visu tipu \u0101das kop\u0161anai, tai piem\u012bt toniz\u0113jo\u0161a un atjaunojo\u0161a iedarb\u012bba. Normaliz\u0113 miegu un nov\u0113r\u0161 stresa sekas. Kaol\u012bns (baltais m\u0101ls) uzlabo \u0101das pamatfunkcijas, asinsriti un vielmai\u0146u. LIETO\u0160ANA: Iz\u0161\u0137\u012bdin\u0101t 250 g s\u0101ls vann\u0101 teko\u0161\u0101 \u016bden\u012b (t\u00b0 [&#8230;]\n","protected":false},"featured_media":78738,"template":"","meta":[],"product_cat":[2181],"product_tag":[],"class_list":{"0":"post-32163","1":"product","2":"type-product","3":"status-publish","4":"has-post-thumbnail","6":"product_brand-aqua-cosmetics_ua","7":"product_cat-bez-kategorijas-lt","9":"first","10":"instock","11":"taxable","12":"shipping-taxable","13":"product-type-simple"},"_links":{"self":[{"href":"https:\/\/e.kosmolat.eu\/lv\/wp-json\/wp\/v2\/product\/32163","targetHints":{"allow":["GET"]}}],"collection":[{"href":"https:\/\/e.kosmolat.eu\/lv\/wp-json\/wp\/v2\/product"}],"about":[{"href":"https:\/\/e.kosmolat.eu\/lv\/wp-json\/wp\/v2\/types\/product"}],"wp:featuredmedia":[{"embeddable":true,"href":"https:\/\/e.kosmolat.eu\/lv\/wp-json\/wp\/v2\/media\/78738"}],"wp:attachment":[{"href":"https:\/\/e.kosmolat.eu\/lv\/wp-json\/wp\/v2\/media?parent=32163"}],"wp:term":[{"taxonomy":"product_cat","embeddable":true,"href":"https:\/\/e.kosmolat.eu\/lv\/wp-json\/wp\/v2\/product_cat?post=32163"},{"taxonomy":"product_tag","embeddable":true,"href":"https:\/\/e.kosmolat.eu\/lv\/wp-json\/wp\/v2\/product_tag?post=32163"}],"curies":[{"name":"wp","href":"https:\/\/api.w.org\/{rel}","templated":true}]}}