{"id":32155,"date":"2023-12-21T16:43:25","date_gmt":"2023-12-21T16:43:25","guid":{"rendered":"https:\/\/e.kosmolat.eu\/product\/sals-vannam-ar-putam-un-kaolinu-zala-teja-500-g\/"},"modified":"2026-04-22T09:54:26","modified_gmt":"2026-04-22T09:54:26","slug":"sals-vannam-ar-putam-un-kaolinu-zala-teja-500-g","status":"publish","type":"product","link":"https:\/\/e.kosmolat.eu\/lv\/product\/sals-vannam-ar-putam-un-kaolinu-zala-teja-500-g\/","title":{"rendered":"S\u0101ls vann\u0101m ar put\u0101m un kaol\u012bnu &#8220;Za\u013ca t\u0113ja&#8221;, 500 g"},"content":{"rendered":"<p>\u201eGAID\u012aTA\u201d s\u0101ls vannai ar put\u0101m un kaol\u012bnu. Za\u013c\u0101s t\u0113jas \u0113tere\u013c\u013ca.<\/p>\n<p>S\u0101ls vanna ar  put\u0101m un maigu smar\u017eu no\u0146ems stresu.<\/p>\n<p>Za\u013c\u0101 t\u0113ja paaugstina darbasp\u0113ju un stresa notur\u012bgumu, nostiprina imunit\u0101ti.<br \/>\nKaol\u012bns (baltais m\u0101ls) uzlabo \u0101das pamatfunkcijas, asinsriti un vielmai\u0146u.<\/p>\n<p>LIETO\u0160ANA: Iz\u0161\u0137\u012bdin\u0101t 250 g  s\u0101ls vann\u0101 teko\u0161\u0101 \u016bden\u012b (t\u00b0 +37\u00b0C). Vanno\u0161anas laiks: 15-20 min.<\/p>\n<p>UZGLAB\u0100\u0160ANAS TEMPERAT\u016aRA: +5 l\u012bdz +25\u00b0 C sl\u0113gtaj\u0101s noliktavas telp\u0101s, sarg\u0101t no tie\u0161o saules staru iedarb\u012bbas.<\/p>\n","protected":false},"excerpt":{"rendered":"<p>\u201eGAID\u012aTA\u201d s\u0101ls vannai ar put\u0101m un kaol\u012bnu. Za\u013c\u0101s t\u0113jas \u0113tere\u013c\u013ca. S\u0101ls vanna ar put\u0101m un maigu smar\u017eu no\u0146ems stresu. Za\u013c\u0101 t\u0113ja paaugstina darbasp\u0113ju un stresa notur\u012bgumu, nostiprina imunit\u0101ti. Kaol\u012bns (baltais m\u0101ls) uzlabo \u0101das pamatfunkcijas, asinsriti un vielmai\u0146u. LIETO\u0160ANA: Iz\u0161\u0137\u012bdin\u0101t 250 g s\u0101ls vann\u0101 teko\u0161\u0101 \u016bden\u012b (t\u00b0 +37\u00b0C). Vanno\u0161anas laiks: 15-20 min. UZGLAB\u0100\u0160ANAS TEMPERAT\u016aRA: +5 l\u012bdz [&#8230;]\n","protected":false},"featured_media":78730,"template":"","meta":[],"product_cat":[2181],"product_tag":[],"class_list":{"0":"post-32155","1":"product","2":"type-product","3":"status-publish","4":"has-post-thumbnail","6":"product_brand-aqua-cosmetics_ua","7":"product_cat-bez-kategorijas-lt","9":"first","10":"instock","11":"taxable","12":"shipping-taxable","13":"product-type-simple"},"_links":{"self":[{"href":"https:\/\/e.kosmolat.eu\/lv\/wp-json\/wp\/v2\/product\/32155","targetHints":{"allow":["GET"]}}],"collection":[{"href":"https:\/\/e.kosmolat.eu\/lv\/wp-json\/wp\/v2\/product"}],"about":[{"href":"https:\/\/e.kosmolat.eu\/lv\/wp-json\/wp\/v2\/types\/product"}],"wp:featuredmedia":[{"embeddable":true,"href":"https:\/\/e.kosmolat.eu\/lv\/wp-json\/wp\/v2\/media\/78730"}],"wp:attachment":[{"href":"https:\/\/e.kosmolat.eu\/lv\/wp-json\/wp\/v2\/media?parent=32155"}],"wp:term":[{"taxonomy":"product_cat","embeddable":true,"href":"https:\/\/e.kosmolat.eu\/lv\/wp-json\/wp\/v2\/product_cat?post=32155"},{"taxonomy":"product_tag","embeddable":true,"href":"https:\/\/e.kosmolat.eu\/lv\/wp-json\/wp\/v2\/product_tag?post=32155"}],"curies":[{"name":"wp","href":"https:\/\/api.w.org\/{rel}","templated":true}]}}