{"id":32151,"date":"2023-12-21T16:43:13","date_gmt":"2023-12-21T16:43:13","guid":{"rendered":"https:\/\/e.kosmolat.eu\/product\/sals-vannam-ar-eterisku-ellu-tejas-koks-500-g\/"},"modified":"2026-04-17T09:03:32","modified_gmt":"2026-04-17T09:03:32","slug":"sals-vannam-ar-eterisku-ellu-tejas-koks-500-g","status":"publish","type":"product","link":"https:\/\/e.kosmolat.eu\/lv\/product\/sals-vannam-ar-eterisku-ellu-tejas-koks-500-g\/","title":{"rendered":"S\u0101ls vann\u0101m ar \u0113terisku e\u013c\u013cu &#8220;T\u0113jas koks&#8221;, 500 g"},"content":{"rendered":"<p>Ekolo\u0123iski t\u012brs j\u016bras s\u0101ls ir bag\u0101t\u012bgs dab\u012bgs s\u0101ls un mikroelementu koncentr\u0101ts, kas nepiecie&scaron;ams visu \u0137erme\u0146a org\u0101nu norm\u0101lai darb\u012bbai.<\/p>\n<p>T\u0113jas koka \u0113terisk\u0101 e\u013c\u013ca tiek uzskat\u012bta par vienu no sp\u0113c\u012bg\u0101kajiem un efekt\u012bv\u0101kajiem pretmikrobu un pretiekaisuma sast\u0101vda\u013c\u0101m kosmetolo\u0123ij\u0101. Uzlabo \u0101das st\u0101vokli un stiprina t\u0101s aizsargfunkcijas, k\u0101 ar\u012b stimul\u0113 im\u016bnsist\u0113mas darb\u012bbu. Arom\u0101tisk\u0101 vanna mazina nogurumu, stresu, uzlabo veiktsp\u0113ju un garast\u0101vokli.<\/p>\n<p><strong>Lieto&scaron;ana:<\/strong> viena iepakojuma saturu (500 g) iz&scaron;\u0137\u012bd\u0101t silt\u0101 vannas \u016bden\u012b (37 &ordm;\u0421 &#8211; 40 &ordm;\u0421). Vannoties 15 min\u016btes. Noskalot \u0137erme\u0146a \u0101du ar teko&scaron;u \u016bdeni. Nelietot ziepes. P\u0113c vanno&scaron;an\u0101s atp\u016bsties 20 min\u016btes. Ieteicamais kurss: 8-10 vannas 14-20 dienu laik\u0101.<br \/>\n&nbsp;<\/p>\n","protected":false},"excerpt":{"rendered":"<p>Ekolo\u0123iski t\u012brs j\u016bras s\u0101ls ir bag\u0101t\u012bgs dab\u012bgs s\u0101ls un mikroelementu koncentr\u0101ts, kas nepiecie&scaron;ams visu \u0137erme\u0146a org\u0101nu norm\u0101lai darb\u012bbai. T\u0113jas koka \u0113terisk\u0101 e\u013c\u013ca tiek uzskat\u012bta par vienu no sp\u0113c\u012bg\u0101kajiem un efekt\u012bv\u0101kajiem pretmikrobu un pretiekaisuma sast\u0101vda\u013c\u0101m kosmetolo\u0123ij\u0101. Uzlabo \u0101das st\u0101vokli un stiprina t\u0101s aizsargfunkcijas, k\u0101 ar\u012b stimul\u0113 im\u016bnsist\u0113mas darb\u012bbu. Arom\u0101tisk\u0101 vanna mazina nogurumu, stresu, uzlabo veiktsp\u0113ju un [&#8230;]\n","protected":false},"featured_media":78718,"template":"","meta":[],"product_cat":[1612],"product_tag":[],"class_list":{"0":"post-32151","1":"product","2":"type-product","3":"status-publish","4":"has-post-thumbnail","6":"product_brand-aqua-cosmetics_ua","7":"product_cat-putos-druska-vonios-bombos","9":"first","10":"instock","11":"taxable","12":"shipping-taxable","13":"product-type-simple"},"_links":{"self":[{"href":"https:\/\/e.kosmolat.eu\/lv\/wp-json\/wp\/v2\/product\/32151","targetHints":{"allow":["GET"]}}],"collection":[{"href":"https:\/\/e.kosmolat.eu\/lv\/wp-json\/wp\/v2\/product"}],"about":[{"href":"https:\/\/e.kosmolat.eu\/lv\/wp-json\/wp\/v2\/types\/product"}],"wp:featuredmedia":[{"embeddable":true,"href":"https:\/\/e.kosmolat.eu\/lv\/wp-json\/wp\/v2\/media\/78718"}],"wp:attachment":[{"href":"https:\/\/e.kosmolat.eu\/lv\/wp-json\/wp\/v2\/media?parent=32151"}],"wp:term":[{"taxonomy":"product_cat","embeddable":true,"href":"https:\/\/e.kosmolat.eu\/lv\/wp-json\/wp\/v2\/product_cat?post=32151"},{"taxonomy":"product_tag","embeddable":true,"href":"https:\/\/e.kosmolat.eu\/lv\/wp-json\/wp\/v2\/product_tag?post=32151"}],"curies":[{"name":"wp","href":"https:\/\/api.w.org\/{rel}","templated":true}]}}