{"id":32147,"date":"2023-12-21T16:43:02","date_gmt":"2023-12-21T16:43:02","guid":{"rendered":"https:\/\/e.kosmolat.eu\/product\/sals-vannam-ar-eterisku-ellu-priede-500-g\/"},"modified":"2026-04-22T11:28:48","modified_gmt":"2026-04-22T11:28:48","slug":"sals-vannam-ar-eterisku-ellu-priede-500-g","status":"publish","type":"product","link":"https:\/\/e.kosmolat.eu\/lv\/product\/sals-vannam-ar-eterisku-ellu-priede-500-g\/","title":{"rendered":"S\u0101ls vann\u0101m ar \u0113terisku e\u013c\u013cu &#8220;Priede&#8221;, 500 g"},"content":{"rendered":"<p>Ekolo\u0123iski t\u012brs j\u016bras s\u0101ls ir bag\u0101t\u012bgs dab\u012bgs s\u0101ls un mikroelementu koncentr\u0101ts, kas nepiecie&scaron;ams visu \u0137erme\u0146a org\u0101nu norm\u0101lai darb\u012bbai.<\/p>\n<p>Prie\u017eu \u0113terisk\u0101s e\u013c\u013cas \u012bpa&scaron;\u0101s sve\u0137ain\u0101s sast\u0101vda\u013cas stimul\u0113 \u0101das &scaron;\u016bnu vielmai\u0146u, veicina atjauno&scaron;an\u0101s procesus. Arom\u0101tisk\u0101 vanna ar priedes \u0113terisko e\u013c\u013cu sasilda un atsl\u0101bina musku\u013cus, mazina nogurumu, stresu, palielina veiktsp\u0113ju un uzlabo garast\u0101vokli.<\/p>\n<p><strong>Lieto&scaron;ana: <\/strong>viena iepakojuma saturu (500 g) iz&scaron;\u0137\u012bd\u0101t silt\u0101 vannas \u016bden\u012b (37 &ordm;\u0421 &#8211; 40 &ordm;\u0421). Vannoties 15 min\u016btes. Noskalot \u0137erme\u0146a \u0101du ar teko&scaron;u \u016bdeni. Nelietot ziepes. P\u0113c vanno&scaron;an\u0101s atp\u016bsties 20 min\u016btes. Ieteicamais kurss: 8-10 vannas 14-20 dienu laik\u0101.<br \/>\n&nbsp;<\/p>\n","protected":false},"excerpt":{"rendered":"<p>Ekolo\u0123iski t\u012brs j\u016bras s\u0101ls ir bag\u0101t\u012bgs dab\u012bgs s\u0101ls un mikroelementu koncentr\u0101ts, kas nepiecie&scaron;ams visu \u0137erme\u0146a org\u0101nu norm\u0101lai darb\u012bbai. Prie\u017eu \u0113terisk\u0101s e\u013c\u013cas \u012bpa&scaron;\u0101s sve\u0137ain\u0101s sast\u0101vda\u013cas stimul\u0113 \u0101das &scaron;\u016bnu vielmai\u0146u, veicina atjauno&scaron;an\u0101s procesus. Arom\u0101tisk\u0101 vanna ar priedes \u0113terisko e\u013c\u013cu sasilda un atsl\u0101bina musku\u013cus, mazina nogurumu, stresu, palielina veiktsp\u0113ju un uzlabo garast\u0101vokli. Lieto&scaron;ana: viena iepakojuma saturu (500 g) [&#8230;]\n","protected":false},"featured_media":78714,"template":"","meta":[],"product_cat":[2181],"product_tag":[],"class_list":{"0":"post-32147","1":"product","2":"type-product","3":"status-publish","4":"has-post-thumbnail","6":"product_brand-aqua-cosmetics_ua","7":"product_cat-bez-kategorijas-lt","9":"first","10":"instock","11":"taxable","12":"shipping-taxable","13":"product-type-simple"},"_links":{"self":[{"href":"https:\/\/e.kosmolat.eu\/lv\/wp-json\/wp\/v2\/product\/32147","targetHints":{"allow":["GET"]}}],"collection":[{"href":"https:\/\/e.kosmolat.eu\/lv\/wp-json\/wp\/v2\/product"}],"about":[{"href":"https:\/\/e.kosmolat.eu\/lv\/wp-json\/wp\/v2\/types\/product"}],"wp:featuredmedia":[{"embeddable":true,"href":"https:\/\/e.kosmolat.eu\/lv\/wp-json\/wp\/v2\/media\/78714"}],"wp:attachment":[{"href":"https:\/\/e.kosmolat.eu\/lv\/wp-json\/wp\/v2\/media?parent=32147"}],"wp:term":[{"taxonomy":"product_cat","embeddable":true,"href":"https:\/\/e.kosmolat.eu\/lv\/wp-json\/wp\/v2\/product_cat?post=32147"},{"taxonomy":"product_tag","embeddable":true,"href":"https:\/\/e.kosmolat.eu\/lv\/wp-json\/wp\/v2\/product_tag?post=32147"}],"curies":[{"name":"wp","href":"https:\/\/api.w.org\/{rel}","templated":true}]}}