{"id":32143,"date":"2023-12-21T16:42:50","date_gmt":"2023-12-21T16:42:50","guid":{"rendered":"https:\/\/e.kosmolat.eu\/product\/artcolor-matu-balinasanas-lidzeklis-blondea-20g-15g\/"},"modified":"2025-09-19T15:21:53","modified_gmt":"2025-09-19T15:21:53","slug":"artcolor-matu-balinasanas-lidzeklis-blondea-20g-15g","status":"publish","type":"product","link":"https:\/\/e.kosmolat.eu\/lv\/product\/artcolor-matu-balinasanas-lidzeklis-blondea-20g-15g\/","title":{"rendered":"Artcolor Matu balin\u0101\u0161anas l\u012bdzeklis Blondea,  20g\/15g"},"content":{"rendered":"<p><strong>Komplekt\u0101: <\/strong>pulveris-pastiprin\u0101t\u0101js (20 g pakete), pulveris-hidroper\u012bts (15 g pakete) vai hidroper\u012bta tabletes (10 gab., katra &ndash; 1.5 g), lieto&scaron;anas instrukcija.&nbsp;<\/p>\n<p><strong>Piesardz\u012bbas pas\u0101kumi:<\/strong> lietot saska\u0146\u0101 ar instrukciju. Kr\u0101sai nok\u013c\u016bstot ac\u012bs, izskalot ar lielu \u016bdens daudzumu. Satur \u016bde\u0146ra\u017ea peroks\u012bdu. Nelietot uzacu un skropstu balin\u0101&scaron;anai. Glab\u0101t saus\u0101, v\u0113s\u0101 viet\u0101, sarg\u0101t no tie&scaron;iem saules stariem.&nbsp;<\/p>\n<p><strong>Lieto&scaron;anas instrukcija:<\/strong><\/p>\n<ul>\n<li><strong>Sagatavo&scaron;an\u0101s balin\u0101&scaron;anai:<\/strong> nemet\u0101lisk\u0101 trauk\u0101 samais\u012bt 40 cm3 \u016bdens un hidroper\u012bta pulveri, pievienot pulveri-pastiprin\u0101t\u0101ju, k\u0101rt\u012bgi samais\u012bt (ne maz\u0101k, k\u0101 2 min\u016btes) l\u012bdz viendab\u012bgas g\u0113lveida konsistences ieg\u016b&scaron;anas.&nbsp;<\/li>\n<li><strong>Matu balin\u0101&scaron;ana:<\/strong> ieg\u016bto balin\u0101&scaron;anas mais\u012bjumu uzkl\u0101t uz sausiem, nemazg\u0101tiem matiem, sadalot tos &scaron;\u0137ipsn\u0101s. J\u0101s\u0101k no matu sakn\u0113m pakaus\u012b, izsm\u0113r\u0113jot vis\u0101 matu garum\u0101. Atst\u0101t uz 20-40 min\u016bt\u0113m. Tum&scaron;iem matiem rekomend\u0113jama divreiz\u0113ja matu balin\u0101&scaron;ana ar m\u0113r\u0137i samazin\u0101t dzelteno matu toni.<\/li>\n<li><strong>Nosl\u0113dzo&scaron;a matu apstr\u0101de:<\/strong> p\u0113c iedarb\u012bbas laika noskalot matus ar siltu \u016bdeni un &scaron;amp\u016bnu. Lai pie&scaron;\u0137irtu matiem m\u012bkstumu un sp\u012bdumu lietojiet balzamu matu skalo&scaron;ana<\/li>\n<\/ul>\n<p><strong>Piesardz\u012bbas pas\u0101kumi: <\/strong>lietot aizsargcimdus. P\u0101rbaud\u012bt \u0101das jut\u012bbu. Tam nepiecie&scaron;ams nelielu daudzumu pulvera-pastiprin\u0101t\u0101ja samais\u012bt ar &scaron;amp\u016bna pilienu, nelielu daudzumu \u016bdens un hidroper\u012btu (pulveri vai sasmalcin\u0101tu tableti), uzkl\u0101t uz iek&scaron;\u0113j\u0101s elko\u0146a loc\u012btavas puses vai aiz auss, patur\u0113t 5-10 min. Ja strauji rodas \u0101das kairin\u0101jums, l\u012bdzekli lietot nav ieteicams. Neizmantot balin\u0101t\u0101ju ar dab\u012bgo hennu p\u0113c matu kr\u0101so&scaron;anas. Balin\u0101&scaron;anas laik\u0101 nelietot met\u0101la priek&scaron;metus. Balin\u0101t\u0101ja iedarb\u012bbas pastiprin\u0101&scaron;anai uzvilkt polim\u0113ra cepur<\/p>\n","protected":false},"excerpt":{"rendered":"<p>Komplekt\u0101: pulveris-pastiprin\u0101t\u0101js (20 g pakete), pulveris-hidroper\u012bts (15 g pakete) vai hidroper\u012bta tabletes (10 gab., katra &ndash; 1.5 g), lieto&scaron;anas instrukcija.&nbsp; Piesardz\u012bbas pas\u0101kumi: lietot saska\u0146\u0101 ar instrukciju. Kr\u0101sai nok\u013c\u016bstot ac\u012bs, izskalot ar lielu \u016bdens daudzumu. Satur \u016bde\u0146ra\u017ea peroks\u012bdu. Nelietot uzacu un skropstu balin\u0101&scaron;anai. Glab\u0101t saus\u0101, v\u0113s\u0101 viet\u0101, sarg\u0101t no tie&scaron;iem saules stariem.&nbsp; Lieto&scaron;anas instrukcija: Sagatavo&scaron;an\u0101s balin\u0101&scaron;anai: [&#8230;]\n","protected":false},"featured_media":78674,"template":"","meta":[],"product_cat":[1661],"product_tag":[],"class_list":{"0":"post-32143","1":"product","2":"type-product","3":"status-publish","4":"has-post-thumbnail","6":"product_brand-malina-akcija","7":"product_cat-matu-balinasanas-lidzekli","9":"first","10":"outofstock","11":"taxable","12":"shipping-taxable","13":"product-type-simple"},"_links":{"self":[{"href":"https:\/\/e.kosmolat.eu\/lv\/wp-json\/wp\/v2\/product\/32143","targetHints":{"allow":["GET"]}}],"collection":[{"href":"https:\/\/e.kosmolat.eu\/lv\/wp-json\/wp\/v2\/product"}],"about":[{"href":"https:\/\/e.kosmolat.eu\/lv\/wp-json\/wp\/v2\/types\/product"}],"wp:featuredmedia":[{"embeddable":true,"href":"https:\/\/e.kosmolat.eu\/lv\/wp-json\/wp\/v2\/media\/78674"}],"wp:attachment":[{"href":"https:\/\/e.kosmolat.eu\/lv\/wp-json\/wp\/v2\/media?parent=32143"}],"wp:term":[{"taxonomy":"product_cat","embeddable":true,"href":"https:\/\/e.kosmolat.eu\/lv\/wp-json\/wp\/v2\/product_cat?post=32143"},{"taxonomy":"product_tag","embeddable":true,"href":"https:\/\/e.kosmolat.eu\/lv\/wp-json\/wp\/v2\/product_tag?post=32143"}],"curies":[{"name":"wp","href":"https:\/\/api.w.org\/{rel}","templated":true}]}}