{"id":32139,"date":"2023-12-21T16:42:39","date_gmt":"2023-12-21T16:42:39","guid":{"rendered":"https:\/\/e.kosmolat.eu\/product\/lb-smaganu-skalos-lidz-ar-ozola-mizas-baltegles-ekstr-250-ml\/"},"modified":"2025-09-19T16:08:48","modified_gmt":"2025-09-19T16:08:48","slug":"lb-smaganu-skalos-lidz-ar-ozola-mizas-baltegles-ekstr-250-ml","status":"publish","type":"product","link":"https:\/\/e.kosmolat.eu\/lv\/product\/lb-smaganu-skalos-lidz-ar-ozola-mizas-baltegles-ekstr-250-ml\/","title":{"rendered":"LB Smaganu skalo\u0161. l\u012bdz. ar ozola mizas, baltegles ekstr., 250 ml"},"content":{"rendered":"<ul>\n<li>Nesatur spirtu un cukuru,\n<\/li>\n<li>Satur n\u0101trija flour\u012bdu.\n<\/li>\n<\/ul>\n<p>Izstr\u0101d\u0101ts uz 5 \u0101rstniecisko z\u0101\u013cu un olozu mizas un baltegles ekstraktu b\u0101zes.\n<\/p>\n<p><b>Ozolu mizas ekstraktam <\/b>piem\u012bt asinsapst\u0101jo\u0161\u0101 iedarb\u012bba.\n<\/p>\n<p><b>Baltegles ekstrakts <\/b>pateicoties antibakteri\u0101lai iedarb\u012bbai kav\u0113 patog\u0113no bakt\u0113riju att\u012bst\u012bbu mutes dobum\u0101.\n<\/p>\n<p><b>5 \u0101rstniecisko augu nov\u0101rijums<\/b> (kumel\u012bte, pela\u0161\u0137is, asinsz\u0101le, strutene, n\u0101tre) stiprina smaganas, nodro\u0161ina papildus profilaktisko aizsardz\u012bbu.\n<\/p>\n<h4>P\u0113c kl\u012bniskiem p\u0113t\u012bjumu rezult\u0101tiem:<br \/>\n<\/h4>\n<ul>\n<li>mazina smaganu asi\u0146o\u0161anu l\u012bdz 94%\n<\/li>\n<li>veicina s\u0101pju saj\u016btu likvid\u0113\u0161anu smagan\u0101s 100% pat\u0113r\u0113t\u0101jiem\n<\/li>\n<li>uztur mutes dobuma norm\u0101lo mikrofloru\n<\/li>\n<li>neizsauc disbakteriozi\n<\/li>\n<\/ul>\n<h4>Lieto\u0161ana:<br \/>\n<\/h4>\n<p>Piepild\u012bt v\u0101ci\u0146u ar skalot\u0101ju, r\u016bp\u012bgi skalot mutes dobumu 1 min. Tiek rekomend\u0113tsIzmantot skalot\u0101ju p\u0113c \u0113\u0161anas un zobu t\u012br\u012b\u0161anas.\u00a0<\/p>\n","protected":false},"excerpt":{"rendered":"<p>Nesatur spirtu un cukuru, Satur n\u0101trija flour\u012bdu. Izstr\u0101d\u0101ts uz 5 \u0101rstniecisko z\u0101\u013cu un olozu mizas un baltegles ekstraktu b\u0101zes. Ozolu mizas ekstraktam piem\u012bt asinsapst\u0101jo\u0161\u0101 iedarb\u012bba. Baltegles ekstrakts pateicoties antibakteri\u0101lai iedarb\u012bbai kav\u0113 patog\u0113no bakt\u0113riju att\u012bst\u012bbu mutes dobum\u0101. 5 \u0101rstniecisko augu nov\u0101rijums (kumel\u012bte, pela\u0161\u0137is, asinsz\u0101le, strutene, n\u0101tre) stiprina smaganas, nodro\u0161ina papildus profilaktisko aizsardz\u012bbu. P\u0113c kl\u012bniskiem p\u0113t\u012bjumu rezult\u0101tiem: [&#8230;]\n","protected":false},"featured_media":79366,"template":"","meta":[],"product_cat":[1311],"product_tag":[],"class_list":{"0":"post-32139","1":"product","2":"type-product","3":"status-publish","4":"has-post-thumbnail","6":"product_brand-unilever-rus","7":"product_cat-mutes-skalotaji","9":"first","10":"outofstock","11":"taxable","12":"shipping-taxable","13":"product-type-simple"},"_links":{"self":[{"href":"https:\/\/e.kosmolat.eu\/lv\/wp-json\/wp\/v2\/product\/32139","targetHints":{"allow":["GET"]}}],"collection":[{"href":"https:\/\/e.kosmolat.eu\/lv\/wp-json\/wp\/v2\/product"}],"about":[{"href":"https:\/\/e.kosmolat.eu\/lv\/wp-json\/wp\/v2\/types\/product"}],"wp:featuredmedia":[{"embeddable":true,"href":"https:\/\/e.kosmolat.eu\/lv\/wp-json\/wp\/v2\/media\/79366"}],"wp:attachment":[{"href":"https:\/\/e.kosmolat.eu\/lv\/wp-json\/wp\/v2\/media?parent=32139"}],"wp:term":[{"taxonomy":"product_cat","embeddable":true,"href":"https:\/\/e.kosmolat.eu\/lv\/wp-json\/wp\/v2\/product_cat?post=32139"},{"taxonomy":"product_tag","embeddable":true,"href":"https:\/\/e.kosmolat.eu\/lv\/wp-json\/wp\/v2\/product_tag?post=32139"}],"curies":[{"name":"wp","href":"https:\/\/api.w.org\/{rel}","templated":true}]}}