{"id":32135,"date":"2023-12-21T16:42:25","date_gmt":"2023-12-21T16:42:25","guid":{"rendered":"https:\/\/e.kosmolat.eu\/product\/lb-smaganu-skalos-lidz-ar-ciedru-riekstu-ellu-salvijas-ekstr-250-ml\/"},"modified":"2025-09-19T16:08:33","modified_gmt":"2025-09-19T16:08:33","slug":"lb-smaganu-skalos-lidz-ar-ciedru-riekstu-ellu-salvijas-ekstr-250-ml","status":"publish","type":"product","link":"https:\/\/e.kosmolat.eu\/lv\/product\/lb-smaganu-skalos-lidz-ar-ciedru-riekstu-ellu-salvijas-ekstr-250-ml\/","title":{"rendered":"LB Smaganu skalo\u0161. l\u012bdz. ar ciedru riekstu e\u013c\u013cu, salvijas ekstr., 250 ml"},"content":{"rendered":"<ul>\n<li>Nesatur spirtu, cukuru.\n<\/li>\n<li>Satur n\u0101trija flour\u012bdu.\n<\/li>\n<\/ul>\n<p>Izstr\u0101d\u0101ts uz 5 \u0101rstniecisko z\u0101\u013cu savienojum\u0101 ar salvijas un alvejas ekstraktu b\u0101zes.\u00a0<span style=\"line-height: 1.42857;\"><\/span><\/p>\n<p><b>Salvijas ekstrakts <\/b>pal\u012bdz nov\u0113rst smaganu iekaisumu, pateicoties antibakteri\u0101lai iedarb\u012bbai kav\u0113 patog\u0113no bakt\u0113riju att\u012bst\u012bbu mutes dobum\u0101.\n<\/p>\n<p><b>Ciedru riekstu e\u013c\u013ca<\/b> veicina kairn\u0101juma, niedzes nov\u0113r\u0161anu un stiprina smaganu audus.\n<\/p>\n<p><b>5 \u0101rstniecisko z\u0101\u013cu nov\u0101r\u012bjums<\/b> (kumel\u012bte, pela\u0161\u0137is, asinsz\u0101le, strutene, n\u0101tre) stiprina zobus, nodro\u0161ina papildus profilaktisku aizsardz\u012bbu.\n<\/p>\n<h4>P\u0113c kl\u012bnisko p\u0113t\u012bjumu rezult\u0101tiem:<br \/>\n<\/h4>\n<ul>\n<li>mazina iekaisumu l\u012bdz 93%\n<\/li>\n<li>veicina s\u0101pju saj\u016btu likvid\u0113\u0161anu smagan\u0101s 100% pat\u0113r\u0113t\u0101jiem\n<\/li>\n<li>uztur mutes dobuma norm\u0101lo mirkofloru\n<\/li>\n<li>neizsauc disbakteriozi\n<\/li>\n<\/ul>\n<h4>Lieto\u0161ana:<br \/>\n<\/h4>\n<p>Piepild\u012bt v\u0101ci\u0146u ar skalot\u0101ju, r\u016bp\u012bgi skalot mutes dobumu 1 min. Izmantot skalot\u0101ju ne ret\u0101k k\u0101 2 reizes dien\u0101 p\u0113c \u0113\u0161anas un zobu t\u012br\u012b\u0161anas.\n<\/p>\n<p>Satur n\u0101trija flouridu.<\/p>\n","protected":false},"excerpt":{"rendered":"<p>Nesatur spirtu, cukuru. Satur n\u0101trija flour\u012bdu. Izstr\u0101d\u0101ts uz 5 \u0101rstniecisko z\u0101\u013cu savienojum\u0101 ar salvijas un alvejas ekstraktu b\u0101zes.\u00a0 Salvijas ekstrakts pal\u012bdz nov\u0113rst smaganu iekaisumu, pateicoties antibakteri\u0101lai iedarb\u012bbai kav\u0113 patog\u0113no bakt\u0113riju att\u012bst\u012bbu mutes dobum\u0101. Ciedru riekstu e\u013c\u013ca veicina kairn\u0101juma, niedzes nov\u0113r\u0161anu un stiprina smaganu audus. 5 \u0101rstniecisko z\u0101\u013cu nov\u0101r\u012bjums (kumel\u012bte, pela\u0161\u0137is, asinsz\u0101le, strutene, n\u0101tre) stiprina zobus, [&#8230;]\n","protected":false},"featured_media":79350,"template":"","meta":[],"product_cat":[1311],"product_tag":[],"class_list":{"0":"post-32135","1":"product","2":"type-product","3":"status-publish","4":"has-post-thumbnail","6":"product_brand-unilever-rus","7":"product_cat-mutes-skalotaji","9":"first","10":"outofstock","11":"taxable","12":"shipping-taxable","13":"product-type-simple"},"_links":{"self":[{"href":"https:\/\/e.kosmolat.eu\/lv\/wp-json\/wp\/v2\/product\/32135","targetHints":{"allow":["GET"]}}],"collection":[{"href":"https:\/\/e.kosmolat.eu\/lv\/wp-json\/wp\/v2\/product"}],"about":[{"href":"https:\/\/e.kosmolat.eu\/lv\/wp-json\/wp\/v2\/types\/product"}],"wp:featuredmedia":[{"embeddable":true,"href":"https:\/\/e.kosmolat.eu\/lv\/wp-json\/wp\/v2\/media\/79350"}],"wp:attachment":[{"href":"https:\/\/e.kosmolat.eu\/lv\/wp-json\/wp\/v2\/media?parent=32135"}],"wp:term":[{"taxonomy":"product_cat","embeddable":true,"href":"https:\/\/e.kosmolat.eu\/lv\/wp-json\/wp\/v2\/product_cat?post=32135"},{"taxonomy":"product_tag","embeddable":true,"href":"https:\/\/e.kosmolat.eu\/lv\/wp-json\/wp\/v2\/product_tag?post=32135"}],"curies":[{"name":"wp","href":"https:\/\/api.w.org\/{rel}","templated":true}]}}