{"id":32131,"date":"2023-12-21T16:42:15","date_gmt":"2023-12-21T16:42:15","guid":{"rendered":"https:\/\/e.kosmolat.eu\/product\/srk-kosmetiskais-vazelins-42-ml\/"},"modified":"2025-09-19T15:20:03","modified_gmt":"2025-09-19T15:20:03","slug":"srk-kosmetiskais-vazelins-42-ml","status":"publish","type":"product","link":"https:\/\/e.kosmolat.eu\/lv\/product\/srk-kosmetiskais-vazelins-42-ml\/","title":{"rendered":"SRK  Kosm\u0113tiskais vazel\u012bns, 42 ml"},"content":{"rendered":"<p>L\u012bdzeklis \u0101das m\u012bkstin\u0101\u0161anai un aizsardz\u012bbai. Vazel\u012bns \u2013 \u201cpirm\u0101 pal\u012bdz\u012bba\u201d \u0101dai! Tas lieliski aizsarg\u0101 pret apk\u0101rt\u0113j\u0101s vides nelabv\u0113l\u012bgo iedarb\u012bbu: v\u0113ju, temperat\u016bras sv\u0101rst\u012bb\u0101m, sausu gaisu. Bez tam, vazel\u012bnu var lietot sausu \u0101das laukumu m\u012bkstin\u0101\u0161anai (elko\u0146i, p\u0113das), k\u0101 m\u012bkstino\u0161u l\u016bpu balzamu un k\u0101 pamatu m\u0101j\u0101s pagatavot\u0101m zied\u0113m. Lieto\u0161ana: nelielu daudzumu vazel\u012bna izsm\u0113r\u0113t uz t\u012bras \u0101das. Uzglab\u0101t b\u0113rniem nepieejam\u0101 viet\u0101.\u00a0<\/p>\n","protected":false},"excerpt":{"rendered":"<p>L\u012bdzeklis \u0101das m\u012bkstin\u0101\u0161anai un aizsardz\u012bbai. Vazel\u012bns \u2013 \u201cpirm\u0101 pal\u012bdz\u012bba\u201d \u0101dai! Tas lieliski aizsarg\u0101 pret apk\u0101rt\u0113j\u0101s vides nelabv\u0113l\u012bgo iedarb\u012bbu: v\u0113ju, temperat\u016bras sv\u0101rst\u012bb\u0101m, sausu gaisu. Bez tam, vazel\u012bnu var lietot sausu \u0101das laukumu m\u012bkstin\u0101\u0161anai (elko\u0146i, p\u0113das), k\u0101 m\u012bkstino\u0161u l\u016bpu balzamu un k\u0101 pamatu m\u0101j\u0101s pagatavot\u0101m zied\u0113m. Lieto\u0161ana: nelielu daudzumu vazel\u012bna izsm\u0113r\u0113t uz t\u012bras \u0101das. Uzglab\u0101t b\u0113rniem nepieejam\u0101 [&#8230;]\n","protected":false},"featured_media":78642,"template":"","meta":[],"product_cat":[1388],"product_tag":[],"class_list":{"0":"post-32131","1":"product","2":"type-product","3":"status-publish","4":"has-post-thumbnail","6":"product_brand-unilever-rus","7":"product_cat-kermena-kremi-pienini-sviesti","9":"first","10":"outofstock","11":"taxable","12":"shipping-taxable","13":"product-type-simple"},"_links":{"self":[{"href":"https:\/\/e.kosmolat.eu\/lv\/wp-json\/wp\/v2\/product\/32131","targetHints":{"allow":["GET"]}}],"collection":[{"href":"https:\/\/e.kosmolat.eu\/lv\/wp-json\/wp\/v2\/product"}],"about":[{"href":"https:\/\/e.kosmolat.eu\/lv\/wp-json\/wp\/v2\/types\/product"}],"wp:featuredmedia":[{"embeddable":true,"href":"https:\/\/e.kosmolat.eu\/lv\/wp-json\/wp\/v2\/media\/78642"}],"wp:attachment":[{"href":"https:\/\/e.kosmolat.eu\/lv\/wp-json\/wp\/v2\/media?parent=32131"}],"wp:term":[{"taxonomy":"product_cat","embeddable":true,"href":"https:\/\/e.kosmolat.eu\/lv\/wp-json\/wp\/v2\/product_cat?post=32131"},{"taxonomy":"product_tag","embeddable":true,"href":"https:\/\/e.kosmolat.eu\/lv\/wp-json\/wp\/v2\/product_tag?post=32131"}],"curies":[{"name":"wp","href":"https:\/\/api.w.org\/{rel}","templated":true}]}}