{"id":32127,"date":"2023-12-21T16:42:05","date_gmt":"2023-12-21T16:42:05","guid":{"rendered":"https:\/\/e.kosmolat.eu\/product\/br-barojoss-roku-krems-80-ml\/"},"modified":"2025-09-19T15:19:24","modified_gmt":"2025-09-19T15:19:24","slug":"br-barojoss-roku-krems-80-ml","status":"publish","type":"product","link":"https:\/\/e.kosmolat.eu\/lv\/product\/br-barojoss-roku-krems-80-ml\/","title":{"rendered":"BR Barojo\u0161s roku kr\u0113ms, 80 ml"},"content":{"rendered":"<p>\u0160\u012b sviests, hialurons, provitam\u012bns B5. Intens\u012bvi izl\u012bdzina \u0101du, padara to maigu un m\u012bkstu, pie\u0161\u0137ir rok\u0101m koptu izskatu. Silk Oil Elixir ar mikroe\u013c\u013c\u0101m un z\u012bda prote\u012bniem, kas ir pastiprin\u0101ta ar hialuronu, dzi\u013ci baro, atjauno un nov\u0113r\u0161 5 iemeslus, kas ir saist\u012bti ar \u0101das sausumu: savilkt\u012bba, raupjums, tvirtuma samazin\u0101\u0161an\u0101s, lob\u012b\u0161an\u0101s, mitruma zudums.\n<\/p>\n<p>\n<span style=\"color: inherit; font-family: \"Helvetica Neue\", Helvetica, Arial, sans-serif; font-size: 18px;\">Lieto\u0161ana:\u00a0<\/span><\/p>\n<p>uzkl\u0101jiet uz t\u012bras sausas \u0101das, viegli mas\u0113jot l\u012bdz tas piln\u012bgi uzs\u016bcas. Lietojiet nepiecie\u0161am\u012bbas gad\u012bjum\u0101.<\/p>\n","protected":false},"excerpt":{"rendered":"<p>\u0160\u012b sviests, hialurons, provitam\u012bns B5. Intens\u012bvi izl\u012bdzina \u0101du, padara to maigu un m\u012bkstu, pie\u0161\u0137ir rok\u0101m koptu izskatu. Silk Oil Elixir ar mikroe\u013c\u013c\u0101m un z\u012bda prote\u012bniem, kas ir pastiprin\u0101ta ar hialuronu, dzi\u013ci baro, atjauno un nov\u0113r\u0161 5 iemeslus, kas ir saist\u012bti ar \u0101das sausumu: savilkt\u012bba, raupjums, tvirtuma samazin\u0101\u0161an\u0101s, lob\u012b\u0161an\u0101s, mitruma zudums. Lieto\u0161ana:\u00a0 uzkl\u0101jiet uz t\u012bras sausas [&#8230;]\n","protected":false},"featured_media":78630,"template":"","meta":[],"product_cat":[1302],"product_tag":[],"class_list":{"0":"post-32127","1":"product","2":"type-product","3":"status-publish","4":"has-post-thumbnail","6":"product_brand-unilever-rus","7":"product_cat-roku-kopsanas-kosmetika","9":"first","10":"outofstock","11":"taxable","12":"shipping-taxable","13":"product-type-simple"},"_links":{"self":[{"href":"https:\/\/e.kosmolat.eu\/lv\/wp-json\/wp\/v2\/product\/32127","targetHints":{"allow":["GET"]}}],"collection":[{"href":"https:\/\/e.kosmolat.eu\/lv\/wp-json\/wp\/v2\/product"}],"about":[{"href":"https:\/\/e.kosmolat.eu\/lv\/wp-json\/wp\/v2\/types\/product"}],"wp:featuredmedia":[{"embeddable":true,"href":"https:\/\/e.kosmolat.eu\/lv\/wp-json\/wp\/v2\/media\/78630"}],"wp:attachment":[{"href":"https:\/\/e.kosmolat.eu\/lv\/wp-json\/wp\/v2\/media?parent=32127"}],"wp:term":[{"taxonomy":"product_cat","embeddable":true,"href":"https:\/\/e.kosmolat.eu\/lv\/wp-json\/wp\/v2\/product_cat?post=32127"},{"taxonomy":"product_tag","embeddable":true,"href":"https:\/\/e.kosmolat.eu\/lv\/wp-json\/wp\/v2\/product_tag?post=32127"}],"curies":[{"name":"wp","href":"https:\/\/api.w.org\/{rel}","templated":true}]}}