{"id":32123,"date":"2023-12-21T16:41:54","date_gmt":"2023-12-21T16:41:54","guid":{"rendered":"https:\/\/e.kosmolat.eu\/product\/br-sk-kremziepes-intensiva-barosana-240-ml\/"},"modified":"2025-09-19T15:19:12","modified_gmt":"2025-09-19T15:19:12","slug":"br-sk-kremziepes-intensiva-barosana-240-ml","status":"publish","type":"product","link":"https:\/\/e.kosmolat.eu\/lv\/product\/br-sk-kremziepes-intensiva-barosana-240-ml\/","title":{"rendered":"BR  \u0160\u0137. kr\u0113mziepes &#8220;Intens\u012bva baro\u0161ana&#8221;, 240 ml"},"content":{"rendered":"<p>Ultra-maiga att\u012br\u012b\u0161ana un baro\u0161ana.  Eksperti roku kop\u0161an\u0101 izveidoja kr\u0113mziepju \u012bpa\u0161u formulu. <\/p>\n<p>Tikai kr\u0113mziepes &#8220;Barhatnije ru\u010dki&#8221; uz 20% sast\u0101v no atjaunojo\u0161a seruma un p\u0101rv\u0113r\u0161 roku mazg\u0101\u0161anu &#8211; kop\u0161an\u0101. <\/p>\n<ul>\n<li>Nesatur kr\u0101svielas<\/li>\n<li>Atbilst dabisk<span style=\"line-height: 1.42857;\">am \u0101das pH l\u012bmenim<\/span><\/li>\n<\/ul>\n","protected":false},"excerpt":{"rendered":"<p>Ultra-maiga att\u012br\u012b\u0161ana un baro\u0161ana. Eksperti roku kop\u0161an\u0101 izveidoja kr\u0113mziepju \u012bpa\u0161u formulu. Tikai kr\u0113mziepes &#8220;Barhatnije ru\u010dki&#8221; uz 20% sast\u0101v no atjaunojo\u0161a seruma un p\u0101rv\u0113r\u0161 roku mazg\u0101\u0161anu &#8211; kop\u0161an\u0101. Nesatur kr\u0101svielas Atbilst dabiskam \u0101das pH l\u012bmenim<\/p>\n","protected":false},"featured_media":78626,"template":"","meta":[],"product_cat":[1607],"product_tag":[],"class_list":{"0":"post-32123","1":"product","2":"type-product","3":"status-publish","4":"has-post-thumbnail","6":"product_brand-unilever-rus","7":"product_cat-ziepes","9":"first","10":"outofstock","11":"taxable","12":"shipping-taxable","13":"product-type-simple"},"_links":{"self":[{"href":"https:\/\/e.kosmolat.eu\/lv\/wp-json\/wp\/v2\/product\/32123","targetHints":{"allow":["GET"]}}],"collection":[{"href":"https:\/\/e.kosmolat.eu\/lv\/wp-json\/wp\/v2\/product"}],"about":[{"href":"https:\/\/e.kosmolat.eu\/lv\/wp-json\/wp\/v2\/types\/product"}],"wp:featuredmedia":[{"embeddable":true,"href":"https:\/\/e.kosmolat.eu\/lv\/wp-json\/wp\/v2\/media\/78626"}],"wp:attachment":[{"href":"https:\/\/e.kosmolat.eu\/lv\/wp-json\/wp\/v2\/media?parent=32123"}],"wp:term":[{"taxonomy":"product_cat","embeddable":true,"href":"https:\/\/e.kosmolat.eu\/lv\/wp-json\/wp\/v2\/product_cat?post=32123"},{"taxonomy":"product_tag","embeddable":true,"href":"https:\/\/e.kosmolat.eu\/lv\/wp-json\/wp\/v2\/product_tag?post=32123"}],"curies":[{"name":"wp","href":"https:\/\/api.w.org\/{rel}","templated":true}]}}