{"id":32111,"date":"2023-12-21T16:41:25","date_gmt":"2023-12-21T16:41:25","guid":{"rendered":"https:\/\/e.kosmolat.eu\/product\/shik-tualetes-ziepes-maijpukite-milakie-ziedi-3-x-110-g\/"},"modified":"2025-10-28T14:42:53","modified_gmt":"2025-10-28T14:42:53","slug":"shik-tualetes-ziepes-maijpukite-milakie-ziedi-3-x-110-g","status":"publish","type":"product","link":"https:\/\/e.kosmolat.eu\/lv\/product\/shik-tualetes-ziepes-maijpukite-milakie-ziedi-3-x-110-g\/","title":{"rendered":"Shik Tualetes ziepes Maijpu\u0137\u012bte, M\u012b\u013c\u0101kie ziedi, 3 x 110 g"},"content":{"rendered":"<p>Maigas un m\u012bkstas ziepes ar mitrino&scaron;u iedarb\u012bbu. Satur dab\u012bgas izcelsmes sast\u0101vda\u013cas, ekstraktus un m\u012bkstino&scaron;u kosm\u0113tisk\u0101 kr\u0113ma sast\u0101vda\u013cu.<\/p>\n<p>Uzglab\u0101t saus\u0101, sl\u0113gt\u0101, labi v\u0113din\u0101m\u0101 telp\u0101.<\/p>\n<p><strong>Piesardz\u012bbas pas\u0101kumi: <\/strong>ja nok\u013c\u016bst ac\u012bs, izskalot ar teko&scaron;u \u016bdeni.<br \/>\n&nbsp;<\/p>\n","protected":false},"excerpt":{"rendered":"<p>Maigas un m\u012bkstas ziepes ar mitrino&scaron;u iedarb\u012bbu. Satur dab\u012bgas izcelsmes sast\u0101vda\u013cas, ekstraktus un m\u012bkstino&scaron;u kosm\u0113tisk\u0101 kr\u0113ma sast\u0101vda\u013cu. Uzglab\u0101t saus\u0101, sl\u0113gt\u0101, labi v\u0113din\u0101m\u0101 telp\u0101. Piesardz\u012bbas pas\u0101kumi: ja nok\u013c\u016bst ac\u012bs, izskalot ar teko&scaron;u \u016bdeni. &nbsp;<\/p>\n","protected":false},"featured_media":78562,"template":"","meta":[],"product_cat":[1607],"product_tag":[],"class_list":{"0":"post-32111","1":"product","2":"type-product","3":"status-publish","4":"has-post-thumbnail","6":"product_brand-slobozanskij-milovar_ua","7":"product_cat-ziepes","9":"first","10":"instock","11":"taxable","12":"shipping-taxable","13":"product-type-simple"},"_links":{"self":[{"href":"https:\/\/e.kosmolat.eu\/lv\/wp-json\/wp\/v2\/product\/32111","targetHints":{"allow":["GET"]}}],"collection":[{"href":"https:\/\/e.kosmolat.eu\/lv\/wp-json\/wp\/v2\/product"}],"about":[{"href":"https:\/\/e.kosmolat.eu\/lv\/wp-json\/wp\/v2\/types\/product"}],"wp:featuredmedia":[{"embeddable":true,"href":"https:\/\/e.kosmolat.eu\/lv\/wp-json\/wp\/v2\/media\/78562"}],"wp:attachment":[{"href":"https:\/\/e.kosmolat.eu\/lv\/wp-json\/wp\/v2\/media?parent=32111"}],"wp:term":[{"taxonomy":"product_cat","embeddable":true,"href":"https:\/\/e.kosmolat.eu\/lv\/wp-json\/wp\/v2\/product_cat?post=32111"},{"taxonomy":"product_tag","embeddable":true,"href":"https:\/\/e.kosmolat.eu\/lv\/wp-json\/wp\/v2\/product_tag?post=32111"}],"curies":[{"name":"wp","href":"https:\/\/api.w.org\/{rel}","templated":true}]}}