{"id":32103,"date":"2023-12-21T16:41:04","date_gmt":"2023-12-21T16:41:04","guid":{"rendered":"https:\/\/e.kosmolat.eu\/product\/i_lode-ziepes-smilterkskis-60-g\/"},"modified":"2025-09-19T15:14:28","modified_gmt":"2025-09-19T15:14:28","slug":"i_lode-ziepes-smilterkskis-60-g","status":"publish","type":"product","link":"https:\/\/e.kosmolat.eu\/lv\/product\/i_lode-ziepes-smilterkskis-60-g\/","title":{"rendered":"I_L&#8217;Ode Ziepes &#8220;Smilt\u0113rk\u0161\u0137is&#8221;, 60 g"},"content":{"rendered":"","protected":false},"excerpt":{"rendered":"","protected":false},"featured_media":78542,"template":"","meta":[],"product_cat":[1751],"product_tag":[],"class_list":{"0":"post-32103","1":"product","2":"type-product","3":"status-publish","4":"has-post-thumbnail","6":"product_brand-slobozanskij-milovar_ua","7":"product_cat-kosmetinis-muilas","9":"first","10":"outofstock","11":"taxable","12":"shipping-taxable","13":"product-type-simple"},"_links":{"self":[{"href":"https:\/\/e.kosmolat.eu\/lv\/wp-json\/wp\/v2\/product\/32103","targetHints":{"allow":["GET"]}}],"collection":[{"href":"https:\/\/e.kosmolat.eu\/lv\/wp-json\/wp\/v2\/product"}],"about":[{"href":"https:\/\/e.kosmolat.eu\/lv\/wp-json\/wp\/v2\/types\/product"}],"wp:featuredmedia":[{"embeddable":true,"href":"https:\/\/e.kosmolat.eu\/lv\/wp-json\/wp\/v2\/media\/78542"}],"wp:attachment":[{"href":"https:\/\/e.kosmolat.eu\/lv\/wp-json\/wp\/v2\/media?parent=32103"}],"wp:term":[{"taxonomy":"product_cat","embeddable":true,"href":"https:\/\/e.kosmolat.eu\/lv\/wp-json\/wp\/v2\/product_cat?post=32103"},{"taxonomy":"product_tag","embeddable":true,"href":"https:\/\/e.kosmolat.eu\/lv\/wp-json\/wp\/v2\/product_tag?post=32103"}],"curies":[{"name":"wp","href":"https:\/\/api.w.org\/{rel}","templated":true}]}}