{"id":32094,"date":"2023-12-21T15:06:31","date_gmt":"2023-12-21T15:06:31","guid":{"rendered":"https:\/\/e.kosmolat.eu\/product\/derma-int-family-mosquito-and-tick-repellent-lotion-100%d0%bce\/"},"modified":"2024-10-17T09:37:01","modified_gmt":"2024-10-17T09:37:01","slug":"derma-int-family-mosquito-and-tick-repellent-lotion-100%d0%bce","status":"publish","type":"product","link":"https:\/\/e.kosmolat.eu\/lv\/product\/derma-int-family-mosquito-and-tick-repellent-lotion-100%d0%bce\/","title":{"rendered":"Derma Int+ Family Mosquito and Tick Repellent Lotion 100\u043c\u0117"},"content":{"rendered":"<p>Efekt\u012bvai odu un \u0113r\u010du atbaid\u012b&scaron;anai l\u012bdz pat 6 stund\u0101m.<\/p>\n<p><strong>Lieto&scaron;ana: <\/strong>bioc\u012bds ir lieto&scaron;anai gatavs losjons. Turiet pudel\u012bti 15 cm att\u0101lum\u0101 no \u0101das un izsmidziniet uz atkl\u0101taj\u0101m \u0137erme\u0146a da\u013c\u0101m (seja, kakls, rokas, k\u0101jas) minim\u0101laj\u0101 daudzum\u0101, kas nepiecie&scaron;ams, lai samitrin\u0101tu \u0101du. Neizsmidziniet l\u012bdzekli tie&scaron;i uz sejas \u0101das &ndash; vispirms izsmidziniet to uz rokas, tad uzkl\u0101jiet pl\u0101n\u0101 k\u0101rti\u0146\u0101, izvairoties no iek\u013c\u016b&scaron;anas ac\u012bs un mut\u0113. Pieaugu&scaron;ajiem j\u0101apstr\u0101d\u0101 b\u0113rna \u0101du, izsmidzinot l\u012bdzekli uz savas rokas un tad uzkl\u0101jot uz b\u0113rna \u0101das. Neuzkl\u0101jiet uz b\u0113rna plaukst\u0101m un sejas \u0101das, lai izvair\u012btos no nor\u012b&scaron;anas. Nelietot b\u0113rniem l\u012bdz 2 gadu vecumam. Maziem b\u0113rniem bioc\u012bdu dr\u012bkst lietot vienu reizi dien\u0101. Nav ieteicams lietot gr\u016btniec\u0113m un ar kr\u016bti barojo&scaron;\u0101m m\u0101mi\u0146\u0101m. Lietojot bioc\u012bdu telp\u0101s, j\u0101nodro&scaron;ina laba ventil\u0101cija, nedr\u012bkst pie\u013caut aerosola ieelpo&scaron;anu. P\u0113c lieto&scaron;anas nomazg\u0101jiet apstr\u0101d\u0101to \u0101du ar ziep\u0113m un lielu daudzumu \u016bdens. L\u012bdzek\u013ca iedarb\u012bbas ilgums: odi un \u0113rces &ndash; l\u012bdz 6 stund\u0101m. Ja nepiecie&scaron;ams, var uzkl\u0101t atk\u0101rtoti.&nbsp;<\/p>\n<p><strong>Akt\u012bv\u0101s sast\u0101vda\u013cas: <\/strong>N,N-dietil-meta-toluam\u012bds (DEET) &#8211; 15 g\/100 g, Eikalipta citriodora e\u013c\u013ca, hidrat\u0113ta, cikliz\u0113ta &#8211; 0,2 g\/100 g.<\/p>\n<p><strong>Pieardz\u012bbas pas\u0101kumi: <\/strong>Lietot tikai k\u0101 paredz\u0113ts. Nelietot uz kairin\u0101tas vai iekaisu&scaron;as \u0101das! Lietojot uz jut\u012bgas \u0101das, j\u0101iev\u0113ro \u012bpa&scaron;a piesardz\u012bba. Nelietot, ja ir aler\u0123ija pret DEET (N,N-diethyl-meta-toluam\u012bds) un eikalipta citriodora e\u013c\u013cu, hidrat\u0113tu, cikliz\u0113tu.<\/p>\n<p><strong>Pirm\u0101s pal\u012bdz\u012bbas pas\u0101kumi: <\/strong>ja ieelpots: ja persona ir bezsama\u0146\u0101, novietojiet un transport\u0113jiet gu\u013cus st\u0101vokl\u012b. Ja nor\u012bts: past\u0101v\u012bgu s\u016bdz\u012bbu gad\u012bjum\u0101 konsult\u0113ties ar \u0101rstu! Jut\u012bgas sejas \u0101das gad\u012bjum\u0101 var izrais\u012bt kairin\u0101jumu. Ja rodas kairin\u0101jums, nomazg\u0101t \u0101du ar ziep\u0113m un \u016bdeni!<\/p>\n<p>3. galven\u0101 grupa: kait\u0113k\u013cu apkaro&scaron;anas l\u012bdzek\u013ci. 19. produkta veids: repelenti un atraktanti. Pat\u0113r\u0113t\u0101ju kategorija: masveida. Bioc\u012bda inventariz\u0101cijas numurs: LV19082022\/6102<br \/>\n&nbsp;<\/p>\n<p><strong><img decoding=\"async\" alt=\"\" src=\"file:\/\/\/C:\/Users\/masha\/Desktop\/GHS%2002.jpg\" style=\"height:40px; width:40px\" \/>GHS02 <img decoding=\"async\" alt=\"\" src=\"file:\/\/\/C:\/Users\/masha\/Desktop\/GHS07.png\" style=\"height:40px; width:40px\" \/>GHS07 B\u012bstami &nbsp;<\/strong> &nbsp; &nbsp;&nbsp;&nbsp; &nbsp;<\/p>\n<p>H225 \u013boti viegli uzliesmojo&scaron;s &scaron;\u0137idrums un tvaiki<br \/>\nH315 Kairina \u0101du<br \/>\nH319 Izraisa nopietnu acu kairin\u0101jumu<br \/>\nP103 Pirms izmanto&scaron;anas izlas\u012bt eti\u0137eti<br \/>\nP101 Medic\u012bniska padoma nepiecie&scaron;am\u012bbas gad\u012bjum\u0101 attiec\u012bg\u0101 inform\u0101cija ir nor\u0101d\u012bta uz iepakojuma vai eti\u0137etes<br \/>\nP102 Sarg\u0101t no b\u0113rniem<br \/>\nP210 Sarg\u0101t no karstuma, karst\u0101m virsm\u0101m, dzirkstel\u0113m, atkl\u0101tas uguns un citiem aizdeg&scaron;an\u0101s avotiem. Nesm\u0113\u0137\u0113t<br \/>\nP305+P351+P338 Saskar\u0113 ar ac\u012bm: Uzman\u012bgi izskalot ar \u016bdeni vair\u0101kas min\u016btes. Iz\u0146emt kontaktl\u0113cas, ja t\u0101s ir ievietotas un ja to ir viegli izdar\u012bt. Turpin\u0101t skalot.&nbsp;<br \/>\nP501 Atbr\u012bvoties no satura\/tvertnes\/iepakojuma saska\u0146\u0101 ar valsts&nbsp;<\/p>\n","protected":false},"excerpt":{"rendered":"<p>Efekt\u012bvai odu un \u0113r\u010du atbaid\u012b&scaron;anai l\u012bdz pat 6 stund\u0101m. Lieto&scaron;ana: bioc\u012bds ir lieto&scaron;anai gatavs losjons. Turiet pudel\u012bti 15 cm att\u0101lum\u0101 no \u0101das un izsmidziniet uz atkl\u0101taj\u0101m \u0137erme\u0146a da\u013c\u0101m (seja, kakls, rokas, k\u0101jas) minim\u0101laj\u0101 daudzum\u0101, kas nepiecie&scaron;ams, lai samitrin\u0101tu \u0101du. Neizsmidziniet l\u012bdzekli tie&scaron;i uz sejas \u0101das &ndash; vispirms izsmidziniet to uz rokas, tad uzkl\u0101jiet pl\u0101n\u0101 k\u0101rti\u0146\u0101, [&#8230;]\n","protected":false},"featured_media":16333,"template":"","meta":[],"product_cat":[1859],"product_tag":[],"class_list":{"0":"post-32094","1":"product","2":"type-product","3":"status-publish","4":"has-post-thumbnail","6":"product_brand-rubella-inopharm-dental-deba-mistergroomer-topten-quackquack","7":"product_cat-lidzekli-pret-kukainiem","9":"first","10":"outofstock","11":"taxable","12":"shipping-taxable","13":"product-type-simple"},"_links":{"self":[{"href":"https:\/\/e.kosmolat.eu\/lv\/wp-json\/wp\/v2\/product\/32094","targetHints":{"allow":["GET"]}}],"collection":[{"href":"https:\/\/e.kosmolat.eu\/lv\/wp-json\/wp\/v2\/product"}],"about":[{"href":"https:\/\/e.kosmolat.eu\/lv\/wp-json\/wp\/v2\/types\/product"}],"wp:featuredmedia":[{"embeddable":true,"href":"https:\/\/e.kosmolat.eu\/lv\/wp-json\/wp\/v2\/media\/16333"}],"wp:attachment":[{"href":"https:\/\/e.kosmolat.eu\/lv\/wp-json\/wp\/v2\/media?parent=32094"}],"wp:term":[{"taxonomy":"product_cat","embeddable":true,"href":"https:\/\/e.kosmolat.eu\/lv\/wp-json\/wp\/v2\/product_cat?post=32094"},{"taxonomy":"product_tag","embeddable":true,"href":"https:\/\/e.kosmolat.eu\/lv\/wp-json\/wp\/v2\/product_tag?post=32094"}],"curies":[{"name":"wp","href":"https:\/\/api.w.org\/{rel}","templated":true}]}}