{"id":32090,"date":"2023-12-21T14:06:29","date_gmt":"2023-12-21T14:06:29","guid":{"rendered":"https:\/\/e.kosmolat.eu\/product\/bio-formula-balzams-trauku-mazgasanai-sinepes-500-ml-pacina\/"},"modified":"2026-04-24T07:34:14","modified_gmt":"2026-04-24T07:34:14","slug":"bio-formula-balzams-trauku-mazgasanai-sinepes-500-ml-pacina","status":"publish","type":"product","link":"https:\/\/e.kosmolat.eu\/lv\/product\/bio-formula-balzams-trauku-mazgasanai-sinepes-500-ml-pacina\/","title":{"rendered":"Bio Formula Balzams trauku mazg\u0101\u0161anai Sinepes, 500 ml paci\u0146a"},"content":{"rendered":"<p>Satur sinepju ekstraktu. Porcel\u0101na, keramikas, krist\u0101la, stikla, katlu, pannu un citu trauku mazg\u0101&scaron;anai. Nekairina \u0101du, neizraisa aler\u0123isku reakciju, efekt\u012bvi nomazg\u0101 taukus pat aukst\u0101 \u016bden\u012b, nepaliek uz traukiem. Sinepes lieliski no\u0146em taukainus net\u012brumus.<\/p>\n<p><strong>Lieto&scaron;ana: <\/strong>Nelielu daudzumu balzama ar s\u016bkli uzkl\u0101t uz trauku virsmas. Nomazg\u0101t ar \u016bdeni.<\/p>\n<p>Uzglab\u0101t temperat\u016br\u0101 no +5 &deg;C&nbsp;l\u012bdz +25 &deg;C.<\/p>\n<p><strong>Sast\u0101v\u0101: <\/strong>5 % un vair\u0101k, bet maz\u0101k nek\u0101 15 % anjonu virsmakt\u012bvo vielu, &nbsp;maz\u0101k par 5 % nejonu virsmakt\u012bvo vielu. Smar\u017eas un arom\u0101tisk\u0101s kompoz\u012bcijas\/ Hexyl Cinnamal. Konservanti\/ Benzisothiazolinone, Methylisothiazolinone. Kr\u0101svielas.<\/p>\n<p>&nbsp;<\/p>\n<p><strong><img decoding=\"async\" alt=\"\" src=\"file:\/\/\/C:\/Users\/masha\/Desktop\/GHS07.png\" style=\"height:40px; width:40px\" \/>GHS07 Uzman\u012bbu<\/strong><br \/>\nH319 Izraisa nopietnu acu kairin\u0101jumu.<br \/>\nH315 Kairina \u0101du<br \/>\nH302 Kait\u012bgs, ja norij.<br \/>\nH412 Kait\u012bgs \u016bdens organismiem ar ilgsto&scaron;\u0101m sek\u0101m.<\/p>\n<p>Dro&scaron;\u012bbas pras\u012bbu apz\u012bm\u0113jumi:<br \/>\nP102 Sarg\u0101t no b\u0113rniem.<br \/>\nP264 P\u0113c izmanto&scaron;anas rokas k\u0101rt\u012bgi nomazg\u0101t.<br \/>\nP270 Ne\u0113st, nedzert un nesm\u0113\u0137\u0113t produkta izmanto&scaron;anas laik\u0101.<br \/>\nP273 Izvair\u012bties no izplat\u012b&scaron;anas apk\u0101rt\u0113j\u0101 vid\u0113.<br \/>\nP280 Izmantot aizsargcimdus\/acu aizsargus\/sejas aizsargus.<br \/>\nP305+P351+P338 Saskar\u0113 ar ac\u012bm: Uzman\u012bgi izskalot ar \u016bdeni vair\u0101kas min\u016btes. Iz\u0146emt kontaktl\u0113cas, ja t\u0101s ir ievietotas un ja to var vienk\u0101r&scaron;i izdar\u012bt. Turpin\u0101t skalot.<br \/>\nP337+P313 Ja acu iekaisums nep\u0101riet: l\u016bdziet medi\u0137u pal\u012bdz\u012bbu&nbsp;<br \/>\nP302+P352 Saskar\u0113 ar \u0101du: nomazg\u0101t ar lielu ziepju un \u016bdens daudzumu. &nbsp;&nbsp;<br \/>\nP332+P313 Ja rodas \u0101das iekaisums: l\u016bdziet medi\u0137u pal\u012bdz\u012bbu.<br \/>\nP330 Izskalot muti.<br \/>\nP301+P312 Nor\u012b&scaron;anas gad\u012bjum\u0101: Sazinieties ar saind\u0113&scaron;an\u0101s inform\u0101cijas centru\/ \u0101rstu, ja jums ir slikta pa&scaron;saj\u016bta.<br \/>\nP321 \u012apa&scaron;a medic\u012bnisk\u0101 pal\u012bdz\u012bba (skat. uz &scaron;\u012bs eti\u0137etes).<br \/>\nP362+P364 Novilkt pies\u0101r\u0146oto ap\u0123\u0113rbu un pirms atk\u0101rtotas lieto&scaron;anas izmazg\u0101t.<br \/>\nP501 Atbr\u012bvoties no satura\/tvertnes\/iepakojuma saska\u0146\u0101 ar valsts noteikumiem.<br \/>\n&nbsp;<\/p>\n","protected":false},"excerpt":{"rendered":"<p>Satur sinepju ekstraktu. Porcel\u0101na, keramikas, krist\u0101la, stikla, katlu, pannu un citu trauku mazg\u0101&scaron;anai. Nekairina \u0101du, neizraisa aler\u0123isku reakciju, efekt\u012bvi nomazg\u0101 taukus pat aukst\u0101 \u016bden\u012b, nepaliek uz traukiem. Sinepes lieliski no\u0146em taukainus net\u012brumus. Lieto&scaron;ana: Nelielu daudzumu balzama ar s\u016bkli uzkl\u0101t uz trauku virsmas. Nomazg\u0101t ar \u016bdeni. Uzglab\u0101t temperat\u016br\u0101 no +5 &deg;C&nbsp;l\u012bdz +25 &deg;C. Sast\u0101v\u0101: 5 % [&#8230;]\n","protected":false},"featured_media":79734,"template":"","meta":[],"product_cat":[1503],"product_tag":[],"class_list":{"0":"post-32090","1":"product","2":"type-product","3":"status-publish","4":"has-post-thumbnail","6":"product_brand-elfa_ua","7":"product_cat-indu-plovikliai","9":"first","10":"instock","11":"taxable","12":"shipping-taxable","13":"product-type-simple"},"_links":{"self":[{"href":"https:\/\/e.kosmolat.eu\/lv\/wp-json\/wp\/v2\/product\/32090","targetHints":{"allow":["GET"]}}],"collection":[{"href":"https:\/\/e.kosmolat.eu\/lv\/wp-json\/wp\/v2\/product"}],"about":[{"href":"https:\/\/e.kosmolat.eu\/lv\/wp-json\/wp\/v2\/types\/product"}],"wp:featuredmedia":[{"embeddable":true,"href":"https:\/\/e.kosmolat.eu\/lv\/wp-json\/wp\/v2\/media\/79734"}],"wp:attachment":[{"href":"https:\/\/e.kosmolat.eu\/lv\/wp-json\/wp\/v2\/media?parent=32090"}],"wp:term":[{"taxonomy":"product_cat","embeddable":true,"href":"https:\/\/e.kosmolat.eu\/lv\/wp-json\/wp\/v2\/product_cat?post=32090"},{"taxonomy":"product_tag","embeddable":true,"href":"https:\/\/e.kosmolat.eu\/lv\/wp-json\/wp\/v2\/product_tag?post=32090"}],"curies":[{"name":"wp","href":"https:\/\/api.w.org\/{rel}","templated":true}]}}