{"id":32082,"date":"2023-12-21T13:06:30","date_gmt":"2023-12-21T13:06:30","guid":{"rendered":"https:\/\/e.kosmolat.eu\/product\/lb-smaganu-skalos-lidz-dabigs-svaigums-400-ml\/"},"modified":"2024-02-28T06:34:49","modified_gmt":"2024-02-28T06:34:49","slug":"lb-smaganu-skalos-lidz-dabigs-svaigums-400-ml","status":"publish","type":"product","link":"https:\/\/e.kosmolat.eu\/lv\/product\/lb-smaganu-skalos-lidz-dabigs-svaigums-400-ml\/","title":{"rendered":"LB Smaganu skalo\u0161. l\u012bdz. &#8220;Dab\u012bgs svaigums&#8221;, 400 ml"},"content":{"rendered":"<p>Skalo&scaron;anas l\u012bdzeklim piem\u012bt m\u012bksta atsvaidzino&scaron;a gar&scaron;a. Skalojot neizraisa r\u016bgtuma saj\u016btu un dedzin\u0101&scaron;anu mutes dobum\u0101. Atsvaidzina elpu, aizsarg\u0101 pret bakt\u0113rij\u0101m, sniedz kariesa profilaksi,nov\u0113r&scaron; aplikumu gr\u016bti sasniedzam\u0101s viet\u0101s. Nav \u0101rstniecisks l\u012bdzeklis. L\u012bdzek\u013ca lieto&scaron;ana neatbr\u012bvo no stomatologa apmekl\u0113&scaron;anas. Pie\u013caujama nelielu nogul&scaron;\u0146u veido&scaron;an\u0101s. Tas neietekme produkta kvalit\u0101ti un dro&scaron;\u012bbu.&nbsp;<\/p>\n<p><strong>Alvejas sula savienojum\u0101 ar balt\u0101s t\u0113jas ekstraktu<\/strong> veicina smaganu audu stiprin\u0101&scaron;anu, nodro&scaron;ina efekt\u012bvu asi\u0146o&scaron;anas, iekaisuma un piet\u016bk\u016bma profilaksi.&nbsp;<\/p>\n<p><strong>5 \u0101rstniec\u012bbas augu nov\u0101r\u012bjums<\/strong> (kumel\u012bte, pela&scaron;\u0137is, asinsz\u0101le, strutene un n\u0101tre) stiprina smaganas, nodro&scaron;ina papildus profilaktisko aizsardz\u012bbu.&nbsp;<\/p>\n<p>Piem\u0113rots ikdienas lieto&scaron;anai.<\/p>\n<p>P\u0113c kl\u012bnisko p\u0113t\u012bjumu rezult\u0101tiem:&nbsp;\n<\/p>\n<ul>\n<li>stiprina smaganas 7 dienu laik\u0101&nbsp;<\/li>\n<li>atsvaidzina elpu&nbsp;<\/li>\n<li>veicina kariesa profilaksi&nbsp;<\/li>\n<li>att\u012bra aplikumu gr\u016bti pieejam\u0101s viet\u0101s&nbsp;<\/li>\n<\/ul>\n<p>Lieto&scaron;ana:&nbsp;<\/p>\n<p>piepildiet v\u0101ci\u0146u ar skalo&scaron;anas l\u012bdzekli. R\u016bp\u012bgi skalojiet mutes dobumu 30 sekundes. Izmantot p\u0113c \u0113&scaron;anas un zobu t\u012br\u012b&scaron;anas ne ret\u0101k k\u0101 2 reizes dien\u0101.&nbsp;<\/p>\n<p>Satur n\u0101trija fluor\u012bdu.&nbsp;<\/p>\n","protected":false},"excerpt":{"rendered":"<p>Skalo&scaron;anas l\u012bdzeklim piem\u012bt m\u012bksta atsvaidzino&scaron;a gar&scaron;a. Skalojot neizraisa r\u016bgtuma saj\u016btu un dedzin\u0101&scaron;anu mutes dobum\u0101. Atsvaidzina elpu, aizsarg\u0101 pret bakt\u0113rij\u0101m, sniedz kariesa profilaksi,nov\u0113r&scaron; aplikumu gr\u016bti sasniedzam\u0101s viet\u0101s. Nav \u0101rstniecisks l\u012bdzeklis. L\u012bdzek\u013ca lieto&scaron;ana neatbr\u012bvo no stomatologa apmekl\u0113&scaron;anas. Pie\u013caujama nelielu nogul&scaron;\u0146u veido&scaron;an\u0101s. Tas neietekme produkta kvalit\u0101ti un dro&scaron;\u012bbu.&nbsp; Alvejas sula savienojum\u0101 ar balt\u0101s t\u0113jas ekstraktu veicina smaganu audu [&#8230;]\n","protected":false},"featured_media":4622,"template":"","meta":[],"product_cat":[1311],"product_tag":[],"class_list":{"0":"post-32082","1":"product","2":"type-product","3":"status-publish","4":"has-post-thumbnail","6":"product_brand-unilever-rus","7":"product_cat-mutes-skalotaji","9":"first","10":"outofstock","11":"taxable","12":"shipping-taxable","13":"product-type-simple"},"_links":{"self":[{"href":"https:\/\/e.kosmolat.eu\/lv\/wp-json\/wp\/v2\/product\/32082","targetHints":{"allow":["GET"]}}],"collection":[{"href":"https:\/\/e.kosmolat.eu\/lv\/wp-json\/wp\/v2\/product"}],"about":[{"href":"https:\/\/e.kosmolat.eu\/lv\/wp-json\/wp\/v2\/types\/product"}],"wp:featuredmedia":[{"embeddable":true,"href":"https:\/\/e.kosmolat.eu\/lv\/wp-json\/wp\/v2\/media\/4622"}],"wp:attachment":[{"href":"https:\/\/e.kosmolat.eu\/lv\/wp-json\/wp\/v2\/media?parent=32082"}],"wp:term":[{"taxonomy":"product_cat","embeddable":true,"href":"https:\/\/e.kosmolat.eu\/lv\/wp-json\/wp\/v2\/product_cat?post=32082"},{"taxonomy":"product_tag","embeddable":true,"href":"https:\/\/e.kosmolat.eu\/lv\/wp-json\/wp\/v2\/product_tag?post=32082"}],"curies":[{"name":"wp","href":"https:\/\/api.w.org\/{rel}","templated":true}]}}