{"id":32075,"date":"2023-12-20T14:40:48","date_gmt":"2023-12-20T14:40:48","guid":{"rendered":"https:\/\/e.kosmolat.eu\/product\/b-zone-attirosa-zeleja-sejas-mazgasanai-80-g\/"},"modified":"2025-09-19T22:29:52","modified_gmt":"2025-09-19T22:29:52","slug":"b-zone-attirosa-zeleja-sejas-mazgasanai-80-g","status":"publish","type":"product","link":"https:\/\/e.kosmolat.eu\/lv\/product\/b-zone-attirosa-zeleja-sejas-mazgasanai-80-g\/","title":{"rendered":"B-ZONE Att\u012bro\u0161a \u017eeleja sejas mazg\u0101\u0161anai, 80 g"},"content":{"rendered":"<p>Efekt\u012bvi att\u012bra no net\u012brumiem, p\u0101rm\u0113r\u012bg\u0101 \u0101das sebuma un kosm\u0113tikas p\u0101rpalikumiem. Vulk\u0101nisk\u0101s augsnes ekstrakts + balt\u0101 v\u012btola mizas ekstrakts = poru att\u012br\u012b\u0161ana, problem\u0101tisk\u0101s \u0101das nepiln\u012bbu samazin\u0101\u0161ana un \u0101r\u0113j\u0101 izskata uzlabo\u0161ana MAT-XS&trade; clinical &ndash;revolucion\u0101ra akt\u012bva sast\u0101vda\u013ca ar kl\u012bniski pier\u0101d\u012btu iedarb\u012bbu \u0101dai ar p\u0101rm\u0113r\u012bgu sebuma izstr\u0101di, kas ir tend\u0113ta uz akne par\u0101d\u012b\u0161anos &ndash; pretojas pret jaunu izsitumu un melno punktu veido\u0161anos, sa\u0161aurina poras un saglab\u0101 \u0101das mat\u0113tu izskatu.<\/p>\n<p><strong>Lieto\u0161ana: <\/strong><\/p>\n<p>uzkl\u0101t uz mitr\u0101s sejas un kakla \u0101das, viegli pamas\u0113t ap\u013cveida kust\u012bb\u0101m pa mas\u0101\u017eas l\u012bnij\u0101m, nomazg\u0101t ar \u016bdeni. Piem\u0113rots ikdienas lieto\u0161anai.&nbsp;<\/p>\n","protected":false},"excerpt":{"rendered":"<p>Efekt\u012bvi att\u012bra no net\u012brumiem, p\u0101rm\u0113r\u012bg\u0101 \u0101das sebuma un kosm\u0113tikas p\u0101rpalikumiem. Vulk\u0101nisk\u0101s augsnes ekstrakts + balt\u0101 v\u012btola mizas ekstrakts = poru att\u012br\u012b\u0161ana, problem\u0101tisk\u0101s \u0101das nepiln\u012bbu samazin\u0101\u0161ana un \u0101r\u0113j\u0101 izskata uzlabo\u0161ana MAT-XS&trade; clinical &ndash;revolucion\u0101ra akt\u012bva sast\u0101vda\u013ca ar kl\u012bniski pier\u0101d\u012btu iedarb\u012bbu \u0101dai ar p\u0101rm\u0113r\u012bgu sebuma izstr\u0101di, kas ir tend\u0113ta uz akne par\u0101d\u012b\u0161anos &ndash; pretojas pret jaunu izsitumu un [&#8230;]\n","protected":false},"featured_media":86170,"template":"","meta":[],"product_cat":[1575],"product_tag":[],"class_list":{"0":"post-32075","1":"product","2":"type-product","3":"status-publish","4":"has-post-thumbnail","6":"product_brand-belkosmex_by","7":"product_cat-zelejas","9":"first","10":"outofstock","11":"taxable","12":"shipping-taxable","13":"product-type-simple"},"_links":{"self":[{"href":"https:\/\/e.kosmolat.eu\/lv\/wp-json\/wp\/v2\/product\/32075","targetHints":{"allow":["GET"]}}],"collection":[{"href":"https:\/\/e.kosmolat.eu\/lv\/wp-json\/wp\/v2\/product"}],"about":[{"href":"https:\/\/e.kosmolat.eu\/lv\/wp-json\/wp\/v2\/types\/product"}],"wp:featuredmedia":[{"embeddable":true,"href":"https:\/\/e.kosmolat.eu\/lv\/wp-json\/wp\/v2\/media\/86170"}],"wp:attachment":[{"href":"https:\/\/e.kosmolat.eu\/lv\/wp-json\/wp\/v2\/media?parent=32075"}],"wp:term":[{"taxonomy":"product_cat","embeddable":true,"href":"https:\/\/e.kosmolat.eu\/lv\/wp-json\/wp\/v2\/product_cat?post=32075"},{"taxonomy":"product_tag","embeddable":true,"href":"https:\/\/e.kosmolat.eu\/lv\/wp-json\/wp\/v2\/product_tag?post=32075"}],"curies":[{"name":"wp","href":"https:\/\/api.w.org\/{rel}","templated":true}]}}