{"id":32061,"date":"2023-12-20T10:06:37","date_gmt":"2023-12-20T10:06:37","guid":{"rendered":"https:\/\/e.kosmolat.eu\/product\/geyser-bumba-vannam-lavender-boom-140-g\/"},"modified":"2026-04-22T09:11:39","modified_gmt":"2026-04-22T09:11:39","slug":"geyser-bumba-vannam-lavender-boom-140-g","status":"publish","type":"product","link":"https:\/\/e.kosmolat.eu\/lv\/product\/geyser-bumba-vannam-lavender-boom-140-g\/","title":{"rendered":"GEYSER Bumba vann\u0101m Lavender Boom, 140 g"},"content":{"rendered":"<p>Kosm\u0113tikas l\u012bdzeklis vann\u0101m ar citrona \u0113terisk\u0101s e\u013c\u013cas kapsulu.<\/p>\n<p><strong>Lieto&scaron;ana:<\/strong> iz&scaron;\u0137\u012bdin\u0101t vann\u0101 ar siltu \u016bdeni (36-40 &ordm;C) un vannoties 15-20 min\u016btes.<\/p>\n<p><strong>Uzglab\u0101&scaron;anas noteikumi:<\/strong> uzglab\u0101t cie&scaron;i nosl\u0113gt\u0101 iepakojum\u0101, temperat\u016br\u0101 no 0 &ordm;C l\u012bdz 25 &ordm;C, sarg\u0101jot no tie&scaron;iem saules stariem un mitruma.<\/p>\n<p><strong>Piesardz\u012bbas pas\u0101kumi:<\/strong>&nbsp;lietot, k\u0101 nor\u0101d\u012bts. Uzglab\u0101t b\u0113rniem nepieejam\u0101 viet\u0101.<br \/>\n&nbsp;<\/p>\n<p>&nbsp;<\/p>\n","protected":false},"excerpt":{"rendered":"<p>Kosm\u0113tikas l\u012bdzeklis vann\u0101m ar citrona \u0113terisk\u0101s e\u013c\u013cas kapsulu. Lieto&scaron;ana: iz&scaron;\u0137\u012bdin\u0101t vann\u0101 ar siltu \u016bdeni (36-40 &ordm;C) un vannoties 15-20 min\u016btes. Uzglab\u0101&scaron;anas noteikumi: uzglab\u0101t cie&scaron;i nosl\u0113gt\u0101 iepakojum\u0101, temperat\u016br\u0101 no 0 &ordm;C l\u012bdz 25 &ordm;C, sarg\u0101jot no tie&scaron;iem saules stariem un mitruma. Piesardz\u012bbas pas\u0101kumi:&nbsp;lietot, k\u0101 nor\u0101d\u012bts. Uzglab\u0101t b\u0113rniem nepieejam\u0101 viet\u0101. &nbsp; &nbsp;<\/p>\n","protected":false},"featured_media":82466,"template":"","meta":[],"product_cat":[2181],"product_tag":[],"class_list":{"0":"post-32061","1":"product","2":"type-product","3":"status-publish","4":"has-post-thumbnail","6":"product_brand-aqua-cosmetics_ua","7":"product_cat-bez-kategorijas-lt","9":"first","10":"instock","11":"taxable","12":"shipping-taxable","13":"product-type-simple"},"_links":{"self":[{"href":"https:\/\/e.kosmolat.eu\/lv\/wp-json\/wp\/v2\/product\/32061","targetHints":{"allow":["GET"]}}],"collection":[{"href":"https:\/\/e.kosmolat.eu\/lv\/wp-json\/wp\/v2\/product"}],"about":[{"href":"https:\/\/e.kosmolat.eu\/lv\/wp-json\/wp\/v2\/types\/product"}],"wp:featuredmedia":[{"embeddable":true,"href":"https:\/\/e.kosmolat.eu\/lv\/wp-json\/wp\/v2\/media\/82466"}],"wp:attachment":[{"href":"https:\/\/e.kosmolat.eu\/lv\/wp-json\/wp\/v2\/media?parent=32061"}],"wp:term":[{"taxonomy":"product_cat","embeddable":true,"href":"https:\/\/e.kosmolat.eu\/lv\/wp-json\/wp\/v2\/product_cat?post=32061"},{"taxonomy":"product_tag","embeddable":true,"href":"https:\/\/e.kosmolat.eu\/lv\/wp-json\/wp\/v2\/product_tag?post=32061"}],"curies":[{"name":"wp","href":"https:\/\/api.w.org\/{rel}","templated":true}]}}