{"id":32049,"date":"2023-12-20T09:56:45","date_gmt":"2023-12-20T09:56:45","guid":{"rendered":"https:\/\/e.kosmolat.eu\/product\/geyser-bumbas-vannam-rozkoks-75-g\/"},"modified":"2026-04-22T09:55:28","modified_gmt":"2026-04-22T09:55:28","slug":"geyser-bumbas-vannam-rozkoks-75-g","status":"publish","type":"product","link":"https:\/\/e.kosmolat.eu\/lv\/product\/geyser-bumbas-vannam-rozkoks-75-g\/","title":{"rendered":"GEYSER bumbas vann\u0101m Ro\u017ekoks, 75 g"},"content":{"rendered":"<p>Kosm\u0113tikas l\u012bdzeklis vann\u0101m.<\/p>\n<p><strong>Lieto&scaron;ana:<\/strong> iz&scaron;\u0137\u012bdin\u0101t vann\u0101 ar siltu \u016bdeni (36-40 &ordm;C) un vannoties 15-20 min\u016btes.<\/p>\n<p><strong>Uzglab\u0101&scaron;anas noteikumi:<\/strong> uzglab\u0101t cie&scaron;i nosl\u0113gt\u0101 iepakojum\u0101, temperat\u016br\u0101 no 0 &ordm;C l\u012bdz 30 &ordm;C, sarg\u0101jot no tie&scaron;iem saules stariem un mitruma.<\/p>\n<p><strong>Uzman\u012bbu!<\/strong> Lietot, k\u0101 nor\u0101d\u012bts. Iesp\u0113jama individu\u0101la jut\u012bba pret l\u012bdzek\u013ca sast\u0101vda\u013c\u0101m.<br \/>\n&nbsp;<\/p>\n","protected":false},"excerpt":{"rendered":"<p>Kosm\u0113tikas l\u012bdzeklis vann\u0101m. Lieto&scaron;ana: iz&scaron;\u0137\u012bdin\u0101t vann\u0101 ar siltu \u016bdeni (36-40 &ordm;C) un vannoties 15-20 min\u016btes. Uzglab\u0101&scaron;anas noteikumi: uzglab\u0101t cie&scaron;i nosl\u0113gt\u0101 iepakojum\u0101, temperat\u016br\u0101 no 0 &ordm;C l\u012bdz 30 &ordm;C, sarg\u0101jot no tie&scaron;iem saules stariem un mitruma. Uzman\u012bbu! Lietot, k\u0101 nor\u0101d\u012bts. Iesp\u0113jama individu\u0101la jut\u012bba pret l\u012bdzek\u013ca sast\u0101vda\u013c\u0101m. &nbsp;<\/p>\n","protected":false},"featured_media":78710,"template":"","meta":[],"product_cat":[1999],"product_tag":[],"class_list":{"0":"post-32049","1":"product","2":"type-product","3":"status-publish","4":"has-post-thumbnail","6":"product_brand-aqua-cosmetics_ua","7":"product_cat-bez-kategorijas","9":"first","10":"instock","11":"taxable","12":"shipping-taxable","13":"product-type-simple"},"_links":{"self":[{"href":"https:\/\/e.kosmolat.eu\/lv\/wp-json\/wp\/v2\/product\/32049","targetHints":{"allow":["GET"]}}],"collection":[{"href":"https:\/\/e.kosmolat.eu\/lv\/wp-json\/wp\/v2\/product"}],"about":[{"href":"https:\/\/e.kosmolat.eu\/lv\/wp-json\/wp\/v2\/types\/product"}],"wp:featuredmedia":[{"embeddable":true,"href":"https:\/\/e.kosmolat.eu\/lv\/wp-json\/wp\/v2\/media\/78710"}],"wp:attachment":[{"href":"https:\/\/e.kosmolat.eu\/lv\/wp-json\/wp\/v2\/media?parent=32049"}],"wp:term":[{"taxonomy":"product_cat","embeddable":true,"href":"https:\/\/e.kosmolat.eu\/lv\/wp-json\/wp\/v2\/product_cat?post=32049"},{"taxonomy":"product_tag","embeddable":true,"href":"https:\/\/e.kosmolat.eu\/lv\/wp-json\/wp\/v2\/product_tag?post=32049"}],"curies":[{"name":"wp","href":"https:\/\/api.w.org\/{rel}","templated":true}]}}