{"id":32025,"date":"2023-12-19T23:15:28","date_gmt":"2023-12-19T23:15:28","guid":{"rendered":"https:\/\/e.kosmolat.eu\/product\/danhson-vazelins-40-ml\/"},"modified":"2026-04-10T13:48:51","modified_gmt":"2026-04-10T13:48:51","slug":"danhson-vazelins-40-ml","status":"publish","type":"product","link":"https:\/\/e.kosmolat.eu\/lv\/product\/danhson-vazelins-40-ml\/","title":{"rendered":"DANHSON Vazel\u012bns, 40 ml"},"content":{"rendered":"<p>Vazel\u012bns mitrina un m\u012bkstina \u0101du. Veido aizsargbarjeru, kas pasarg\u0101 \u0101du no apk\u0101rt\u0113j\u0101s vides nelabv\u0113l\u012bg\u0101s ietekmes.<\/p>\n<p><strong>Lieto&scaron;ana:<\/strong> uzkl\u0101t ar viegl\u0101m mas\u0101\u017eas kust\u012bb\u0101m. Lietot 1-2 reizes dien\u0101.<\/p>\n<p><strong>Piesardz\u012bbas pas\u0101kumi: <\/strong>Izvairieties no saskares ar ac\u012bm. Ja nok\u013c\u016bst ac\u012bs, izskalot ar \u016bdeni. Uzglab\u0101t b\u0113rniem nepieejam\u0101 viet\u0101.<\/p>\n<p>Uzglab\u0101t saus\u0101, sl\u0113gt\u0101, labi v\u0113din\u0101m\u0101 telp\u0101 prom no apkures ier\u012bc\u0113m, sarg\u0101jot no tie&scaron;iem saules stariem.<br \/>\n&nbsp;<\/p>\n","protected":false},"excerpt":{"rendered":"<p>Vazel\u012bns mitrina un m\u012bkstina \u0101du. Veido aizsargbarjeru, kas pasarg\u0101 \u0101du no apk\u0101rt\u0113j\u0101s vides nelabv\u0113l\u012bg\u0101s ietekmes. Lieto&scaron;ana: uzkl\u0101t ar viegl\u0101m mas\u0101\u017eas kust\u012bb\u0101m. Lietot 1-2 reizes dien\u0101. Piesardz\u012bbas pas\u0101kumi: Izvairieties no saskares ar ac\u012bm. Ja nok\u013c\u016bst ac\u012bs, izskalot ar \u016bdeni. Uzglab\u0101t b\u0113rniem nepieejam\u0101 viet\u0101. Uzglab\u0101t saus\u0101, sl\u0113gt\u0101, labi v\u0113din\u0101m\u0101 telp\u0101 prom no apkures ier\u012bc\u0113m, sarg\u0101jot no tie&scaron;iem [&#8230;]\n","protected":false},"featured_media":90022,"template":"","meta":[],"product_cat":[1591],"product_tag":[],"class_list":{"0":"post-32025","1":"product","2":"type-product","3":"status-publish","4":"has-post-thumbnail","6":"product_brand-danhson_bg","7":"product_cat-lupu-kopsanai","9":"first","10":"instock","11":"taxable","12":"shipping-taxable","13":"product-type-simple"},"_links":{"self":[{"href":"https:\/\/e.kosmolat.eu\/lv\/wp-json\/wp\/v2\/product\/32025","targetHints":{"allow":["GET"]}}],"collection":[{"href":"https:\/\/e.kosmolat.eu\/lv\/wp-json\/wp\/v2\/product"}],"about":[{"href":"https:\/\/e.kosmolat.eu\/lv\/wp-json\/wp\/v2\/types\/product"}],"wp:featuredmedia":[{"embeddable":true,"href":"https:\/\/e.kosmolat.eu\/lv\/wp-json\/wp\/v2\/media\/90022"}],"wp:attachment":[{"href":"https:\/\/e.kosmolat.eu\/lv\/wp-json\/wp\/v2\/media?parent=32025"}],"wp:term":[{"taxonomy":"product_cat","embeddable":true,"href":"https:\/\/e.kosmolat.eu\/lv\/wp-json\/wp\/v2\/product_cat?post=32025"},{"taxonomy":"product_tag","embeddable":true,"href":"https:\/\/e.kosmolat.eu\/lv\/wp-json\/wp\/v2\/product_tag?post=32025"}],"curies":[{"name":"wp","href":"https:\/\/api.w.org\/{rel}","templated":true}]}}