{"id":32021,"date":"2023-12-19T23:15:09","date_gmt":"2023-12-19T23:15:09","guid":{"rendered":"https:\/\/e.kosmolat.eu\/product\/refrigerans-arnika-7-gels-55-ml\/"},"modified":"2025-09-20T02:29:34","modified_gmt":"2025-09-20T02:29:34","slug":"refrigerans-arnika-7-gels-55-ml","status":"publish","type":"product","link":"https:\/\/e.kosmolat.eu\/lv\/product\/refrigerans-arnika-7-gels-55-ml\/","title":{"rendered":"REFRIGERANS Arnika 7% Gels, 55 ml"},"content":{"rendered":"<p>Gels ar arnikas ekstraktu &#8211; l\u012bdzeklis ar nomierino&scaron;u efektu. Tam ir toniz\u0113jo&scaron;a un atsvaidzino&scaron;a iedarb\u012bba, un to var uzkl\u0101t uz vis\u0101m \u0137erme\u0146a da\u013c\u0101m. Arnica Montana ir augs, kas pal\u012bdz atg\u016bties p\u0113c traum\u0101m un p\u0101rslodzes. Arnikas \u0113terisk\u0101 e\u013c\u013ca satur vair\u0101k nek\u0101 150 akt\u012bv\u0101s vielas, tostarp seskviterp\u0113nus, triterpeno\u012bdus, azul\u0113nu, tan\u012bnus, flavono\u012bdus un daudzas citas. Gels ir piem\u0113rots sportistiem.<\/p>\n<p><strong>Piesardz\u012bbas pas\u0101kumi:<\/strong> Izvairieties no saskares ar ac\u012bm. Ja nok\u013c\u016bst ac\u012bs, izskalot ar \u016bdeni. Uzglab\u0101t b\u0113rniem nepieejam\u0101 viet\u0101.<\/p>\n<p>Uzglab\u0101t temperat\u016br\u0101 ne augst\u0101k k\u0101 +25 &deg;\u0421 saus\u0101 viet\u0101 prom no apkures ier\u012bc\u0113m, sarg\u0101jot no tie&scaron;iem saules stariem.<br \/>\n&nbsp;<\/p>\n","protected":false},"excerpt":{"rendered":"<p>Gels ar arnikas ekstraktu &#8211; l\u012bdzeklis ar nomierino&scaron;u efektu. Tam ir toniz\u0113jo&scaron;a un atsvaidzino&scaron;a iedarb\u012bba, un to var uzkl\u0101t uz vis\u0101m \u0137erme\u0146a da\u013c\u0101m. Arnica Montana ir augs, kas pal\u012bdz atg\u016bties p\u0113c traum\u0101m un p\u0101rslodzes. Arnikas \u0113terisk\u0101 e\u013c\u013ca satur vair\u0101k nek\u0101 150 akt\u012bv\u0101s vielas, tostarp seskviterp\u0113nus, triterpeno\u012bdus, azul\u0113nu, tan\u012bnus, flavono\u012bdus un daudzas citas. Gels ir piem\u0113rots [&#8230;]\n","protected":false},"featured_media":90018,"template":"","meta":[],"product_cat":[1391],"product_tag":[],"class_list":{"0":"post-32021","1":"product","2":"type-product","3":"status-publish","4":"has-post-thumbnail","6":"product_brand-sale","7":"product_cat-1391","9":"first","10":"outofstock","11":"taxable","12":"shipping-taxable","13":"product-type-simple"},"_links":{"self":[{"href":"https:\/\/e.kosmolat.eu\/lv\/wp-json\/wp\/v2\/product\/32021","targetHints":{"allow":["GET"]}}],"collection":[{"href":"https:\/\/e.kosmolat.eu\/lv\/wp-json\/wp\/v2\/product"}],"about":[{"href":"https:\/\/e.kosmolat.eu\/lv\/wp-json\/wp\/v2\/types\/product"}],"wp:featuredmedia":[{"embeddable":true,"href":"https:\/\/e.kosmolat.eu\/lv\/wp-json\/wp\/v2\/media\/90018"}],"wp:attachment":[{"href":"https:\/\/e.kosmolat.eu\/lv\/wp-json\/wp\/v2\/media?parent=32021"}],"wp:term":[{"taxonomy":"product_cat","embeddable":true,"href":"https:\/\/e.kosmolat.eu\/lv\/wp-json\/wp\/v2\/product_cat?post=32021"},{"taxonomy":"product_tag","embeddable":true,"href":"https:\/\/e.kosmolat.eu\/lv\/wp-json\/wp\/v2\/product_tag?post=32021"}],"curies":[{"name":"wp","href":"https:\/\/api.w.org\/{rel}","templated":true}]}}