{"id":32017,"date":"2023-12-19T23:14:53","date_gmt":"2023-12-19T23:14:53","guid":{"rendered":"https:\/\/e.kosmolat.eu\/product\/refrigerans-active-krems-75-ml\/"},"modified":"2026-04-17T06:28:21","modified_gmt":"2026-04-17T06:28:21","slug":"refrigerans-active-krems-75-ml","status":"publish","type":"product","link":"https:\/\/e.kosmolat.eu\/lv\/product\/refrigerans-active-krems-75-ml\/","title":{"rendered":"REFRIGERANS Active Kr\u0113ms, 75 ml"},"content":{"rendered":"<p>Atv\u0113sino&scaron;s kr\u0113ms mazina diskomfortu p\u0113c smagas fiziskas slodzes un ilgsto&scaron;as s\u0113d\u0113&scaron;anas. Kr\u0113mam ir uzmundrino&scaron;a un aromaterapeitiska iedarb\u012bba, kas mazina spriedzi un nogurumu. Nomierina \u0101du p\u0113c apdegumiem un kukai\u0146u kodumiem. Produkts piem\u0113rots ar\u012b sausai un jut\u012bgai \u0101dai.<\/p>\n<p><strong>Lieto&scaron;ana: <\/strong>uzkl\u0101t ar viegl\u0101m mas\u0101\u017eas kust\u012bb\u0101m. Lietot 2-3 reizes dien\u0101.<\/p>\n<p><strong>Piesardz\u012bbas pas\u0101kumi:<\/strong> izvairieties no saskares ar ac\u012bm. Ja nok\u013c\u016bst ac\u012bs, izskalot ar \u016bdeni. Uzglab\u0101t b\u0113rniem nepieejam\u0101 viet\u0101.<\/p>\n<p>Uzglab\u0101t temperat\u016br\u0101 ne augst\u0101k k\u0101 +25 &deg;\u0421 saus\u0101 viet\u0101 prom no apkures ier\u012bc\u0113m, sarg\u0101jot no tie&scaron;iem saules stariem.<br \/>\n&nbsp;<\/p>\n","protected":false},"excerpt":{"rendered":"<p>Atv\u0113sino&scaron;s kr\u0113ms mazina diskomfortu p\u0113c smagas fiziskas slodzes un ilgsto&scaron;as s\u0113d\u0113&scaron;anas. Kr\u0113mam ir uzmundrino&scaron;a un aromaterapeitiska iedarb\u012bba, kas mazina spriedzi un nogurumu. Nomierina \u0101du p\u0113c apdegumiem un kukai\u0146u kodumiem. Produkts piem\u0113rots ar\u012b sausai un jut\u012bgai \u0101dai. Lieto&scaron;ana: uzkl\u0101t ar viegl\u0101m mas\u0101\u017eas kust\u012bb\u0101m. Lietot 2-3 reizes dien\u0101. Piesardz\u012bbas pas\u0101kumi: izvairieties no saskares ar ac\u012bm. Ja nok\u013c\u016bst [&#8230;]\n","protected":false},"featured_media":90014,"template":"","meta":[],"product_cat":[1999],"product_tag":[],"class_list":{"0":"post-32017","1":"product","2":"type-product","3":"status-publish","4":"has-post-thumbnail","6":"product_brand-sale","7":"product_cat-bez-kategorijas","9":"first","10":"instock","11":"taxable","12":"shipping-taxable","13":"product-type-simple"},"_links":{"self":[{"href":"https:\/\/e.kosmolat.eu\/lv\/wp-json\/wp\/v2\/product\/32017","targetHints":{"allow":["GET"]}}],"collection":[{"href":"https:\/\/e.kosmolat.eu\/lv\/wp-json\/wp\/v2\/product"}],"about":[{"href":"https:\/\/e.kosmolat.eu\/lv\/wp-json\/wp\/v2\/types\/product"}],"wp:featuredmedia":[{"embeddable":true,"href":"https:\/\/e.kosmolat.eu\/lv\/wp-json\/wp\/v2\/media\/90014"}],"wp:attachment":[{"href":"https:\/\/e.kosmolat.eu\/lv\/wp-json\/wp\/v2\/media?parent=32017"}],"wp:term":[{"taxonomy":"product_cat","embeddable":true,"href":"https:\/\/e.kosmolat.eu\/lv\/wp-json\/wp\/v2\/product_cat?post=32017"},{"taxonomy":"product_tag","embeddable":true,"href":"https:\/\/e.kosmolat.eu\/lv\/wp-json\/wp\/v2\/product_tag?post=32017"}],"curies":[{"name":"wp","href":"https:\/\/api.w.org\/{rel}","templated":true}]}}