{"id":32013,"date":"2023-12-19T23:14:35","date_gmt":"2023-12-19T23:14:35","guid":{"rendered":"https:\/\/e.kosmolat.eu\/product\/troxigel-gels-kaju-adas-kopsanai-75-ml\/"},"modified":"2025-09-20T02:29:05","modified_gmt":"2025-09-20T02:29:05","slug":"troxigel-gels-kaju-adas-kopsanai-75-ml","status":"publish","type":"product","link":"https:\/\/e.kosmolat.eu\/lv\/product\/troxigel-gels-kaju-adas-kopsanai-75-ml\/","title":{"rendered":"TROXIGEL Gels k\u0101ju \u0101das kop\u0161anai, 75 ml"},"content":{"rendered":"<p>Nov\u0113r&scaron; smaguma un noguruma saj\u016btu k\u0101j\u0101s. Ar toniz\u0113jo&scaron;u efektu.<\/p>\n<p><strong>Akt\u012bv\u0101s vielas:<\/strong><br \/>\n&bull; Trokserut\u012bns<br \/>\n&bull; Pantenols<br \/>\n&bull; Kli\u0146\u0123er\u012b&scaron;u ekstrakts<br \/>\n&bull; Medus ekstrakts<\/p>\n<p><strong>Lieto&scaron;ana:<\/strong> lietot 2-3 reizes dien\u0101. Ar viegl\u0101m mas\u0101\u017eas kust\u012bb\u0101m uzkl\u0101t uz problem\u0101tiskaj\u0101m zon\u0101m, l\u012bdz piln\u012bb\u0101 uzs\u016bcas.<\/p>\n<p>Uzglab\u0101t temperat\u016br\u0101 no +5 &deg;C l\u012bdz +25 &deg;C, b\u0113rniem nepieejam\u0101 viet\u0101.<br \/>\n&nbsp;<\/p>\n","protected":false},"excerpt":{"rendered":"<p>Nov\u0113r&scaron; smaguma un noguruma saj\u016btu k\u0101j\u0101s. Ar toniz\u0113jo&scaron;u efektu. Akt\u012bv\u0101s vielas: &bull; Trokserut\u012bns &bull; Pantenols &bull; Kli\u0146\u0123er\u012b&scaron;u ekstrakts &bull; Medus ekstrakts Lieto&scaron;ana: lietot 2-3 reizes dien\u0101. Ar viegl\u0101m mas\u0101\u017eas kust\u012bb\u0101m uzkl\u0101t uz problem\u0101tiskaj\u0101m zon\u0101m, l\u012bdz piln\u012bb\u0101 uzs\u016bcas. Uzglab\u0101t temperat\u016br\u0101 no +5 &deg;C l\u012bdz +25 &deg;C, b\u0113rniem nepieejam\u0101 viet\u0101. &nbsp;<\/p>\n","protected":false},"featured_media":90010,"template":"","meta":[],"product_cat":[1761],"product_tag":[],"class_list":{"0":"post-32013","1":"product","2":"type-product","3":"status-publish","4":"has-post-thumbnail","6":"product_brand-sale","7":"product_cat-kaju-kopsanas-kosmetika","9":"first","10":"outofstock","11":"taxable","12":"shipping-taxable","13":"product-type-simple"},"_links":{"self":[{"href":"https:\/\/e.kosmolat.eu\/lv\/wp-json\/wp\/v2\/product\/32013","targetHints":{"allow":["GET"]}}],"collection":[{"href":"https:\/\/e.kosmolat.eu\/lv\/wp-json\/wp\/v2\/product"}],"about":[{"href":"https:\/\/e.kosmolat.eu\/lv\/wp-json\/wp\/v2\/types\/product"}],"wp:featuredmedia":[{"embeddable":true,"href":"https:\/\/e.kosmolat.eu\/lv\/wp-json\/wp\/v2\/media\/90010"}],"wp:attachment":[{"href":"https:\/\/e.kosmolat.eu\/lv\/wp-json\/wp\/v2\/media?parent=32013"}],"wp:term":[{"taxonomy":"product_cat","embeddable":true,"href":"https:\/\/e.kosmolat.eu\/lv\/wp-json\/wp\/v2\/product_cat?post=32013"},{"taxonomy":"product_tag","embeddable":true,"href":"https:\/\/e.kosmolat.eu\/lv\/wp-json\/wp\/v2\/product_tag?post=32013"}],"curies":[{"name":"wp","href":"https:\/\/api.w.org\/{rel}","templated":true}]}}