{"id":32001,"date":"2023-12-19T23:13:47","date_gmt":"2023-12-19T23:13:47","guid":{"rendered":"https:\/\/e.kosmolat.eu\/product\/kapo-sensitive-skusanas-krems-100-ml\/"},"modified":"2026-04-01T07:59:42","modified_gmt":"2026-04-01T07:59:42","slug":"kapo-sensitive-skusanas-krems-100-ml","status":"publish","type":"product","link":"https:\/\/e.kosmolat.eu\/lv\/product\/kapo-sensitive-skusanas-krems-100-ml\/","title":{"rendered":"KAPO Sensitive Sk\u016b\u0161an\u0101s kr\u0113ms, 100 ml"},"content":{"rendered":"<p>Veido bag\u0101t\u012bgas putas, m\u012bkstina cietos mati\u0146us un nodro\u0161ina vieglu, gludu sk\u016b\u0161anos. Formula ir bag\u0101tin\u0101ta ar liepas ekstraktu, alanto\u012bnu un pantenolu, kas pal\u012bdz aizsarg\u0101t \u0101du un uztur\u0113t optim\u0101lu mitruma l\u012bmeni sk\u016b\u0161an\u0101s laik\u0101. Piem\u0113rots jut\u012bgai \u0101dai. Nelietot uz iekaisu\u0161as vai boj\u0101tas \u0101das!<\/p>\n<p>Lieto\u0161ana: izmantojot sk\u016b\u0161an\u0101s oti\u0146u, ar ap\u013cveida kust\u012bb\u0101m uzkl\u0101jiet pietiekamu daudzumu kr\u0113ma uz mitras \u0101das.<\/p>\n","protected":false},"excerpt":{"rendered":"<p>Veido bag\u0101t\u012bgas putas, m\u012bkstina cietos mati\u0146us un nodro\u0161ina vieglu, gludu sk\u016b\u0161anos. Formula ir bag\u0101tin\u0101ta ar liepas ekstraktu, alanto\u012bnu un pantenolu, kas pal\u012bdz aizsarg\u0101t \u0101du un uztur\u0113t optim\u0101lu mitruma l\u012bmeni sk\u016b\u0161an\u0101s laik\u0101. Piem\u0113rots jut\u012bgai \u0101dai. Nelietot uz iekaisu\u0161as vai boj\u0101tas \u0101das! Lieto\u0161ana: izmantojot sk\u016b\u0161an\u0101s oti\u0146u, ar ap\u013cveida kust\u012bb\u0101m uzkl\u0101jiet pietiekamu daudzumu kr\u0113ma uz mitras \u0101das.<\/p>\n","protected":false},"featured_media":90510,"template":"","meta":[],"product_cat":[1682],"product_tag":[],"class_list":{"0":"post-32001","1":"product","2":"type-product","3":"status-publish","4":"has-post-thumbnail","6":"product_brand-danhson_bg","7":"product_cat-kosmetika-skutimuisi","9":"first","10":"outofstock","11":"taxable","12":"shipping-taxable","13":"product-type-simple"},"_links":{"self":[{"href":"https:\/\/e.kosmolat.eu\/lv\/wp-json\/wp\/v2\/product\/32001","targetHints":{"allow":["GET"]}}],"collection":[{"href":"https:\/\/e.kosmolat.eu\/lv\/wp-json\/wp\/v2\/product"}],"about":[{"href":"https:\/\/e.kosmolat.eu\/lv\/wp-json\/wp\/v2\/types\/product"}],"wp:featuredmedia":[{"embeddable":true,"href":"https:\/\/e.kosmolat.eu\/lv\/wp-json\/wp\/v2\/media\/90510"}],"wp:attachment":[{"href":"https:\/\/e.kosmolat.eu\/lv\/wp-json\/wp\/v2\/media?parent=32001"}],"wp:term":[{"taxonomy":"product_cat","embeddable":true,"href":"https:\/\/e.kosmolat.eu\/lv\/wp-json\/wp\/v2\/product_cat?post=32001"},{"taxonomy":"product_tag","embeddable":true,"href":"https:\/\/e.kosmolat.eu\/lv\/wp-json\/wp\/v2\/product_tag?post=32001"}],"curies":[{"name":"wp","href":"https:\/\/api.w.org\/{rel}","templated":true}]}}