{"id":31997,"date":"2023-12-19T23:13:28","date_gmt":"2023-12-19T23:13:28","guid":{"rendered":"https:\/\/e.kosmolat.eu\/product\/%d0%baas%d0%be-classic-skusanas-krems-100-ml\/"},"modified":"2026-04-01T07:51:38","modified_gmt":"2026-04-01T07:51:38","slug":"%d0%baas%d0%be-classic-skusanas-krems-100-ml","status":"publish","type":"product","link":"https:\/\/e.kosmolat.eu\/lv\/product\/%d0%baas%d0%be-classic-skusanas-krems-100-ml\/","title":{"rendered":"\u041a\u0104\u0160\u041e Classic Sk\u016b\u0161anas kr\u0113ms, 100 ml"},"content":{"rendered":"<p>Veido bag\u0101t\u012bgas putas, m\u012bkstina cietos mati\u0146us, nodro&scaron;inot \u0113rtu un gludu sk\u016b&scaron;anos. Piem\u0113rots visiem \u0101das tipiem. Nelietot uz iekaisu&scaron;as vai boj\u0101tas \u0101das!<\/p>\n<p><strong>Lieto&scaron;ana: <\/strong>izmantojot sk\u016b&scaron;an\u0101s oti\u0146u, ar ap\u013cveida kust\u012bb\u0101m uzkl\u0101t pietiekamu daudzumu kr\u0113ma uz mitras \u0101das.<br \/>\n&nbsp;<\/p>\n","protected":false},"excerpt":{"rendered":"<p>Veido bag\u0101t\u012bgas putas, m\u012bkstina cietos mati\u0146us, nodro&scaron;inot \u0113rtu un gludu sk\u016b&scaron;anos. Piem\u0113rots visiem \u0101das tipiem. Nelietot uz iekaisu&scaron;as vai boj\u0101tas \u0101das! Lieto&scaron;ana: izmantojot sk\u016b&scaron;an\u0101s oti\u0146u, ar ap\u013cveida kust\u012bb\u0101m uzkl\u0101t pietiekamu daudzumu kr\u0113ma uz mitras \u0101das. &nbsp;<\/p>\n","protected":false},"featured_media":90494,"template":"","meta":[],"product_cat":[1680],"product_tag":[],"class_list":{"0":"post-31997","1":"product","2":"type-product","3":"status-publish","4":"has-post-thumbnail","6":"product_brand-danhson_bg","7":"product_cat-skusanas-kosmetika","9":"first","10":"instock","11":"taxable","12":"shipping-taxable","13":"product-type-simple"},"_links":{"self":[{"href":"https:\/\/e.kosmolat.eu\/lv\/wp-json\/wp\/v2\/product\/31997","targetHints":{"allow":["GET"]}}],"collection":[{"href":"https:\/\/e.kosmolat.eu\/lv\/wp-json\/wp\/v2\/product"}],"about":[{"href":"https:\/\/e.kosmolat.eu\/lv\/wp-json\/wp\/v2\/types\/product"}],"wp:featuredmedia":[{"embeddable":true,"href":"https:\/\/e.kosmolat.eu\/lv\/wp-json\/wp\/v2\/media\/90494"}],"wp:attachment":[{"href":"https:\/\/e.kosmolat.eu\/lv\/wp-json\/wp\/v2\/media?parent=31997"}],"wp:term":[{"taxonomy":"product_cat","embeddable":true,"href":"https:\/\/e.kosmolat.eu\/lv\/wp-json\/wp\/v2\/product_cat?post=31997"},{"taxonomy":"product_tag","embeddable":true,"href":"https:\/\/e.kosmolat.eu\/lv\/wp-json\/wp\/v2\/product_tag?post=31997"}],"curies":[{"name":"wp","href":"https:\/\/api.w.org\/{rel}","templated":true}]}}